{"id":681,"date":"2019-08-26T14:46:22","date_gmt":"2019-08-26T18:46:22","guid":{"rendered":"https:\/\/compass.machinedev.ca\/?page_id=681"},"modified":"2021-08-31T10:36:58","modified_gmt":"2021-08-31T14:36:58","slug":"questions-frequemment-posees","status":"publish","type":"page","link":"https:\/\/www.compassexams.ca\/fr\/ressources\/questions-frequemment-posees\/","title":{"rendered":"Questions fr\u00e9quemment pos\u00e9es"},"content":{"rendered":"<section class=\"section section--accordion\">\n  <div class=\"grid-container\">\n    <ul class=\"accordion\" data-accordion data-allow-all-closed=\"true\">\n                    <li class=\"accordion-item\" data-accordion-item>\n                <a href=\"#\" class=\"accordion-title\">Je n\u2019ai jamais pass\u00e9 d\u2019\u00e9valuation de grande ampleur dans le pass\u00e9. \u00c0 quoi dois-je m\u2019attendre\u2009?<\/a>\n                <div class=\"accordion-content\" data-tab-content>\n                  <p>L\u2019Examen d\u2019inscription est administr\u00e9 au moyen de protocoles en ligne. Les candidats ne peuvent passer l\u2019examen qu\u2019en utilisant la technologie de surveillance \u00e0 distance. L\u2019administration de l\u2019examen dans un centre d\u2019examen est r\u00e9serv\u00e9e aux candidats qui se sont vus accorder des mesures d\u2019adaptation emp\u00eachant la surveillance \u00e0 distance. Les candidats qui passent l\u2019Examen d\u2019inscription avec surveillance \u00e0 distance doivent porter une attention particuli\u00e8re aux responsabilit\u00e9s, exigences, r\u00e8glements et protocoles \u00e0 suivre. Ce choix fait aussi l\u2019objet d\u2019un Accord avec les candidats et candidates compl\u00e9mentaire.<br \/>\r\n<br \/>\r\nCes \u00e9valuations sont strictement supervis\u00e9es par des surveillants form\u00e9s pour normaliser l\u2019exp\u00e9rience du test. Vous devrez lui pr\u00e9senter deux pi\u00e8ces d\u2019identit\u00e9. Si vous passez l&rsquo;examen dans un centre de test, pendant l\u2019examen, vous ne serez pas autoris\u00e9 \u00e0 communiquer avec les autres candidats, apporter d\u2019effets personnels dans la salle d\u2019examen, ou utiliser de dictionnaire. Une politique d\u2019entr\u00e9e et de sortie veille \u00e0 ce que seules les personnes qui doivent passer l\u2019examen soient admises dans la salle. Le temps imparti est de 3 heures, \u00e0 moins d\u2019un accommodement particulier approuv\u00e9 au pr\u00e9alable.<br \/>\r\n<br \/>\r\nVous utiliserez un ordinateur fourni par le centre de test et devez arriver avec le mot de passe que vous avez cr\u00e9\u00e9 afin de r\u00e9ussir votre connexion \u00e0 l\u2019Examen. Vous devez utiliser le bloc-notes \u00e9lectronique dans la barre des t\u00e2ches de l&rsquo;examen si vous souhaitez prendre des notes. Le bloc-notes enregistre vos notes automatiquement.<br \/>\r\n<br \/>\r\nLes candidats qui optent pour l\u2019administration de l\u2019Examen avec surveillance \u00e0 distance doivent se conformer aux r\u00e8glements et protocoles d\u00e9crits dans le Manuel des ressources. Chaque candidat ou candidate doit s\u2019assurer d\u2019avoir une pi\u00e8ce ou un autre endroit s\u00e9curis\u00e9 et en ordre o\u00f9 la connexion \u00e0 Internet est possible pour passer l\u2019Examen d\u2019inscription surveill\u00e9 \u00e0 distance. Cet endroit peut \u00eatre \u00e0 la maison, mais dans une pi\u00e8ce o\u00f9 on ne viendra pas vous d\u00e9ranger. Si vous n\u2019avez pas acc\u00e8s \u00e0 un endroit qui r\u00e9pond \u00e0 ces exigences de base, nous vous recommandons de communiquer avec une biblioth\u00e8que, une universit\u00e9 ou autre \u00e9tablissement dans votre r\u00e9gion pour savoir si vous pourrez vous servir d\u2019une de ses salles. Les sp\u00e9cifications relatives au mat\u00e9riel et \u00e0 la bande passante Internet des candidats et candidates doivent \u00eatre v\u00e9rifi\u00e9es \u00e0 l\u2019avance par MonitorEDU. Vous utiliserez l\u2019ordinateur de votre choix et vous devez avoir en votre possession le mot de passe de l&rsquo;ordinateur que vous avez cr\u00e9\u00e9 afin de vous connecter avec succ\u00e8s \u00e0 l&rsquo;examen. Vous devez utiliser le bloc-notes \u00e9lectronique sur la barre des t\u00e2ches de l&rsquo;examen si vous souhaitez prendre des notes. Le bloc-notes enregistre vos notes automatiquement.<br \/>\r\n<\/p>\n                <\/div>\n              <\/li>\n                            <li class=\"accordion-item\" data-accordion-item>\n                <a href=\"#\" class=\"accordion-title\">Comment puis-je me pr\u00e9parer pour un examen fond\u00e9 sur les comp\u00e9tences\u2009?<\/a>\n                <div class=\"accordion-content\" data-tab-content>\n                  <p>Ces examens se concentrent sur l\u2019\u00e9valuation de degr\u00e9 avec lequel les candidats savent utiliser leurs connaissances professionnelles en les appliquant aux contextes qui leur sont pr\u00e9sent\u00e9s \u00e0 l\u2019examen. L\u2019Examen d\u2019inscription se base sur le Profil des comp\u00e9tences d\u2019admission \u00e0 votre profession. Conna\u00eetre les comp\u00e9tences requises dans ce Profil et les appliquer \u00e0 une vari\u00e9t\u00e9 de situations est utile.<br \/>\r\n<br \/>\r\nLes \u00e9tudes de cas dans lesquelles vous r\u00e9fl\u00e9chissez aux actions qui sont dans le meilleur int\u00e9r\u00eat du client sont une excellente mani\u00e8re de vous pr\u00e9parer \u00e0 ces examens. Les \u00e9tudes de cas sont utiles, car elles demandent les m\u00eames types de collecte d\u2019information et de prise de d\u00e9cision que les simulations. Les simulations peuvent \u00eatre vues un peu comme des d\u00e9constructions d\u2019\u00e9tude de cas s\u00e9ance par s\u00e9ance. Les notes des s\u00e9ances de supervision sont \u00e9galement utiles pour guider la collecte d\u2019information et la prise de d\u00e9cision fond\u00e9es sur les comp\u00e9tences. Comme pour les \u00e9tudes de cas, elles se focalisent sur des actions sp\u00e9cifiques au contexte effectu\u00e9es par le praticien en relation aux comp\u00e9tences professionnelles.<\/p>\n                <\/div>\n              <\/li>\n                            <li class=\"accordion-item\" data-accordion-item>\n                <a href=\"#\" class=\"accordion-title\">Comment fonctionne la pond\u00e9ration des options\u2009? Comment savoir combien d\u2019options choisir au cours d\u2019une simulation\u2009? Que se passe-t-il si je choisis trop ou pas assez de r\u00e9ponses\u2009?<\/a>\n                <div class=\"accordion-content\" data-tab-content>\n                  <p>Lisez attentivement chaque section. Suivez toutes les instructions. Lorsqu\u2019on vous demande de donner des informations relatives \u00e0 un moment pr\u00e9cis (p. ex. dans la pr\u00e9sente s\u00e9ance ou la s\u00e9ance suivante), cliquez uniquement sur les r\u00e9ponses qui se rapportent \u00e0 ce moment pr\u00e9cis. Souvenez-vous qu\u2019une fois que vous avez cliqu\u00e9 sur une option, vous ne pouvez plus revenir en arri\u00e8re.<br \/>\r\n<br \/>\r\nComme dans le monde r\u00e9el, gardez l\u2019environnement du client \u00e0 l\u2019esprit, ce que vous savez d\u00e9j\u00e0 et quels sont vos objectifs en s\u00e9lectionnant vos options.<br \/>\r\n<br \/>\r\nComme indiqu\u00e9 dans le Manuel des rune valeur en points est associ\u00e9e \u00e0 toutes les options de l\u2019examen.<br \/>\r\n<br \/>\r\nS\u00e9lection excessive : Les options sont pond\u00e9r\u00e9es sur une \u00e9chelle de +3 \u00e0 -3, bas\u00e9e sur les soins du client. Si vous choisissez toutes les options, vous aurez choisi les options ayant des valeurs positives et n\u00e9gatives. Vos points n\u00e9gatifs affecteront vos points positifs (c.-\u00e0-d. choisir 3 options ayant une valeur de -2 chacune annulera le choix de 3 options avec une valeur de +2 chacune, ce qui entra\u00eenera un score de 0 point).<br \/>\r\n<br \/>\r\nS\u00e9lection insuffisante : Les options sont pond\u00e9r\u00e9es sur une \u00e9chelle de +3 \u00e0 -3, bas\u00e9e sur les soins du client. Si vous ne choisissez presque aucune option, vous n\u2019aurez vraisemblablement pas assez de points pour obtenir la note de passage exig\u00e9e pour cette section. (Par exemple, si 6 points sont n\u00e9cessaires pour r\u00e9ussir une section de simulation particuli\u00e8re, et une seule s\u00e9lection est faite, le maximum de points possibles serait +3. Si une s\u00e9lection a une valeur de +3, le score total serait de 3 points sous la note de passage de la section.)<br \/>\r\n<br \/>\r\nChaque section et chaque simulation est unique. Dans n\u2019importe quelle section ou simulation donn\u00e9e, aucune quantit\u00e9 particuli\u00e8re d\u2019options n\u2019est positive, et aucune quantit\u00e9 particuli\u00e8re d\u2019options n\u2019est n\u00e9gative. Toutes les options sont associ\u00e9es \u00e0 une valeur pond\u00e9r\u00e9e bas\u00e9e sur le profil des comp\u00e9tences et l\u2019environnement du client. En d\u2019autres termes, vous pourriez trouver une section comprenant 10 options : 3 options pourraient avoir une valeur de -1; 3 options pourraient avoir une valeur de +2; 2 options pourraient avoir une valeur de +1; et 2 options pourraient avoir une valeur de -2. Une autre section pourrait aussi comprendre 10 options, mais il n\u2019y a que 4 options ayant une valeur de -2; 4 options ayant une valeur de +2; 1 option ayant une valeur de -1; et 1 option ayant une valeur de +1. Cela signifie que lorsque vous r\u00e9fl\u00e9chissez au choix des options dans cet examen, vous devez garder \u00e0 l\u2019esprit l\u2019environnement du client, ce que vous connaissez d\u00e9j\u00e0 \u00e0 propos de lui, votre objectif et ce que seraient de bons soins pour le client. Cela signifie \u00e9galement qu\u2019il serait inutile de choisir des options bas\u00e9es sur le nombre d\u2019options disponibles.<br \/>\r\n<br \/>\r\nLa note de passage en mati\u00e8re de collecte d\u2019informations et de prise de d\u00e9cision se base sur les bons soins au client. Pour r\u00e9ussir l\u2019examen, vous devez obtenir la note de passage (bons soins au client) en mati\u00e8re de collecte d\u2019informations et de prise de d\u00e9cision. Si, par exemple, votre note est inf\u00e9rieure \u00e0 la note de passage dans la section d\u2019une simulation particuli\u00e8re, vous pouvez encore obtenir la note de passage en obtenant une note suffisamment sup\u00e9rieure \u00e0 la note de passage d\u2019une autre section. Vous trouverez ci-dessous un exemple des divers choix que pour pourriez faire et leurs cons\u00e9quences sur l\u2019obtention des points.<br \/>\r\n<br \/>\r\nExemple : Simulation X<br \/>\r\nSection Y<br \/>\r\n<br \/>\r\nL\u2019\u00e9nonc\u00e9 du contexte se situe ici.<br \/>\r\nOption 1 (+2)<br \/>\r\nOption 2 (-1)<br \/>\r\nOption 4 (-2)<br \/>\r\nOption 5 (+1)<br \/>\r\nOption 6 (+1)<br \/>\r\nOption 7 (-2)<br \/>\r\nOption 8 (+1)<br \/>\r\nOption 9 (+1)<br \/>\r\nOption 10 (-2)<br \/>\r\nOption 11 (+2)<br \/>\r\nOption 12 (-1)<br \/>\r\n<br \/>\r\nExplication :<br \/>\r\nSi le candidat A choisissait les options 1, 6, 9 et 11, le score serait de 6.<br \/>\r\nSi le candidat B choisissait les options 1, 4, 5, 6 et 11, le score serait de 4.<br \/>\r\nSi le candidat C choisissait toutes les options, le score serait de 0.<br \/>\r\nSi le candidat D ne choisissait aucune option, le score serait de 0.<br \/>\r\nSi le candidat E choisissait les options 1, 2, 4, 7 et 11, le score serait de -1.<br \/>\r\nSi le candidat F choisissait les options 1, 5, 6, 8, 9 et 11, le score serait de 8.<br \/>\r\n<br \/>\r\nSi la note de passage pour la section \u00e9tait de 6, alors :<br \/>\r\n\u2013 Le candidat A (qui a choisi un total de 4 options) et le candidat F (qui a choisi un total de 6 options) r\u00e9ussiraient cette section.<br \/>\r\n\u2013 Le candidat B (qui a choisi 5 options), le candidat C (qui a choisi 12 options) et le candidat D (qui a choisi 4 options) ne r\u00e9ussiraient pas cette section.<\/p>\n                <\/div>\n              <\/li>\n                            <li class=\"accordion-item\" data-accordion-item>\n                <a href=\"#\" class=\"accordion-title\">Que se passe-t-il si j\u2019omets une simulation\u2009?<\/a>\n                <div class=\"accordion-content\" data-tab-content>\n                  <p>Si vous choisissez de passer une simulation en ne choisissant aucune r\u00e9ponse \u00e0 aucune section, vous ne pourrez PAS retourner \u00e0 cette simulation. Si vous choisissez d\u2019omettre une section de simulation en ne s\u00e9lectionnant aucune r\u00e9ponse dans la fen\u00eatre de la section, vous ne pourrez PAS retourner \u00e0 cette section pour y ins\u00e9rer une r\u00e9ponse. Votre score dans cette simulation se basera sur les s\u00e9lections que vous avez faites jusqu\u2019au moment o\u00f9 vous avez choisi de passer une section, et sur toute s\u00e9lection que vous pourriez faire dans les sections restantes de la simulation. Cela signifie que vous n\u2019avez pas remport\u00e9 de points dans la\/les section(s) ou la\/les section(s) que vous avez omise(s), pour contribuer aux points vous permettant d\u2019obtenir la note de passage n\u00e9cessaire en mati\u00e8re de prise de d\u00e9cision et\/ou de collecte d\u2019informations.<\/p>\n                <\/div>\n              <\/li>\n                            <li class=\"accordion-item\" data-accordion-item>\n                <a href=\"#\" class=\"accordion-title\">Quels sont les param\u00e9trages utilis\u00e9s dans les simulations\u2009? Et si je n\u2019ai aucune exp\u00e9rience dans un environnement ou avec un type de client particulier\u2009?<\/a>\n                <div class=\"accordion-content\" data-tab-content>\n                  <p>L\u2019Examen d\u2019inscription des psychoth\u00e9rapeutes et des conseillers-th\u00e9rapeutes se fonde sur des candidats qui r\u00e9pondent \u00e0 des exigences \u00e9tablies en mati\u00e8re d\u2019\u00e9ligibilit\u00e9. Une fois inscrits, les psychoth\u00e9rapeutes et les conseillers-th\u00e9rapeutes travaillent dans leur propre champ de pratique et dans les limites de leurs comp\u00e9tences, sans restriction quant au lieu g\u00e9ographique ou \u00e0 un environnement particulier. L\u2019Examen d\u2019inscription se conforme \u00e0 cette exigence. Bien que l\u2019examen offre une vari\u00e9t\u00e9 d\u2019environnements, ce sont les comp\u00e9tences fond\u00e9es sur la profession qui sont \u00e9valu\u00e9es dans chaque simulation. Les environnements sont fournis pour offrir un contexte au candidat et pour r\u00e9pondre \u00e0 la vari\u00e9t\u00e9 des clients et des syst\u00e8mes que les praticiens pourraient avoir \u00e0 affronter, ainsi que la n\u00e9cessit\u00e9 qu\u2019ils ont de fournir de bons soins aux clients, sur la base de comp\u00e9tences professionnelles.<br \/>\r\n<br \/>\r\nL\u2019Examen d\u2019inscription comprend une caract\u00e9ristique \u00ab\u2009Test-Retest\u2009\u00bb gr\u00e2ce \u00e0 laquelle la m\u00eame comp\u00e9tence est \u00e9valu\u00e9e dans diff\u00e9rentes circonstances au cours du m\u00eame examen (c.-\u00e0-d. \u00e9coute active avec une personne \u00e2g\u00e9e et \u00e9coute active avec un jeune enfant; \u00e9valuation du risque dans un \u00e9tablissement en consultation externe et \u00e9valuation du risque dans une pratique priv\u00e9e).<\/p>\n                <\/div>\n              <\/li>\n                            <li class=\"accordion-item\" data-accordion-item>\n                <a href=\"#\" class=\"accordion-title\">\u00c0 quels r\u00e9sultats puis-je m\u2019attendre et quand vais-je les recevoir\u2009?<\/a>\n                <div class=\"accordion-content\" data-tab-content>\n                  <p>Les \u00e9valuations \u00e0 grande \u00e9chelle ne donnent pas de r\u00e9sultats \u00e9l\u00e9ment par \u00e9l\u00e9ment. L\u2019Examen d\u2019inscription suit le protocole commun des \u00e9valuations \u00e0 grande \u00e9chelle en ne fournissant que des r\u00e9sultats sp\u00e9cifiques du candidat par rapport aux domaines g\u00e9n\u00e9raux \u00e9tablis. Dans la feuille de points que vous recevrez, vous trouverez les r\u00e9sultats relatifs \u00e0 la collecte d\u2019informations et \u00e0 la prise de d\u00e9cision, la note de passage requise dans ces deux domaines, ainsi que les scores les plus \u00e9lev\u00e9s des candidats dans ceux-ci pendant la m\u00eame administration que celle o\u00f9 vous avez pass\u00e9 votre test. Vous recevrez les r\u00e9sultats dans les 6 \u00e0 8 semaines suivant l\u2019examen.<\/p>\n                <\/div>\n              <\/li>\n                  <\/ul>\n  <\/div>\n<\/section>\n","protected":false},"excerpt":{"rendered":"","protected":false},"author":1,"featured_media":0,"parent":1025,"menu_order":4,"comment_status":"closed","ping_status":"closed","template":"","meta":{"_acf_changed":false,"footnotes":""},"class_list":["post-681","page","type-page","status-publish","hentry"],"acf":[],"yoast_head":"<!-- This site is optimized with the Yoast SEO plugin v27.4 - https:\/\/yoast.com\/product\/yoast-seo-wordpress\/ -->\n<title>Questions fr\u00e9quemment pos\u00e9es - COMPASS Centre for Examination Development<\/title>\n<meta name=\"robots\" content=\"index, follow, max-snippet:-1, max-image-preview:large, max-video-preview:-1\" \/>\n<link rel=\"canonical\" href=\"https:\/\/www.compassexams.ca\/fr\/questions-frequemment-posees\/\" \/>\n<meta property=\"og:locale\" content=\"fr_FR\" \/>\n<meta property=\"og:type\" content=\"article\" \/>\n<meta property=\"og:title\" content=\"Questions fr\u00e9quemment pos\u00e9es - COMPASS Centre for Examination Development\" \/>\n<meta property=\"og:url\" content=\"https:\/\/www.compassexams.ca\/fr\/questions-frequemment-posees\/\" \/>\n<meta property=\"og:site_name\" content=\"COMPASS Centre for Examination Development\" \/>\n<meta property=\"article:modified_time\" content=\"2021-08-31T14:36:58+00:00\" \/>\n<meta name=\"twitter:card\" content=\"summary_large_image\" \/>\n<script type=\"application\/ld+json\" class=\"yoast-schema-graph\">{\"@context\":\"https:\\\/\\\/schema.org\",\"@graph\":[{\"@type\":\"WebPage\",\"@id\":\"https:\\\/\\\/www.compassexams.ca\\\/fr\\\/questions-frequemment-posees\\\/\",\"url\":\"https:\\\/\\\/www.compassexams.ca\\\/fr\\\/questions-frequemment-posees\\\/\",\"name\":\"Questions fr\u00e9quemment pos\u00e9es - COMPASS Centre for Examination Development\",\"isPartOf\":{\"@id\":\"https:\\\/\\\/www.compassexams.ca\\\/#website\"},\"datePublished\":\"2019-08-26T18:46:22+00:00\",\"dateModified\":\"2021-08-31T14:36:58+00:00\",\"breadcrumb\":{\"@id\":\"https:\\\/\\\/www.compassexams.ca\\\/fr\\\/questions-frequemment-posees\\\/#breadcrumb\"},\"inLanguage\":\"fr-FR\",\"potentialAction\":[{\"@type\":\"ReadAction\",\"target\":[\"https:\\\/\\\/www.compassexams.ca\\\/fr\\\/questions-frequemment-posees\\\/\"]}]},{\"@type\":\"BreadcrumbList\",\"@id\":\"https:\\\/\\\/www.compassexams.ca\\\/fr\\\/questions-frequemment-posees\\\/#breadcrumb\",\"itemListElement\":[{\"@type\":\"ListItem\",\"position\":1,\"name\":\"Home\",\"item\":\"https:\\\/\\\/www.compassexams.ca\\\/fr\\\/\"},{\"@type\":\"ListItem\",\"position\":2,\"name\":\"Questions fr\u00e9quemment pos\u00e9es\"}]},{\"@type\":\"WebSite\",\"@id\":\"https:\\\/\\\/www.compassexams.ca\\\/#website\",\"url\":\"https:\\\/\\\/www.compassexams.ca\\\/\",\"name\":\"COMPASS Centre for Examination Development\",\"description\":\"\",\"potentialAction\":[{\"@type\":\"SearchAction\",\"target\":{\"@type\":\"EntryPoint\",\"urlTemplate\":\"https:\\\/\\\/www.compassexams.ca\\\/?s={search_term_string}\"},\"query-input\":{\"@type\":\"PropertyValueSpecification\",\"valueRequired\":true,\"valueName\":\"search_term_string\"}}],\"inLanguage\":\"fr-FR\"}]}<\/script>\n<!-- \/ Yoast SEO plugin. -->","yoast_head_json":{"title":"Questions fr\u00e9quemment pos\u00e9es - COMPASS Centre for Examination Development","robots":{"index":"index","follow":"follow","max-snippet":"max-snippet:-1","max-image-preview":"max-image-preview:large","max-video-preview":"max-video-preview:-1"},"canonical":"https:\/\/www.compassexams.ca\/fr\/questions-frequemment-posees\/","og_locale":"fr_FR","og_type":"article","og_title":"Questions fr\u00e9quemment pos\u00e9es - COMPASS Centre for Examination Development","og_url":"https:\/\/www.compassexams.ca\/fr\/questions-frequemment-posees\/","og_site_name":"COMPASS Centre for Examination Development","article_modified_time":"2021-08-31T14:36:58+00:00","twitter_card":"summary_large_image","schema":{"@context":"https:\/\/schema.org","@graph":[{"@type":"WebPage","@id":"https:\/\/www.compassexams.ca\/fr\/questions-frequemment-posees\/","url":"https:\/\/www.compassexams.ca\/fr\/questions-frequemment-posees\/","name":"Questions fr\u00e9quemment pos\u00e9es - COMPASS Centre for Examination Development","isPartOf":{"@id":"https:\/\/www.compassexams.ca\/#website"},"datePublished":"2019-08-26T18:46:22+00:00","dateModified":"2021-08-31T14:36:58+00:00","breadcrumb":{"@id":"https:\/\/www.compassexams.ca\/fr\/questions-frequemment-posees\/#breadcrumb"},"inLanguage":"fr-FR","potentialAction":[{"@type":"ReadAction","target":["https:\/\/www.compassexams.ca\/fr\/questions-frequemment-posees\/"]}]},{"@type":"BreadcrumbList","@id":"https:\/\/www.compassexams.ca\/fr\/questions-frequemment-posees\/#breadcrumb","itemListElement":[{"@type":"ListItem","position":1,"name":"Home","item":"https:\/\/www.compassexams.ca\/fr\/"},{"@type":"ListItem","position":2,"name":"Questions fr\u00e9quemment pos\u00e9es"}]},{"@type":"WebSite","@id":"https:\/\/www.compassexams.ca\/#website","url":"https:\/\/www.compassexams.ca\/","name":"COMPASS Centre for Examination Development","description":"","potentialAction":[{"@type":"SearchAction","target":{"@type":"EntryPoint","urlTemplate":"https:\/\/www.compassexams.ca\/?s={search_term_string}"},"query-input":{"@type":"PropertyValueSpecification","valueRequired":true,"valueName":"search_term_string"}}],"inLanguage":"fr-FR"}]}},"_links":{"self":[{"href":"https:\/\/www.compassexams.ca\/fr\/wp-json\/wp\/v2\/pages\/681","targetHints":{"allow":["GET"]}}],"collection":[{"href":"https:\/\/www.compassexams.ca\/fr\/wp-json\/wp\/v2\/pages"}],"about":[{"href":"https:\/\/www.compassexams.ca\/fr\/wp-json\/wp\/v2\/types\/page"}],"author":[{"embeddable":true,"href":"https:\/\/www.compassexams.ca\/fr\/wp-json\/wp\/v2\/users\/1"}],"replies":[{"embeddable":true,"href":"https:\/\/www.compassexams.ca\/fr\/wp-json\/wp\/v2\/comments?post=681"}],"version-history":[{"count":5,"href":"https:\/\/www.compassexams.ca\/fr\/wp-json\/wp\/v2\/pages\/681\/revisions"}],"predecessor-version":[{"id":855,"href":"https:\/\/www.compassexams.ca\/fr\/wp-json\/wp\/v2\/pages\/681\/revisions\/855"}],"up":[{"embeddable":true,"href":"https:\/\/www.compassexams.ca\/fr\/wp-json\/wp\/v2\/pages\/1025"}],"wp:attachment":[{"href":"https:\/\/www.compassexams.ca\/fr\/wp-json\/wp\/v2\/media?parent=681"}],"curies":[{"name":"wp","href":"https:\/\/api.w.org\/{rel}","templated":true}]}}