{"id":608,"date":"2019-07-25T17:02:47","date_gmt":"2019-07-25T21:02:47","guid":{"rendered":"https:\/\/compass.machinedev.ca\/?page_id=608"},"modified":"2019-08-07T15:55:49","modified_gmt":"2019-08-07T19:55:49","slug":"reglementation-au-quebec","status":"publish","type":"page","link":"https:\/\/www.compassexams.ca\/fr\/reglementation-au-quebec\/","title":{"rendered":"R\u00e9glementation au Qu\u00e9bec"},"content":{"rendered":"\n<h5 class=\"wp-block-heading\" style=\"text-align:center\"><strong><em>Courant en date du 5&nbsp;mai 2019<\/em><\/strong><\/h5>\n\n\n\n<p><strong>Statut&nbsp;: r\u00e9glement\u00e9<\/strong><\/p>\n\n\n\n<p><strong>Type de r\u00e9glementation&nbsp;: Titres et port\u00e9e<\/strong><\/p>\n\n\n\n<p><strong>Titres prot\u00e9g\u00e9s&nbsp;: voir ci-dessous<\/strong><\/p>\n\n\n\n<ul class=\"wp-block-list\"><li>Il y a un certain nombre d\u2019ann\u00e9es de cela, les professions r\u00e9glement\u00e9es au Qu\u00e9bec disposaient de leur propre r\u00e9glementation.<\/li><li>Le syst\u00e8me professionnel tel qu\u2019il est connu aujourd\u2019hui a \u00e9t\u00e9 cr\u00e9\u00e9 en 1973 par le \u00ab&nbsp;Code des professions&nbsp;\u00bb.<\/li><li>Actuellement, 53 professions et 45 Ordres\/Coll\u00e8ges sont contr\u00f4l\u00e9s par l\u2019Office des professions du Qu\u00e9bec (un organisme gouvernemental).<\/li><li>La profession de conseiller d\u2019orientation fut la premi\u00e8re profession \u00e0 \u00eatre r\u00e9glement\u00e9e dans le domaine du counseling.<\/li><li>La profession est r\u00e9glement\u00e9e depuis 50 ans au Qu\u00e9bec.<\/li><li>Deux professions ont \u00e9t\u00e9 ajout\u00e9es au syst\u00e8me professionnel dans les ann\u00e9es&nbsp;2000&nbsp;: les \u00ab&nbsp;psycho\u00e9ducateurs&nbsp;\u00bb et les \u00ab&nbsp;th\u00e9rapeutes familiaux et conjugaux&nbsp;\u00bb.<\/li><li>Conseiller d\u2019orientation se traduit en anglais par <em>Guidance Counsellor<\/em>; cependant le terme ne correspond pas au terme <em>Guidance Counsellor<\/em> tel qu\u2019il est connu dans les autres provinces.<\/li><li>Hors du Qu\u00e9bec, on croit que les <em>Guidance Counsellors<\/em> travaillent g\u00e9n\u00e9ralement uniquement dans le syst\u00e8me scolaire \u00e0 cause de leur formation.<\/li><li>Au Qu\u00e9bec, un conseiller d\u2019orientation travaille dans le secteur scolaire (secondaire, coll\u00e8ge et universit\u00e9), mais aussi dans de nombreux autres secteurs, comme la sant\u00e9 mentale, l\u2019emploi, le d\u00e9veloppement organisationnel, le recrutement, la r\u00e9adaptation, etc.<\/li><li>L\u2019organe de r\u00e9glementation des conseillers d\u2019orientation est l\u2019Ordre des conseillers et conseill\u00e8res du Qu\u00e9bec.<\/li><li>Le titre Conseiller d\u2019orientation est un titre prot\u00e9g\u00e9 par l\u2019Ordre des conseillers et conseill\u00e8res du Qu\u00e9bec.<\/li><li>La profession de psycho\u00e9ducateur est r\u00e9glement\u00e9e depuis 2000.<\/li><li>L\u2019organe de r\u00e9glementation des psycho\u00e9ducateurs est l\u2019Ordre des psycho\u00e9ducateurs et psycho\u00e9ducatrices du Qu\u00e9bec.<\/li><li>L\u2019int\u00e9gration des th\u00e9rapeutes familiaux et conjugaux (<em>Family and Marital Therapists<\/em>) dans l\u2019Ordre des travailleurs sociaux a eu lieu en 2001.<\/li><li>Une nouvelle l\u00e9gislation visant \u00e0 r\u00e9server les activit\u00e9s de la profession dans les domaines des relations humaines et de la sant\u00e9 mentale, et de r\u00e9guler la pratique de la psychoth\u00e9rapie au Qu\u00e9bec a \u00e9t\u00e9 introduite en 2008 (Projet de loi&nbsp;21).<\/li><li>Le Projet de loi&nbsp;21 r\u00e9serve plusieurs activit\u00e9s dans le domaine des relations humaines et de la sant\u00e9 mentale aux m\u00e9decins, psychologues, conseillers d\u2019orientation, psycho\u00e9ducateurs, travailleurs sociaux, th\u00e9rapeutes familiaux, ergoth\u00e9rapeutes, infirmi\u00e8res en sant\u00e9 mentale et r\u00e9glemente la pratique de la psychoth\u00e9rapie au Qu\u00e9bec. Il a \u00e9t\u00e9 proclam\u00e9 le 21&nbsp;septembre 2012.<\/li><li>Le R\u00e8glement du Projet de loi&nbsp;21 a \u00e9t\u00e9 approuv\u00e9 le 6&nbsp;d\u00e9cembre 2012.<\/li><li>Ces activit\u00e9s r\u00e9serv\u00e9es peuvent \u00eatre partag\u00e9es entre certaines professions des domaines des relations humaines et de la sant\u00e9 mentale.<\/li><li>Toutes les activit\u00e9s r\u00e9serv\u00e9es doivent \u00eatre effectu\u00e9es dans le contexte de la pratique pour laquelle le praticien est autoris\u00e9.<\/li><li>Les candidats au Qu\u00e9bec doivent r\u00e9ussir l\u2019examen de fran\u00e7ais standard administr\u00e9 par l\u2019Office qu\u00e9b\u00e9cois de la langue fran\u00e7aise, et cela pour pratiquer des activit\u00e9s r\u00e9serv\u00e9es dans n\u2019importe quel Ordre\/Coll\u00e8ge.<\/li><\/ul>\n\n\n\n<ul class=\"wp-block-list\"><li>Afin d\u2019obtenir un permis de pratiquer la psychoth\u00e9rapie, les demandeurs doivent avant tout \u00eatre membres de l\u2019un des 5 ordres\/coll\u00e8ges; ils doivent ensuite suivre les lignes directrices de leur ordre\/coll\u00e8ge pour postuler \u00e0 l\u2019Ordre\/au Coll\u00e8ge des psychologues pour obtenir un permis.<\/li><li>Si un demandeur ne peut se joindre \u00e0 l\u2019un des Ordres\/Coll\u00e8ges, il peut suivre la voie des droits acquis s\u2019il remplit les exigences en la mati\u00e8re. La voie de la reconnaissance des droits acquis a pris fin le 21&nbsp;juin 2014.<\/li><li>La Loi 21 stipule les exigences relatives au maintien de l\u2019autorisation de pratiquer la psychoth\u00e9rapie.<\/li><li>Pour s\u2019assurer que les comp\u00e9tences acquises au cours des \u00e9tudes universitaires soient conformes \u00e0 celles requises pour les professions de conseiller d\u2019orientation et de psycho\u00e9ducateur, la plupart des programmes universitaires ont align\u00e9 leurs comp\u00e9tences avec celles des Ordres.<\/li><li>Les personnes dipl\u00f4m\u00e9es de ces programmes sont automatiquement admises dans les Ordres, si elles en font la demande dans les 5 ans suivant l\u2019obtention de leur dipl\u00f4me et ont pass\u00e9 le test de fran\u00e7ais.<\/li><li>Au Qu\u00e9bec, il existe plusieurs titres en fran\u00e7ais et 2 en anglais qui d\u00e9signent la m\u00eame profession (conseiller d\u2019orientation\/<em>Guidance Counsellor<\/em>). Ils ont les m\u00eames exigences en mati\u00e8re d\u2019inscription.<\/li><li>Le demandeur peut d\u00e9terminer lequel des 6 titres il souhaite utiliser.<\/li><li>Actuellement, l\u2019Ordre des conseillers d\u2019orientation comprend environ 2450 membres.<\/li><li>L\u2019Ordre des psycho\u00e9ducateurs compte environ 3400 membres.<\/li><li>282 th\u00e9rapeutes familiaux et conjugaux sont membres des Ordres des travailleurs sociaux.<\/li><li>Deux ordres suppl\u00e9mentaires ont \u00e9t\u00e9 ajout\u00e9s \u00e0 la liste des professionnels admissibles pour l\u2019obtention du permis de psychoth\u00e9rapeute&nbsp;: sexologue et criminologue.<\/li><li>Les six ordres admissibles au permis de psychoth\u00e9rapeute ont cr\u00e9\u00e9 un guide pour distinguer les activit\u00e9s qui tombent sous la psychoth\u00e9rapie de celles qui n\u2019en rel\u00e8vent pas.<\/li><li>La Commission des normes de l\u2019\u00e9quit\u00e9, de la sant\u00e9 et de la s\u00e9curit\u00e9 au travail (l\u2019\u00e9quivalent du <em>Workers\u2019 Compensation Board<\/em>) a reconnu les praticiens ayant un permis de psychoth\u00e9rapeute pour le remboursement des tiers payants.<\/li><li>La Commission des normes de l\u2019\u00e9quit\u00e9, de la sant\u00e9 et de la s\u00e9curit\u00e9 au travail (l\u2019\u00e9quivalent du <em>Workers\u2019 Compensation Board<\/em>) a reconnu les praticiens ayant un permis de psychoth\u00e9rapeute pour le remboursement des tiers payants.<\/li><\/ul>\n","protected":false},"excerpt":{"rendered":"<p>Courant en date du 5&nbsp;mai 2019 Statut&nbsp;: r\u00e9glement\u00e9 Type de r\u00e9glementation&nbsp;: Titres et port\u00e9e Titres prot\u00e9g\u00e9s&nbsp;: voir ci-dessous Il y a un certain nombre d\u2019ann\u00e9es de cela, les professions r\u00e9glement\u00e9es au Qu\u00e9bec disposaient de leur propre r\u00e9glementation. Le syst\u00e8me professionnel tel qu\u2019il est connu aujourd\u2019hui a \u00e9t\u00e9 cr\u00e9\u00e9 en 1973 par le \u00ab&nbsp;Code des professions&nbsp;\u00bb. [&hellip;]<\/p>\n","protected":false},"author":4,"featured_media":0,"parent":0,"menu_order":0,"comment_status":"closed","ping_status":"closed","template":"","meta":{"_acf_changed":false,"footnotes":""},"class_list":["post-608","page","type-page","status-publish","hentry"],"acf":[],"yoast_head":"<!-- This site is optimized with the Yoast SEO plugin v27.3 - https:\/\/yoast.com\/product\/yoast-seo-wordpress\/ -->\n<title>R\u00e9glementation au Qu\u00e9bec - COMPASS Centre for Examination Development<\/title>\n<meta name=\"robots\" content=\"index, follow, max-snippet:-1, max-image-preview:large, max-video-preview:-1\" \/>\n<link rel=\"canonical\" href=\"https:\/\/www.compassexams.ca\/fr\/reglementation-au-quebec\/\" \/>\n<meta property=\"og:locale\" content=\"fr_FR\" \/>\n<meta property=\"og:type\" content=\"article\" \/>\n<meta property=\"og:title\" content=\"R\u00e9glementation au Qu\u00e9bec - COMPASS Centre for Examination Development\" \/>\n<meta property=\"og:description\" content=\"Courant en date du 5&nbsp;mai 2019 Statut&nbsp;: r\u00e9glement\u00e9 Type de r\u00e9glementation&nbsp;: Titres et port\u00e9e Titres prot\u00e9g\u00e9s&nbsp;: voir ci-dessous Il y a un certain nombre d\u2019ann\u00e9es de cela, les professions r\u00e9glement\u00e9es au Qu\u00e9bec disposaient de leur propre r\u00e9glementation. Le syst\u00e8me professionnel tel qu\u2019il est connu aujourd\u2019hui a \u00e9t\u00e9 cr\u00e9\u00e9 en 1973 par le \u00ab&nbsp;Code des professions&nbsp;\u00bb. [&hellip;]\" \/>\n<meta property=\"og:url\" content=\"https:\/\/www.compassexams.ca\/fr\/reglementation-au-quebec\/\" \/>\n<meta property=\"og:site_name\" content=\"COMPASS Centre for Examination Development\" \/>\n<meta property=\"article:modified_time\" content=\"2019-08-07T19:55:49+00:00\" \/>\n<meta name=\"twitter:card\" content=\"summary_large_image\" \/>\n<meta name=\"twitter:label1\" content=\"Dur\u00e9e de lecture estim\u00e9e\" \/>\n\t<meta name=\"twitter:data1\" content=\"5 minutes\" \/>\n<script type=\"application\/ld+json\" class=\"yoast-schema-graph\">{\"@context\":\"https:\\\/\\\/schema.org\",\"@graph\":[{\"@type\":\"WebPage\",\"@id\":\"https:\\\/\\\/www.compassexams.ca\\\/fr\\\/reglementation-au-quebec\\\/\",\"url\":\"https:\\\/\\\/www.compassexams.ca\\\/fr\\\/reglementation-au-quebec\\\/\",\"name\":\"R\u00e9glementation au Qu\u00e9bec - COMPASS Centre for Examination Development\",\"isPartOf\":{\"@id\":\"https:\\\/\\\/www.compassexams.ca\\\/#website\"},\"datePublished\":\"2019-07-25T21:02:47+00:00\",\"dateModified\":\"2019-08-07T19:55:49+00:00\",\"breadcrumb\":{\"@id\":\"https:\\\/\\\/www.compassexams.ca\\\/fr\\\/reglementation-au-quebec\\\/#breadcrumb\"},\"inLanguage\":\"fr-FR\",\"potentialAction\":[{\"@type\":\"ReadAction\",\"target\":[\"https:\\\/\\\/www.compassexams.ca\\\/fr\\\/reglementation-au-quebec\\\/\"]}]},{\"@type\":\"BreadcrumbList\",\"@id\":\"https:\\\/\\\/www.compassexams.ca\\\/fr\\\/reglementation-au-quebec\\\/#breadcrumb\",\"itemListElement\":[{\"@type\":\"ListItem\",\"position\":1,\"name\":\"Home\",\"item\":\"https:\\\/\\\/www.compassexams.ca\\\/fr\\\/\"},{\"@type\":\"ListItem\",\"position\":2,\"name\":\"R\u00e9glementation au Qu\u00e9bec\"}]},{\"@type\":\"WebSite\",\"@id\":\"https:\\\/\\\/www.compassexams.ca\\\/#website\",\"url\":\"https:\\\/\\\/www.compassexams.ca\\\/\",\"name\":\"COMPASS Centre for Examination Development\",\"description\":\"\",\"potentialAction\":[{\"@type\":\"SearchAction\",\"target\":{\"@type\":\"EntryPoint\",\"urlTemplate\":\"https:\\\/\\\/www.compassexams.ca\\\/?s={search_term_string}\"},\"query-input\":{\"@type\":\"PropertyValueSpecification\",\"valueRequired\":true,\"valueName\":\"search_term_string\"}}],\"inLanguage\":\"fr-FR\"}]}<\/script>\n<!-- \/ Yoast SEO plugin. -->","yoast_head_json":{"title":"R\u00e9glementation au Qu\u00e9bec - COMPASS Centre for Examination Development","robots":{"index":"index","follow":"follow","max-snippet":"max-snippet:-1","max-image-preview":"max-image-preview:large","max-video-preview":"max-video-preview:-1"},"canonical":"https:\/\/www.compassexams.ca\/fr\/reglementation-au-quebec\/","og_locale":"fr_FR","og_type":"article","og_title":"R\u00e9glementation au Qu\u00e9bec - COMPASS Centre for Examination Development","og_description":"Courant en date du 5&nbsp;mai 2019 Statut&nbsp;: r\u00e9glement\u00e9 Type de r\u00e9glementation&nbsp;: Titres et port\u00e9e Titres prot\u00e9g\u00e9s&nbsp;: voir ci-dessous Il y a un certain nombre d\u2019ann\u00e9es de cela, les professions r\u00e9glement\u00e9es au Qu\u00e9bec disposaient de leur propre r\u00e9glementation. Le syst\u00e8me professionnel tel qu\u2019il est connu aujourd\u2019hui a \u00e9t\u00e9 cr\u00e9\u00e9 en 1973 par le \u00ab&nbsp;Code des professions&nbsp;\u00bb. [&hellip;]","og_url":"https:\/\/www.compassexams.ca\/fr\/reglementation-au-quebec\/","og_site_name":"COMPASS Centre for Examination Development","article_modified_time":"2019-08-07T19:55:49+00:00","twitter_card":"summary_large_image","twitter_misc":{"Dur\u00e9e de lecture estim\u00e9e":"5 minutes"},"schema":{"@context":"https:\/\/schema.org","@graph":[{"@type":"WebPage","@id":"https:\/\/www.compassexams.ca\/fr\/reglementation-au-quebec\/","url":"https:\/\/www.compassexams.ca\/fr\/reglementation-au-quebec\/","name":"R\u00e9glementation au Qu\u00e9bec - COMPASS Centre for Examination Development","isPartOf":{"@id":"https:\/\/www.compassexams.ca\/#website"},"datePublished":"2019-07-25T21:02:47+00:00","dateModified":"2019-08-07T19:55:49+00:00","breadcrumb":{"@id":"https:\/\/www.compassexams.ca\/fr\/reglementation-au-quebec\/#breadcrumb"},"inLanguage":"fr-FR","potentialAction":[{"@type":"ReadAction","target":["https:\/\/www.compassexams.ca\/fr\/reglementation-au-quebec\/"]}]},{"@type":"BreadcrumbList","@id":"https:\/\/www.compassexams.ca\/fr\/reglementation-au-quebec\/#breadcrumb","itemListElement":[{"@type":"ListItem","position":1,"name":"Home","item":"https:\/\/www.compassexams.ca\/fr\/"},{"@type":"ListItem","position":2,"name":"R\u00e9glementation au Qu\u00e9bec"}]},{"@type":"WebSite","@id":"https:\/\/www.compassexams.ca\/#website","url":"https:\/\/www.compassexams.ca\/","name":"COMPASS Centre for Examination Development","description":"","potentialAction":[{"@type":"SearchAction","target":{"@type":"EntryPoint","urlTemplate":"https:\/\/www.compassexams.ca\/?s={search_term_string}"},"query-input":{"@type":"PropertyValueSpecification","valueRequired":true,"valueName":"search_term_string"}}],"inLanguage":"fr-FR"}]}},"_links":{"self":[{"href":"https:\/\/www.compassexams.ca\/fr\/wp-json\/wp\/v2\/pages\/608","targetHints":{"allow":["GET"]}}],"collection":[{"href":"https:\/\/www.compassexams.ca\/fr\/wp-json\/wp\/v2\/pages"}],"about":[{"href":"https:\/\/www.compassexams.ca\/fr\/wp-json\/wp\/v2\/types\/page"}],"author":[{"embeddable":true,"href":"https:\/\/www.compassexams.ca\/fr\/wp-json\/wp\/v2\/users\/4"}],"replies":[{"embeddable":true,"href":"https:\/\/www.compassexams.ca\/fr\/wp-json\/wp\/v2\/comments?post=608"}],"version-history":[{"count":2,"href":"https:\/\/www.compassexams.ca\/fr\/wp-json\/wp\/v2\/pages\/608\/revisions"}],"predecessor-version":[{"id":658,"href":"https:\/\/www.compassexams.ca\/fr\/wp-json\/wp\/v2\/pages\/608\/revisions\/658"}],"wp:attachment":[{"href":"https:\/\/www.compassexams.ca\/fr\/wp-json\/wp\/v2\/media?parent=608"}],"curies":[{"name":"wp","href":"https:\/\/api.w.org\/{rel}","templated":true}]}}