{"id":605,"date":"2019-07-25T17:04:20","date_gmt":"2019-07-25T21:04:20","guid":{"rendered":"https:\/\/compass.machinedev.ca\/?page_id=605"},"modified":"2019-07-25T17:04:31","modified_gmt":"2019-07-25T21:04:31","slug":"reglementation-en-saskatchewan","status":"publish","type":"page","link":"https:\/\/www.compassexams.ca\/fr\/reglementation-en-saskatchewan\/","title":{"rendered":"R\u00e9glementation en Saskatchewan"},"content":{"rendered":"\n<h5 class=\"wp-block-heading\" style=\"text-align:center\"><strong><em>Courant en date du 5\u00a0mai 2019<\/em><\/strong><\/h5>\n\n\n\n<p><strong>Statut&nbsp;: Non r\u00e9glement\u00e9<\/strong><\/p>\n\n\n\n<p><strong>Type de r\u00e9glementation recherch\u00e9&nbsp;: Protection du titre<\/strong><\/p>\n\n\n\n<p><strong>Titre demand\u00e9&nbsp;: Conseiller th\u00e9rapeute<\/strong><\/p>\n\n\n\n<p><strong>Site Web&nbsp;: www.fact-sk.org<\/strong><br><\/p>\n\n\n\n<ul class=\"wp-block-list\"><li>Un petit groupe form\u00e9 en Saskatchewan pour mener les recherches pr\u00e9liminaires concernant la mani\u00e8re dont une profession de la sant\u00e9 est r\u00e9glement\u00e9e dans cette province.<\/li><li>Une liste des organismes li\u00e9s au counseling a \u00e9t\u00e9 dress\u00e9e.<\/li><li>Ces organismes ont \u00e9t\u00e9 invit\u00e9s \u00e0 une r\u00e9union le 30&nbsp;janvier 2016 \u00e0 Saskatoon.<\/li><li>Tous les organismes pr\u00e9sents \u00e0 la r\u00e9union ont convenu de travailler ensemble en vue de la r\u00e9glementation.<\/li><li>Chaque organisme a nomm\u00e9 deux personnes pour servir de liaison avec \u00ab&nbsp;l\u2019Alliance&nbsp;\u00bb.<\/li><li>Lors des rencontres ult\u00e9rieures, il a \u00e9t\u00e9 convenu d\u2019appeler l\u2019Alliance, la FACT-SK.<\/li><li>Un comit\u00e9 directeur a \u00e9t\u00e9 constitu\u00e9.<\/li><li>L\u2019\u00e9bauche de la demande a \u00e9t\u00e9 pr\u00e9par\u00e9e.<\/li><li>La demande a \u00e9t\u00e9 soumise en juillet 2018.<\/li><li>La r\u00e9ponse du gouvernement en septembre 2018 a \u00e9t\u00e9 tr\u00e8s n\u00e9gative.<\/li><li>En d\u00e9cembre 2018, le minist\u00e8re de la Sant\u00e9 en milieu rural a indiqu\u00e9 qu\u2019il souhaitait se doter d\u2019une r\u00e9glementation du fait de l\u2019activit\u00e9 de l\u2019Alberta en la mati\u00e8re.<\/li><li>En mars 2019, les repr\u00e9sentants de la FACT-SK ont cherch\u00e9 et ont obtenu une r\u00e9union avec le minist\u00e8re de la Sant\u00e9 en milieu rural.<\/li><li>Des documents suppl\u00e9mentaires, y compris des contre-informations, ont \u00e9t\u00e9 remis.<\/li><\/ul>\n","protected":false},"excerpt":{"rendered":"<p>Courant en date du 5\u00a0mai 2019 Statut&nbsp;: Non r\u00e9glement\u00e9 Type de r\u00e9glementation recherch\u00e9&nbsp;: Protection du titre Titre demand\u00e9&nbsp;: Conseiller th\u00e9rapeute Site Web&nbsp;: www.fact-sk.org Un petit groupe form\u00e9 en Saskatchewan pour mener les recherches pr\u00e9liminaires concernant la mani\u00e8re dont une profession de la sant\u00e9 est r\u00e9glement\u00e9e dans cette province. Une liste des organismes li\u00e9s au counseling [&hellip;]<\/p>\n","protected":false},"author":4,"featured_media":0,"parent":0,"menu_order":0,"comment_status":"closed","ping_status":"closed","template":"","meta":{"_acf_changed":false,"footnotes":""},"class_list":["post-605","page","type-page","status-publish","hentry"],"acf":[],"yoast_head":"<!-- This site is optimized with the Yoast SEO plugin v27.3 - https:\/\/yoast.com\/product\/yoast-seo-wordpress\/ -->\n<title>R\u00e9glementation en Saskatchewan - COMPASS Centre for Examination Development<\/title>\n<meta name=\"robots\" content=\"index, follow, max-snippet:-1, max-image-preview:large, max-video-preview:-1\" \/>\n<link rel=\"canonical\" href=\"https:\/\/www.compassexams.ca\/fr\/reglementation-en-saskatchewan\/\" \/>\n<meta property=\"og:locale\" content=\"fr_FR\" \/>\n<meta property=\"og:type\" content=\"article\" \/>\n<meta property=\"og:title\" content=\"R\u00e9glementation en Saskatchewan - COMPASS Centre for Examination Development\" \/>\n<meta property=\"og:description\" content=\"Courant en date du 5\u00a0mai 2019 Statut&nbsp;: Non r\u00e9glement\u00e9 Type de r\u00e9glementation recherch\u00e9&nbsp;: Protection du titre Titre demand\u00e9&nbsp;: Conseiller th\u00e9rapeute Site Web&nbsp;: www.fact-sk.org Un petit groupe form\u00e9 en Saskatchewan pour mener les recherches pr\u00e9liminaires concernant la mani\u00e8re dont une profession de la sant\u00e9 est r\u00e9glement\u00e9e dans cette province. Une liste des organismes li\u00e9s au counseling [&hellip;]\" \/>\n<meta property=\"og:url\" content=\"https:\/\/www.compassexams.ca\/fr\/reglementation-en-saskatchewan\/\" \/>\n<meta property=\"og:site_name\" content=\"COMPASS Centre for Examination Development\" \/>\n<meta property=\"article:modified_time\" content=\"2019-07-25T21:04:31+00:00\" \/>\n<meta name=\"twitter:card\" content=\"summary_large_image\" \/>\n<meta name=\"twitter:label1\" content=\"Dur\u00e9e de lecture estim\u00e9e\" \/>\n\t<meta name=\"twitter:data1\" content=\"1 minute\" \/>\n<script type=\"application\/ld+json\" class=\"yoast-schema-graph\">{\"@context\":\"https:\\\/\\\/schema.org\",\"@graph\":[{\"@type\":\"WebPage\",\"@id\":\"https:\\\/\\\/www.compassexams.ca\\\/fr\\\/reglementation-en-saskatchewan\\\/\",\"url\":\"https:\\\/\\\/www.compassexams.ca\\\/fr\\\/reglementation-en-saskatchewan\\\/\",\"name\":\"R\u00e9glementation en Saskatchewan - COMPASS Centre for Examination Development\",\"isPartOf\":{\"@id\":\"https:\\\/\\\/www.compassexams.ca\\\/#website\"},\"datePublished\":\"2019-07-25T21:04:20+00:00\",\"dateModified\":\"2019-07-25T21:04:31+00:00\",\"breadcrumb\":{\"@id\":\"https:\\\/\\\/www.compassexams.ca\\\/fr\\\/reglementation-en-saskatchewan\\\/#breadcrumb\"},\"inLanguage\":\"fr-FR\",\"potentialAction\":[{\"@type\":\"ReadAction\",\"target\":[\"https:\\\/\\\/www.compassexams.ca\\\/fr\\\/reglementation-en-saskatchewan\\\/\"]}]},{\"@type\":\"BreadcrumbList\",\"@id\":\"https:\\\/\\\/www.compassexams.ca\\\/fr\\\/reglementation-en-saskatchewan\\\/#breadcrumb\",\"itemListElement\":[{\"@type\":\"ListItem\",\"position\":1,\"name\":\"Home\",\"item\":\"https:\\\/\\\/www.compassexams.ca\\\/fr\\\/\"},{\"@type\":\"ListItem\",\"position\":2,\"name\":\"R\u00e9glementation en Saskatchewan\"}]},{\"@type\":\"WebSite\",\"@id\":\"https:\\\/\\\/www.compassexams.ca\\\/#website\",\"url\":\"https:\\\/\\\/www.compassexams.ca\\\/\",\"name\":\"COMPASS Centre for Examination Development\",\"description\":\"\",\"potentialAction\":[{\"@type\":\"SearchAction\",\"target\":{\"@type\":\"EntryPoint\",\"urlTemplate\":\"https:\\\/\\\/www.compassexams.ca\\\/?s={search_term_string}\"},\"query-input\":{\"@type\":\"PropertyValueSpecification\",\"valueRequired\":true,\"valueName\":\"search_term_string\"}}],\"inLanguage\":\"fr-FR\"}]}<\/script>\n<!-- \/ Yoast SEO plugin. -->","yoast_head_json":{"title":"R\u00e9glementation en Saskatchewan - COMPASS Centre for Examination Development","robots":{"index":"index","follow":"follow","max-snippet":"max-snippet:-1","max-image-preview":"max-image-preview:large","max-video-preview":"max-video-preview:-1"},"canonical":"https:\/\/www.compassexams.ca\/fr\/reglementation-en-saskatchewan\/","og_locale":"fr_FR","og_type":"article","og_title":"R\u00e9glementation en Saskatchewan - COMPASS Centre for Examination Development","og_description":"Courant en date du 5\u00a0mai 2019 Statut&nbsp;: Non r\u00e9glement\u00e9 Type de r\u00e9glementation recherch\u00e9&nbsp;: Protection du titre Titre demand\u00e9&nbsp;: Conseiller th\u00e9rapeute Site Web&nbsp;: www.fact-sk.org Un petit groupe form\u00e9 en Saskatchewan pour mener les recherches pr\u00e9liminaires concernant la mani\u00e8re dont une profession de la sant\u00e9 est r\u00e9glement\u00e9e dans cette province. Une liste des organismes li\u00e9s au counseling [&hellip;]","og_url":"https:\/\/www.compassexams.ca\/fr\/reglementation-en-saskatchewan\/","og_site_name":"COMPASS Centre for Examination Development","article_modified_time":"2019-07-25T21:04:31+00:00","twitter_card":"summary_large_image","twitter_misc":{"Dur\u00e9e de lecture estim\u00e9e":"1 minute"},"schema":{"@context":"https:\/\/schema.org","@graph":[{"@type":"WebPage","@id":"https:\/\/www.compassexams.ca\/fr\/reglementation-en-saskatchewan\/","url":"https:\/\/www.compassexams.ca\/fr\/reglementation-en-saskatchewan\/","name":"R\u00e9glementation en Saskatchewan - COMPASS Centre for Examination Development","isPartOf":{"@id":"https:\/\/www.compassexams.ca\/#website"},"datePublished":"2019-07-25T21:04:20+00:00","dateModified":"2019-07-25T21:04:31+00:00","breadcrumb":{"@id":"https:\/\/www.compassexams.ca\/fr\/reglementation-en-saskatchewan\/#breadcrumb"},"inLanguage":"fr-FR","potentialAction":[{"@type":"ReadAction","target":["https:\/\/www.compassexams.ca\/fr\/reglementation-en-saskatchewan\/"]}]},{"@type":"BreadcrumbList","@id":"https:\/\/www.compassexams.ca\/fr\/reglementation-en-saskatchewan\/#breadcrumb","itemListElement":[{"@type":"ListItem","position":1,"name":"Home","item":"https:\/\/www.compassexams.ca\/fr\/"},{"@type":"ListItem","position":2,"name":"R\u00e9glementation en Saskatchewan"}]},{"@type":"WebSite","@id":"https:\/\/www.compassexams.ca\/#website","url":"https:\/\/www.compassexams.ca\/","name":"COMPASS Centre for Examination Development","description":"","potentialAction":[{"@type":"SearchAction","target":{"@type":"EntryPoint","urlTemplate":"https:\/\/www.compassexams.ca\/?s={search_term_string}"},"query-input":{"@type":"PropertyValueSpecification","valueRequired":true,"valueName":"search_term_string"}}],"inLanguage":"fr-FR"}]}},"_links":{"self":[{"href":"https:\/\/www.compassexams.ca\/fr\/wp-json\/wp\/v2\/pages\/605","targetHints":{"allow":["GET"]}}],"collection":[{"href":"https:\/\/www.compassexams.ca\/fr\/wp-json\/wp\/v2\/pages"}],"about":[{"href":"https:\/\/www.compassexams.ca\/fr\/wp-json\/wp\/v2\/types\/page"}],"author":[{"embeddable":true,"href":"https:\/\/www.compassexams.ca\/fr\/wp-json\/wp\/v2\/users\/4"}],"replies":[{"embeddable":true,"href":"https:\/\/www.compassexams.ca\/fr\/wp-json\/wp\/v2\/comments?post=605"}],"version-history":[{"count":1,"href":"https:\/\/www.compassexams.ca\/fr\/wp-json\/wp\/v2\/pages\/605\/revisions"}],"predecessor-version":[{"id":652,"href":"https:\/\/www.compassexams.ca\/fr\/wp-json\/wp\/v2\/pages\/605\/revisions\/652"}],"wp:attachment":[{"href":"https:\/\/www.compassexams.ca\/fr\/wp-json\/wp\/v2\/media?parent=605"}],"curies":[{"name":"wp","href":"https:\/\/api.w.org\/{rel}","templated":true}]}}