{"id":600,"date":"2019-07-25T16:38:33","date_gmt":"2019-07-25T20:38:33","guid":{"rendered":"https:\/\/compass.machinedev.ca\/?page_id=600"},"modified":"2019-07-25T16:38:34","modified_gmt":"2019-07-25T20:38:34","slug":"reglementation-au-manitoba","status":"publish","type":"page","link":"https:\/\/www.compassexams.ca\/fr\/reglementation-au-manitoba\/","title":{"rendered":"R\u00e9glementation au Manitoba"},"content":{"rendered":"\n<h5 class=\"wp-block-heading\" style=\"text-align:center\"><em>Courant en date du 5\u00a0mai 2019<\/em><\/h5>\n\n\n\n<p style=\"text-align:left\"><strong>Statut\u00a0: Non r\u00e9glement\u00e9<\/strong><\/p>\n\n\n\n<p style=\"text-align:left\"><strong>Type de r\u00e9glementation recherch\u00e9 : Protection du titre<\/strong><br><\/p>\n\n\n\n<p><strong>Titre demand\u00e9\u00a0: Conseiller th\u00e9rapeute<\/strong><\/p>\n\n\n\n<p><strong>Site Web\u00a0: www.fact-manitoba.org<\/strong><strong>D\u00e9finitions<\/strong><\/p>\n\n\n\n<ul class=\"wp-block-list\"><li>Le groupe travaillant en vue d\u2019une r\u00e9glementation a commenc\u00e9 en tant que Manitoba Mental Health Coalition (MMHC).<\/li><li>La MMHC a largement \u00e9t\u00e9 initi\u00e9e par la Professional Association of Canadian Christian Counsellors (PACCC) et la Music Therapy Association of Manitoba (MTAM) par crainte d\u2019une exclusion potentielle du processus de r\u00e9glementation.<\/li><li>Le nom a \u00e9t\u00e9 chang\u00e9 pour la Manitoba Coalition of Associated Counselling Therapists (MCACT) en 2014.<\/li><li>En septembre 2016, une pr\u00e9sentation portant sur le processus de r\u00e9glementation a \u00e9t\u00e9 faite \u00e0 la MCACT<\/li><li>Suite \u00e0 celle-ci, le nom FACT-MANITOBA a \u00e9t\u00e9 adopt\u00e9 pour mieux correspondre \u00e0 ce que faisaient les autres provinces.<\/li><li>Le site Web FACT-MANITOBA a \u00e9t\u00e9 cr\u00e9\u00e9&nbsp;: <a href=\"http:\/\/www.fact-manitoba.org\/\">www.fact-manitoba.org<\/a><\/li><li>La FACT-MB a termin\u00e9 la version de travail d\u2019un protocole d\u2019entente le 24&nbsp;mars 2017.<\/li><li>Le comit\u00e9 directeur peaufine la demande de r\u00e9glementation.<\/li><li>Une rencontre pr\u00e9liminaire s\u2019est tenue en septembre 2018 avec des conseillers en politique.<\/li><li>Le travail sur la demande se poursuit.<\/li><\/ul>\n","protected":false},"excerpt":{"rendered":"<p>Courant en date du 5\u00a0mai 2019 Statut\u00a0: Non r\u00e9glement\u00e9 Type de r\u00e9glementation recherch\u00e9 : Protection du titre Titre demand\u00e9\u00a0: Conseiller th\u00e9rapeute Site Web\u00a0: www.fact-manitoba.orgD\u00e9finitions Le groupe travaillant en vue d\u2019une r\u00e9glementation a commenc\u00e9 en tant que Manitoba Mental Health Coalition (MMHC). La MMHC a largement \u00e9t\u00e9 initi\u00e9e par la Professional Association of Canadian Christian Counsellors [&hellip;]<\/p>\n","protected":false},"author":4,"featured_media":0,"parent":0,"menu_order":0,"comment_status":"closed","ping_status":"closed","template":"","meta":{"_acf_changed":false,"footnotes":""},"class_list":["post-600","page","type-page","status-publish","hentry"],"acf":[],"yoast_head":"<!-- This site is optimized with the Yoast SEO plugin v27.3 - https:\/\/yoast.com\/product\/yoast-seo-wordpress\/ -->\n<title>R\u00e9glementation au Manitoba - COMPASS Centre for Examination Development<\/title>\n<meta name=\"robots\" content=\"index, follow, max-snippet:-1, max-image-preview:large, max-video-preview:-1\" \/>\n<link rel=\"canonical\" href=\"https:\/\/www.compassexams.ca\/fr\/reglementation-au-manitoba\/\" \/>\n<meta property=\"og:locale\" content=\"fr_FR\" \/>\n<meta property=\"og:type\" content=\"article\" \/>\n<meta property=\"og:title\" content=\"R\u00e9glementation au Manitoba - COMPASS Centre for Examination Development\" \/>\n<meta property=\"og:description\" content=\"Courant en date du 5\u00a0mai 2019 Statut\u00a0: Non r\u00e9glement\u00e9 Type de r\u00e9glementation recherch\u00e9 : Protection du titre Titre demand\u00e9\u00a0: Conseiller th\u00e9rapeute Site Web\u00a0: www.fact-manitoba.orgD\u00e9finitions Le groupe travaillant en vue d\u2019une r\u00e9glementation a commenc\u00e9 en tant que Manitoba Mental Health Coalition (MMHC). La MMHC a largement \u00e9t\u00e9 initi\u00e9e par la Professional Association of Canadian Christian Counsellors [&hellip;]\" \/>\n<meta property=\"og:url\" content=\"https:\/\/www.compassexams.ca\/fr\/reglementation-au-manitoba\/\" \/>\n<meta property=\"og:site_name\" content=\"COMPASS Centre for Examination Development\" \/>\n<meta property=\"article:modified_time\" content=\"2019-07-25T20:38:34+00:00\" \/>\n<meta name=\"twitter:card\" content=\"summary_large_image\" \/>\n<meta name=\"twitter:label1\" content=\"Dur\u00e9e de lecture estim\u00e9e\" \/>\n\t<meta name=\"twitter:data1\" content=\"1 minute\" \/>\n<script type=\"application\/ld+json\" class=\"yoast-schema-graph\">{\"@context\":\"https:\\\/\\\/schema.org\",\"@graph\":[{\"@type\":\"WebPage\",\"@id\":\"https:\\\/\\\/www.compassexams.ca\\\/fr\\\/reglementation-au-manitoba\\\/\",\"url\":\"https:\\\/\\\/www.compassexams.ca\\\/fr\\\/reglementation-au-manitoba\\\/\",\"name\":\"R\u00e9glementation au Manitoba - COMPASS Centre for Examination Development\",\"isPartOf\":{\"@id\":\"https:\\\/\\\/www.compassexams.ca\\\/#website\"},\"datePublished\":\"2019-07-25T20:38:33+00:00\",\"dateModified\":\"2019-07-25T20:38:34+00:00\",\"breadcrumb\":{\"@id\":\"https:\\\/\\\/www.compassexams.ca\\\/fr\\\/reglementation-au-manitoba\\\/#breadcrumb\"},\"inLanguage\":\"fr-FR\",\"potentialAction\":[{\"@type\":\"ReadAction\",\"target\":[\"https:\\\/\\\/www.compassexams.ca\\\/fr\\\/reglementation-au-manitoba\\\/\"]}]},{\"@type\":\"BreadcrumbList\",\"@id\":\"https:\\\/\\\/www.compassexams.ca\\\/fr\\\/reglementation-au-manitoba\\\/#breadcrumb\",\"itemListElement\":[{\"@type\":\"ListItem\",\"position\":1,\"name\":\"Home\",\"item\":\"https:\\\/\\\/www.compassexams.ca\\\/fr\\\/\"},{\"@type\":\"ListItem\",\"position\":2,\"name\":\"R\u00e9glementation au Manitoba\"}]},{\"@type\":\"WebSite\",\"@id\":\"https:\\\/\\\/www.compassexams.ca\\\/#website\",\"url\":\"https:\\\/\\\/www.compassexams.ca\\\/\",\"name\":\"COMPASS Centre for Examination Development\",\"description\":\"\",\"potentialAction\":[{\"@type\":\"SearchAction\",\"target\":{\"@type\":\"EntryPoint\",\"urlTemplate\":\"https:\\\/\\\/www.compassexams.ca\\\/?s={search_term_string}\"},\"query-input\":{\"@type\":\"PropertyValueSpecification\",\"valueRequired\":true,\"valueName\":\"search_term_string\"}}],\"inLanguage\":\"fr-FR\"}]}<\/script>\n<!-- \/ Yoast SEO plugin. -->","yoast_head_json":{"title":"R\u00e9glementation au Manitoba - COMPASS Centre for Examination Development","robots":{"index":"index","follow":"follow","max-snippet":"max-snippet:-1","max-image-preview":"max-image-preview:large","max-video-preview":"max-video-preview:-1"},"canonical":"https:\/\/www.compassexams.ca\/fr\/reglementation-au-manitoba\/","og_locale":"fr_FR","og_type":"article","og_title":"R\u00e9glementation au Manitoba - COMPASS Centre for Examination Development","og_description":"Courant en date du 5\u00a0mai 2019 Statut\u00a0: Non r\u00e9glement\u00e9 Type de r\u00e9glementation recherch\u00e9 : Protection du titre Titre demand\u00e9\u00a0: Conseiller th\u00e9rapeute Site Web\u00a0: www.fact-manitoba.orgD\u00e9finitions Le groupe travaillant en vue d\u2019une r\u00e9glementation a commenc\u00e9 en tant que Manitoba Mental Health Coalition (MMHC). La MMHC a largement \u00e9t\u00e9 initi\u00e9e par la Professional Association of Canadian Christian Counsellors [&hellip;]","og_url":"https:\/\/www.compassexams.ca\/fr\/reglementation-au-manitoba\/","og_site_name":"COMPASS Centre for Examination Development","article_modified_time":"2019-07-25T20:38:34+00:00","twitter_card":"summary_large_image","twitter_misc":{"Dur\u00e9e de lecture estim\u00e9e":"1 minute"},"schema":{"@context":"https:\/\/schema.org","@graph":[{"@type":"WebPage","@id":"https:\/\/www.compassexams.ca\/fr\/reglementation-au-manitoba\/","url":"https:\/\/www.compassexams.ca\/fr\/reglementation-au-manitoba\/","name":"R\u00e9glementation au Manitoba - COMPASS Centre for Examination Development","isPartOf":{"@id":"https:\/\/www.compassexams.ca\/#website"},"datePublished":"2019-07-25T20:38:33+00:00","dateModified":"2019-07-25T20:38:34+00:00","breadcrumb":{"@id":"https:\/\/www.compassexams.ca\/fr\/reglementation-au-manitoba\/#breadcrumb"},"inLanguage":"fr-FR","potentialAction":[{"@type":"ReadAction","target":["https:\/\/www.compassexams.ca\/fr\/reglementation-au-manitoba\/"]}]},{"@type":"BreadcrumbList","@id":"https:\/\/www.compassexams.ca\/fr\/reglementation-au-manitoba\/#breadcrumb","itemListElement":[{"@type":"ListItem","position":1,"name":"Home","item":"https:\/\/www.compassexams.ca\/fr\/"},{"@type":"ListItem","position":2,"name":"R\u00e9glementation au Manitoba"}]},{"@type":"WebSite","@id":"https:\/\/www.compassexams.ca\/#website","url":"https:\/\/www.compassexams.ca\/","name":"COMPASS Centre for Examination Development","description":"","potentialAction":[{"@type":"SearchAction","target":{"@type":"EntryPoint","urlTemplate":"https:\/\/www.compassexams.ca\/?s={search_term_string}"},"query-input":{"@type":"PropertyValueSpecification","valueRequired":true,"valueName":"search_term_string"}}],"inLanguage":"fr-FR"}]}},"_links":{"self":[{"href":"https:\/\/www.compassexams.ca\/fr\/wp-json\/wp\/v2\/pages\/600","targetHints":{"allow":["GET"]}}],"collection":[{"href":"https:\/\/www.compassexams.ca\/fr\/wp-json\/wp\/v2\/pages"}],"about":[{"href":"https:\/\/www.compassexams.ca\/fr\/wp-json\/wp\/v2\/types\/page"}],"author":[{"embeddable":true,"href":"https:\/\/www.compassexams.ca\/fr\/wp-json\/wp\/v2\/users\/4"}],"replies":[{"embeddable":true,"href":"https:\/\/www.compassexams.ca\/fr\/wp-json\/wp\/v2\/comments?post=600"}],"version-history":[{"count":1,"href":"https:\/\/www.compassexams.ca\/fr\/wp-json\/wp\/v2\/pages\/600\/revisions"}],"predecessor-version":[{"id":632,"href":"https:\/\/www.compassexams.ca\/fr\/wp-json\/wp\/v2\/pages\/600\/revisions\/632"}],"wp:attachment":[{"href":"https:\/\/www.compassexams.ca\/fr\/wp-json\/wp\/v2\/media?parent=600"}],"curies":[{"name":"wp","href":"https:\/\/api.w.org\/{rel}","templated":true}]}}