{"id":595,"date":"2019-07-25T16:48:07","date_gmt":"2019-07-25T20:48:07","guid":{"rendered":"https:\/\/compass.machinedev.ca\/?page_id=595"},"modified":"2019-07-25T16:48:08","modified_gmt":"2019-07-25T20:48:08","slug":"reglementation-a-terre-neuve","status":"publish","type":"page","link":"https:\/\/www.compassexams.ca\/fr\/reglementation-a-terre-neuve\/","title":{"rendered":"R\u00e9glementation \u00e0 Terre-Neuve"},"content":{"rendered":"\n<h5 class=\"wp-block-heading\" style=\"text-align:center\"><strong><em>Courant en date du 5\u00a0mai 2019<\/em><\/strong><\/h5>\n\n\n\n<p><strong>Statut\u00a0: Non r\u00e9glement\u00e9<\/strong><\/p>\n\n\n\n<p><strong>Type de r\u00e9glementation recherch\u00e9\u00a0: Protection du titre<\/strong><\/p>\n\n\n\n<p><strong>Titre demand\u00e9&nbsp;: Conseiller th\u00e9rapeute<\/strong><\/p>\n\n\n\n<p><strong>Site Web\u00a0: www.fact-nl.org<\/strong><\/p>\n\n\n\n<ul class=\"wp-block-list\"><li>\u00c0 partir de 2009, le minist\u00e8re de la Sant\u00e9 provincial a commenc\u00e9 \u00e0 chercher \u00e0 d\u00e9velopper une l\u00e9gislation parapluie pour gouverner des professions comme technicien de laboratoire et les emplois connexes du domaine de la sant\u00e9.<\/li><li>La l\u00e9gislation r\u00e9sultante qui englobe une vari\u00e9t\u00e9 de professions li\u00e9es \u00e0 la sant\u00e9 a \u00e9t\u00e9 adopt\u00e9e en 2010. Elle porte le nom de <em>Health Professionals Act<\/em> (loi relative aux professionnels de la sant\u00e9).<\/li><li>En vertu de cette l\u00e9gislation parapluie, des professions comme, entre autres, technicien de laboratoire, hygi\u00e9niste dentaire, th\u00e9rapeute respiratoire et sage-femme sont maintenant autor\u00e9glement\u00e9es par le biais d\u2019un conseil de professionnels de la sant\u00e9. Ce processus a \u00e9t\u00e9 d\u00e9velopp\u00e9 par le biais du minist\u00e8re de la Sant\u00e9 et des services communautaires (<em>Department of Health and Community services<\/em>) du gouvernement provincial de Terre-Neuve.<\/li><li>En 2013, plusieurs r\u00e9unions se sont tenues avec diverses agences pour mieux comprendre le processus et les partenariats potentiels dans l\u2019effort de r\u00e9glementation (y compris avec la NL Association of Social Workers, le NL Psychology board, les professeurs de la MUN, et le directeur du Pastoral Care and Ethics in Eastern Health).<\/li><li>En novembre 2013, Tracy Duffy (directrice de l\u2019ACCP de T.-N.) et un membre de l\u2019ACCP ont assist\u00e9 \u00e0 une r\u00e9union avec le conseiller provincial en mati\u00e8re de r\u00e9glementation du minist\u00e8re de la Sant\u00e9 (Division l\u00e9gislative provinciale).<\/li><li>La documentation g\u00e9n\u00e9rale a \u00e9t\u00e9 re\u00e7ue au sujet de la <em>Health Professions Act<\/em>.<\/li><li>Des informations sur comment pr\u00e9senter une demande de r\u00e9glementation en vertu de cette Loi ont \u00e9t\u00e9 remises.<\/li><li>Le 1er\u00a0mars 2014, le comit\u00e9\/groupe de travail a organis\u00e9 sa premi\u00e8re r\u00e9union pour les membres int\u00e9ress\u00e9s \u00e0 la r\u00e9glementation; des r\u00e9unions subs\u00e9quentes se sont tenues pendant l\u2019ann\u00e9e\u00a02015.<\/li><li>Les membres du comit\u00e9 ont re\u00e7u des informations g\u00e9n\u00e9rales ainsi que de la documentation d\u2019un conseiller en mati\u00e8re de r\u00e9glementation et ont commenc\u00e9 \u00e0 faire des recherches sur les \u00e9tapes n\u00e9cessaires.<\/li><li>En novembre 2015, une autre r\u00e9union s\u2019est tenue avec un conseiller principal en politique au sujet du processus.<\/li><li>Le comit\u00e9 de r\u00e9glementation provincial a r\u00e9cemment travaill\u00e9 pour finaliser l\u2019adh\u00e9sion au groupe. Il a pour objectif de former une coalition d\u00e9finie d\u2019associations \u00e0 la mi-2016.<\/li><li>En f\u00e9vrier 2016, le directeur de l\u2019ACCP de T.-N. a rencontr\u00e9 les repr\u00e9sentants du minist\u00e8re de la Sant\u00e9 et des services communautaires pour discuter plus en d\u00e9tail et obtenir du soutien pour les initiatives en mati\u00e8re de r\u00e9glementation \u00e0 Terre-Neuve.<\/li><li>Une r\u00e9union strat\u00e9gique\/d\u2019organisation s\u2019est tenue le 30\u00a0avril 2016.<\/li><li>Les groupes pr\u00e9sents ont convenu de travailler ensemble.<\/li><li>La FACT-NL a \u00e9t\u00e9 form\u00e9e et son site Web lanc\u00e9\u00a0: <a href=\"http:\/\/www.fact-nl.org\/\">www.fact-nl.org<\/a>.<\/li><li>Une rencontre avec le ministre de la Sant\u00e9 a eu lieu le 17\u00a0mai 2017. L\u2019objectif de la r\u00e9union visait \u00e0 faire progresser le calendrier de la r\u00e9glementation.<\/li><li>Une r\u00e9union en personne des membres de la FACT-NL a eu lieu le 9\u00a0septembre 2017 pour finaliser la demande.<\/li><li>La demande a \u00e9t\u00e9 soumise au minist\u00e8re de la Sant\u00e9 de T.-N. le 20\u00a0avril 2018.<\/li><\/ul>\n","protected":false},"excerpt":{"rendered":"<p>Courant en date du 5\u00a0mai 2019 Statut\u00a0: Non r\u00e9glement\u00e9 Type de r\u00e9glementation recherch\u00e9\u00a0: Protection du titre Titre demand\u00e9&nbsp;: Conseiller th\u00e9rapeute Site Web\u00a0: www.fact-nl.org \u00c0 partir de 2009, le minist\u00e8re de la Sant\u00e9 provincial a commenc\u00e9 \u00e0 chercher \u00e0 d\u00e9velopper une l\u00e9gislation parapluie pour gouverner des professions comme technicien de laboratoire et les emplois connexes du [&hellip;]<\/p>\n","protected":false},"author":4,"featured_media":0,"parent":0,"menu_order":0,"comment_status":"closed","ping_status":"closed","template":"","meta":{"_acf_changed":false,"footnotes":""},"class_list":["post-595","page","type-page","status-publish","hentry"],"acf":[],"yoast_head":"<!-- This site is optimized with the Yoast SEO plugin v27.4 - https:\/\/yoast.com\/product\/yoast-seo-wordpress\/ -->\n<title>R\u00e9glementation \u00e0 Terre-Neuve - COMPASS Centre for Examination Development<\/title>\n<meta name=\"robots\" content=\"index, follow, max-snippet:-1, max-image-preview:large, max-video-preview:-1\" \/>\n<link rel=\"canonical\" href=\"https:\/\/www.compassexams.ca\/fr\/reglementation-a-terre-neuve\/\" \/>\n<meta property=\"og:locale\" content=\"fr_FR\" \/>\n<meta property=\"og:type\" content=\"article\" \/>\n<meta property=\"og:title\" content=\"R\u00e9glementation \u00e0 Terre-Neuve - COMPASS Centre for Examination Development\" \/>\n<meta property=\"og:description\" content=\"Courant en date du 5\u00a0mai 2019 Statut\u00a0: Non r\u00e9glement\u00e9 Type de r\u00e9glementation recherch\u00e9\u00a0: Protection du titre Titre demand\u00e9&nbsp;: Conseiller th\u00e9rapeute Site Web\u00a0: www.fact-nl.org \u00c0 partir de 2009, le minist\u00e8re de la Sant\u00e9 provincial a commenc\u00e9 \u00e0 chercher \u00e0 d\u00e9velopper une l\u00e9gislation parapluie pour gouverner des professions comme technicien de laboratoire et les emplois connexes du [&hellip;]\" \/>\n<meta property=\"og:url\" content=\"https:\/\/www.compassexams.ca\/fr\/reglementation-a-terre-neuve\/\" \/>\n<meta property=\"og:site_name\" content=\"COMPASS Centre for Examination Development\" \/>\n<meta property=\"article:modified_time\" content=\"2019-07-25T20:48:08+00:00\" \/>\n<meta name=\"twitter:card\" content=\"summary_large_image\" \/>\n<meta name=\"twitter:label1\" content=\"Dur\u00e9e de lecture estim\u00e9e\" \/>\n\t<meta name=\"twitter:data1\" content=\"3 minutes\" \/>\n<script type=\"application\/ld+json\" class=\"yoast-schema-graph\">{\"@context\":\"https:\\\/\\\/schema.org\",\"@graph\":[{\"@type\":\"WebPage\",\"@id\":\"https:\\\/\\\/www.compassexams.ca\\\/fr\\\/reglementation-a-terre-neuve\\\/\",\"url\":\"https:\\\/\\\/www.compassexams.ca\\\/fr\\\/reglementation-a-terre-neuve\\\/\",\"name\":\"R\u00e9glementation \u00e0 Terre-Neuve - COMPASS Centre for Examination Development\",\"isPartOf\":{\"@id\":\"https:\\\/\\\/www.compassexams.ca\\\/#website\"},\"datePublished\":\"2019-07-25T20:48:07+00:00\",\"dateModified\":\"2019-07-25T20:48:08+00:00\",\"breadcrumb\":{\"@id\":\"https:\\\/\\\/www.compassexams.ca\\\/fr\\\/reglementation-a-terre-neuve\\\/#breadcrumb\"},\"inLanguage\":\"fr-FR\",\"potentialAction\":[{\"@type\":\"ReadAction\",\"target\":[\"https:\\\/\\\/www.compassexams.ca\\\/fr\\\/reglementation-a-terre-neuve\\\/\"]}]},{\"@type\":\"BreadcrumbList\",\"@id\":\"https:\\\/\\\/www.compassexams.ca\\\/fr\\\/reglementation-a-terre-neuve\\\/#breadcrumb\",\"itemListElement\":[{\"@type\":\"ListItem\",\"position\":1,\"name\":\"Home\",\"item\":\"https:\\\/\\\/www.compassexams.ca\\\/fr\\\/\"},{\"@type\":\"ListItem\",\"position\":2,\"name\":\"R\u00e9glementation \u00e0 Terre-Neuve\"}]},{\"@type\":\"WebSite\",\"@id\":\"https:\\\/\\\/www.compassexams.ca\\\/#website\",\"url\":\"https:\\\/\\\/www.compassexams.ca\\\/\",\"name\":\"COMPASS Centre for Examination Development\",\"description\":\"\",\"potentialAction\":[{\"@type\":\"SearchAction\",\"target\":{\"@type\":\"EntryPoint\",\"urlTemplate\":\"https:\\\/\\\/www.compassexams.ca\\\/?s={search_term_string}\"},\"query-input\":{\"@type\":\"PropertyValueSpecification\",\"valueRequired\":true,\"valueName\":\"search_term_string\"}}],\"inLanguage\":\"fr-FR\"}]}<\/script>\n<!-- \/ Yoast SEO plugin. -->","yoast_head_json":{"title":"R\u00e9glementation \u00e0 Terre-Neuve - COMPASS Centre for Examination Development","robots":{"index":"index","follow":"follow","max-snippet":"max-snippet:-1","max-image-preview":"max-image-preview:large","max-video-preview":"max-video-preview:-1"},"canonical":"https:\/\/www.compassexams.ca\/fr\/reglementation-a-terre-neuve\/","og_locale":"fr_FR","og_type":"article","og_title":"R\u00e9glementation \u00e0 Terre-Neuve - COMPASS Centre for Examination Development","og_description":"Courant en date du 5\u00a0mai 2019 Statut\u00a0: Non r\u00e9glement\u00e9 Type de r\u00e9glementation recherch\u00e9\u00a0: Protection du titre Titre demand\u00e9&nbsp;: Conseiller th\u00e9rapeute Site Web\u00a0: www.fact-nl.org \u00c0 partir de 2009, le minist\u00e8re de la Sant\u00e9 provincial a commenc\u00e9 \u00e0 chercher \u00e0 d\u00e9velopper une l\u00e9gislation parapluie pour gouverner des professions comme technicien de laboratoire et les emplois connexes du [&hellip;]","og_url":"https:\/\/www.compassexams.ca\/fr\/reglementation-a-terre-neuve\/","og_site_name":"COMPASS Centre for Examination Development","article_modified_time":"2019-07-25T20:48:08+00:00","twitter_card":"summary_large_image","twitter_misc":{"Dur\u00e9e de lecture estim\u00e9e":"3 minutes"},"schema":{"@context":"https:\/\/schema.org","@graph":[{"@type":"WebPage","@id":"https:\/\/www.compassexams.ca\/fr\/reglementation-a-terre-neuve\/","url":"https:\/\/www.compassexams.ca\/fr\/reglementation-a-terre-neuve\/","name":"R\u00e9glementation \u00e0 Terre-Neuve - COMPASS Centre for Examination Development","isPartOf":{"@id":"https:\/\/www.compassexams.ca\/#website"},"datePublished":"2019-07-25T20:48:07+00:00","dateModified":"2019-07-25T20:48:08+00:00","breadcrumb":{"@id":"https:\/\/www.compassexams.ca\/fr\/reglementation-a-terre-neuve\/#breadcrumb"},"inLanguage":"fr-FR","potentialAction":[{"@type":"ReadAction","target":["https:\/\/www.compassexams.ca\/fr\/reglementation-a-terre-neuve\/"]}]},{"@type":"BreadcrumbList","@id":"https:\/\/www.compassexams.ca\/fr\/reglementation-a-terre-neuve\/#breadcrumb","itemListElement":[{"@type":"ListItem","position":1,"name":"Home","item":"https:\/\/www.compassexams.ca\/fr\/"},{"@type":"ListItem","position":2,"name":"R\u00e9glementation \u00e0 Terre-Neuve"}]},{"@type":"WebSite","@id":"https:\/\/www.compassexams.ca\/#website","url":"https:\/\/www.compassexams.ca\/","name":"COMPASS Centre for Examination Development","description":"","potentialAction":[{"@type":"SearchAction","target":{"@type":"EntryPoint","urlTemplate":"https:\/\/www.compassexams.ca\/?s={search_term_string}"},"query-input":{"@type":"PropertyValueSpecification","valueRequired":true,"valueName":"search_term_string"}}],"inLanguage":"fr-FR"}]}},"_links":{"self":[{"href":"https:\/\/www.compassexams.ca\/fr\/wp-json\/wp\/v2\/pages\/595","targetHints":{"allow":["GET"]}}],"collection":[{"href":"https:\/\/www.compassexams.ca\/fr\/wp-json\/wp\/v2\/pages"}],"about":[{"href":"https:\/\/www.compassexams.ca\/fr\/wp-json\/wp\/v2\/types\/page"}],"author":[{"embeddable":true,"href":"https:\/\/www.compassexams.ca\/fr\/wp-json\/wp\/v2\/users\/4"}],"replies":[{"embeddable":true,"href":"https:\/\/www.compassexams.ca\/fr\/wp-json\/wp\/v2\/comments?post=595"}],"version-history":[{"count":1,"href":"https:\/\/www.compassexams.ca\/fr\/wp-json\/wp\/v2\/pages\/595\/revisions"}],"predecessor-version":[{"id":637,"href":"https:\/\/www.compassexams.ca\/fr\/wp-json\/wp\/v2\/pages\/595\/revisions\/637"}],"wp:attachment":[{"href":"https:\/\/www.compassexams.ca\/fr\/wp-json\/wp\/v2\/media?parent=595"}],"curies":[{"name":"wp","href":"https:\/\/api.w.org\/{rel}","templated":true}]}}