{"id":506,"date":"2019-04-16T15:02:47","date_gmt":"2019-04-16T19:02:47","guid":{"rendered":"https:\/\/compass.machinedev.ca\/site-map\/"},"modified":"2019-04-16T15:12:00","modified_gmt":"2019-04-16T19:12:00","slug":"site-map","status":"publish","type":"page","link":"https:\/\/www.compassexams.ca\/fr\/site-map\/","title":{"rendered":"Plan du site"},"content":{"rendered":"\n<ul class=\"wp-block-list\"><li><a href=\"https:\/\/www.compassexams.ca\/fr\/\">Bienvenue<\/a><br><\/li><li><a href=\"https:\/\/www.compassexams.ca\/fr\/about-us\/\">\u00c0 propos de nous<\/a><br><\/li><li><a href=\"https:\/\/www.compassexams.ca\/fr\/self-assessment\/\">Auto-\u00e9valuation<\/a><ul><li><a href=\"https:\/\/www.compassexams.ca\/fr\/self-assessment\/competency-based-case-study-workbook\/\">Manuel d\u2019\u00e9tudes de cas fond\u00e9 sur les comp\u00e9tences<\/a><br><\/li><\/ul><\/li><li><a href=\"https:\/\/www.compassexams.ca\/fr\/professional-assessment\/\">\u00c9valuation Professionnelle<\/a><ul><li><a href=\"https:\/\/www.compassexams.ca\/fr\/professional-assessment\/the-standard-simulation-style-content-details\/\">La Norme : D\u00e9tails du contenu de type simulation<\/a><br><\/li><li><a href=\"https:\/\/www.compassexams.ca\/fr\/professional-assessment\/taking-the-assessment-security-and-logistics\/\">Remplir l\u2019\u00e9valuation : s\u00e9curit\u00e9 et logistique<\/a><br><\/li><li><a href=\"https:\/\/www.compassexams.ca\/fr\/professional-assessment\/professional-assessment\/\">\u00c9valuation professionnelle<\/a><br><\/li><li><a href=\"https:\/\/www.compassexams.ca\/fr\/professional-assessment\/steps-for-writing-crpo-registration-exam\/\">Les \u00e9tapes pour \u00e9crire l&rsquo;examen de l&rsquo;OPAO<\/a><br><\/li><\/ul><\/li><li><a href=\"https:\/\/www.compassexams.ca\/fr\/continuing-education\/\">Formation continue<\/a><ul><li><a href=\"https:\/\/www.compassexams.ca\/fr\/continuing-education\/canadian-institutions\/\">Institutions canadiennes<\/a><br><\/li><li><a href=\"https:\/\/www.compassexams.ca\/fr\/continuing-education\/associations\/\">Associations<\/a><br><\/li><\/ul><\/li><li><a href=\"https:\/\/www.compassexams.ca\/fr\/contact-us\/\">Contactez-nous<\/a><br><\/li><li><a href=\"https:\/\/www.compassexams.ca\/fr\/disclaimer\/\">Avertissement<\/a><br><\/li><li><a href=\"https:\/\/www.compassexams.ca\/fr\/privacy-policy\/\">Protection<\/a><br><\/li><li><a href=\"https:\/\/www.compassexams.ca\/fr\/qc-regulation\/\">R\u00e9glementation au Qu\u00e9bec<\/a><\/li><\/ul>\n","protected":false},"excerpt":{"rendered":"<p>Bienvenue \u00c0 propos de nous Auto-\u00e9valuation Manuel d\u2019\u00e9tudes de cas fond\u00e9 sur les comp\u00e9tences \u00c9valuation Professionnelle La Norme : D\u00e9tails du contenu de type simulation Remplir l\u2019\u00e9valuation : s\u00e9curit\u00e9 et logistique \u00c9valuation professionnelle Les \u00e9tapes pour \u00e9crire l&rsquo;examen de l&rsquo;OPAO Formation continue Institutions canadiennes Associations Contactez-nous Avertissement Protection R\u00e9glementation au Qu\u00e9bec<\/p>\n","protected":false},"author":3,"featured_media":0,"parent":0,"menu_order":0,"comment_status":"closed","ping_status":"closed","template":"","meta":{"_acf_changed":false,"footnotes":""},"class_list":["post-506","page","type-page","status-publish","hentry"],"acf":[],"yoast_head":"<!-- This site is optimized with the Yoast SEO plugin v27.4 - https:\/\/yoast.com\/product\/yoast-seo-wordpress\/ -->\n<title>Plan du site - COMPASS Centre for Examination Development<\/title>\n<meta name=\"robots\" content=\"index, follow, max-snippet:-1, max-image-preview:large, max-video-preview:-1\" \/>\n<link rel=\"canonical\" href=\"https:\/\/www.compassexams.ca\/fr\/site-map\/\" \/>\n<meta property=\"og:locale\" content=\"fr_FR\" \/>\n<meta property=\"og:type\" content=\"article\" \/>\n<meta property=\"og:title\" content=\"Plan du site - COMPASS Centre for Examination Development\" \/>\n<meta property=\"og:description\" content=\"Bienvenue \u00c0 propos de nous Auto-\u00e9valuation Manuel d\u2019\u00e9tudes de cas fond\u00e9 sur les comp\u00e9tences \u00c9valuation Professionnelle La Norme : D\u00e9tails du contenu de type simulation Remplir l\u2019\u00e9valuation : s\u00e9curit\u00e9 et logistique \u00c9valuation professionnelle Les \u00e9tapes pour \u00e9crire l&rsquo;examen de l&rsquo;OPAO Formation continue Institutions canadiennes Associations Contactez-nous Avertissement Protection R\u00e9glementation au Qu\u00e9bec\" \/>\n<meta property=\"og:url\" content=\"https:\/\/www.compassexams.ca\/fr\/site-map\/\" \/>\n<meta property=\"og:site_name\" content=\"COMPASS Centre for Examination Development\" \/>\n<meta property=\"article:modified_time\" content=\"2019-04-16T19:12:00+00:00\" \/>\n<meta name=\"twitter:card\" content=\"summary_large_image\" \/>\n<script type=\"application\/ld+json\" class=\"yoast-schema-graph\">{\"@context\":\"https:\\\/\\\/schema.org\",\"@graph\":[{\"@type\":\"WebPage\",\"@id\":\"https:\\\/\\\/www.compassexams.ca\\\/fr\\\/site-map\\\/\",\"url\":\"https:\\\/\\\/www.compassexams.ca\\\/fr\\\/site-map\\\/\",\"name\":\"Plan du site - COMPASS Centre for Examination Development\",\"isPartOf\":{\"@id\":\"https:\\\/\\\/www.compassexams.ca\\\/#website\"},\"datePublished\":\"2019-04-16T19:02:47+00:00\",\"dateModified\":\"2019-04-16T19:12:00+00:00\",\"breadcrumb\":{\"@id\":\"https:\\\/\\\/www.compassexams.ca\\\/fr\\\/site-map\\\/#breadcrumb\"},\"inLanguage\":\"fr-FR\",\"potentialAction\":[{\"@type\":\"ReadAction\",\"target\":[\"https:\\\/\\\/www.compassexams.ca\\\/fr\\\/site-map\\\/\"]}]},{\"@type\":\"BreadcrumbList\",\"@id\":\"https:\\\/\\\/www.compassexams.ca\\\/fr\\\/site-map\\\/#breadcrumb\",\"itemListElement\":[{\"@type\":\"ListItem\",\"position\":1,\"name\":\"Home\",\"item\":\"https:\\\/\\\/www.compassexams.ca\\\/fr\\\/\"},{\"@type\":\"ListItem\",\"position\":2,\"name\":\"Plan du site\"}]},{\"@type\":\"WebSite\",\"@id\":\"https:\\\/\\\/www.compassexams.ca\\\/#website\",\"url\":\"https:\\\/\\\/www.compassexams.ca\\\/\",\"name\":\"COMPASS Centre for Examination Development\",\"description\":\"\",\"potentialAction\":[{\"@type\":\"SearchAction\",\"target\":{\"@type\":\"EntryPoint\",\"urlTemplate\":\"https:\\\/\\\/www.compassexams.ca\\\/?s={search_term_string}\"},\"query-input\":{\"@type\":\"PropertyValueSpecification\",\"valueRequired\":true,\"valueName\":\"search_term_string\"}}],\"inLanguage\":\"fr-FR\"}]}<\/script>\n<!-- \/ Yoast SEO plugin. -->","yoast_head_json":{"title":"Plan du site - COMPASS Centre for Examination Development","robots":{"index":"index","follow":"follow","max-snippet":"max-snippet:-1","max-image-preview":"max-image-preview:large","max-video-preview":"max-video-preview:-1"},"canonical":"https:\/\/www.compassexams.ca\/fr\/site-map\/","og_locale":"fr_FR","og_type":"article","og_title":"Plan du site - COMPASS Centre for Examination Development","og_description":"Bienvenue \u00c0 propos de nous Auto-\u00e9valuation Manuel d\u2019\u00e9tudes de cas fond\u00e9 sur les comp\u00e9tences \u00c9valuation Professionnelle La Norme : D\u00e9tails du contenu de type simulation Remplir l\u2019\u00e9valuation : s\u00e9curit\u00e9 et logistique \u00c9valuation professionnelle Les \u00e9tapes pour \u00e9crire l&rsquo;examen de l&rsquo;OPAO Formation continue Institutions canadiennes Associations Contactez-nous Avertissement Protection R\u00e9glementation au Qu\u00e9bec","og_url":"https:\/\/www.compassexams.ca\/fr\/site-map\/","og_site_name":"COMPASS Centre for Examination Development","article_modified_time":"2019-04-16T19:12:00+00:00","twitter_card":"summary_large_image","schema":{"@context":"https:\/\/schema.org","@graph":[{"@type":"WebPage","@id":"https:\/\/www.compassexams.ca\/fr\/site-map\/","url":"https:\/\/www.compassexams.ca\/fr\/site-map\/","name":"Plan du site - COMPASS Centre for Examination Development","isPartOf":{"@id":"https:\/\/www.compassexams.ca\/#website"},"datePublished":"2019-04-16T19:02:47+00:00","dateModified":"2019-04-16T19:12:00+00:00","breadcrumb":{"@id":"https:\/\/www.compassexams.ca\/fr\/site-map\/#breadcrumb"},"inLanguage":"fr-FR","potentialAction":[{"@type":"ReadAction","target":["https:\/\/www.compassexams.ca\/fr\/site-map\/"]}]},{"@type":"BreadcrumbList","@id":"https:\/\/www.compassexams.ca\/fr\/site-map\/#breadcrumb","itemListElement":[{"@type":"ListItem","position":1,"name":"Home","item":"https:\/\/www.compassexams.ca\/fr\/"},{"@type":"ListItem","position":2,"name":"Plan du site"}]},{"@type":"WebSite","@id":"https:\/\/www.compassexams.ca\/#website","url":"https:\/\/www.compassexams.ca\/","name":"COMPASS Centre for Examination Development","description":"","potentialAction":[{"@type":"SearchAction","target":{"@type":"EntryPoint","urlTemplate":"https:\/\/www.compassexams.ca\/?s={search_term_string}"},"query-input":{"@type":"PropertyValueSpecification","valueRequired":true,"valueName":"search_term_string"}}],"inLanguage":"fr-FR"}]}},"_links":{"self":[{"href":"https:\/\/www.compassexams.ca\/fr\/wp-json\/wp\/v2\/pages\/506","targetHints":{"allow":["GET"]}}],"collection":[{"href":"https:\/\/www.compassexams.ca\/fr\/wp-json\/wp\/v2\/pages"}],"about":[{"href":"https:\/\/www.compassexams.ca\/fr\/wp-json\/wp\/v2\/types\/page"}],"author":[{"embeddable":true,"href":"https:\/\/www.compassexams.ca\/fr\/wp-json\/wp\/v2\/users\/3"}],"replies":[{"embeddable":true,"href":"https:\/\/www.compassexams.ca\/fr\/wp-json\/wp\/v2\/comments?post=506"}],"version-history":[{"count":1,"href":"https:\/\/www.compassexams.ca\/fr\/wp-json\/wp\/v2\/pages\/506\/revisions"}],"predecessor-version":[{"id":512,"href":"https:\/\/www.compassexams.ca\/fr\/wp-json\/wp\/v2\/pages\/506\/revisions\/512"}],"wp:attachment":[{"href":"https:\/\/www.compassexams.ca\/fr\/wp-json\/wp\/v2\/media?parent=506"}],"curies":[{"name":"wp","href":"https:\/\/api.w.org\/{rel}","templated":true}]}}