{"id":485,"date":"2019-04-11T14:48:04","date_gmt":"2019-04-11T18:48:04","guid":{"rendered":"https:\/\/compass.machinedev.ca\/pei-regulation\/"},"modified":"2019-07-25T16:56:27","modified_gmt":"2019-07-25T20:56:27","slug":"pei-regulation","status":"publish","type":"page","link":"https:\/\/www.compassexams.ca\/fr\/pei-regulation\/","title":{"rendered":"R\u00e9glementation sur l\u2019\u00ce.-P.-\u00c9."},"content":{"rendered":"\n<h5 class=\"wp-block-heading\" style=\"text-align:center\"><strong><em>Courant en date du 5\u00a0mai 2019<\/em><\/strong><\/h5>\n\n\n\n<p><strong>Statut&nbsp;: Non r\u00e9glement\u00e9<\/strong><\/p>\n\n\n\n<p><strong>Type de r\u00e9glementation recherch\u00e9&nbsp;: Protection du titre<\/strong><\/p>\n\n\n\n<p><strong>Titre demand\u00e9&nbsp;: Conseiller th\u00e9rapeute<\/strong><br><\/p>\n\n\n\n<p>En ao\u00fbt 2012, le minist\u00e8re de la Sant\u00e9 et du Bien-\u00eatre de l\u2019\u00ce.-P.-\u00c9. a distribu\u00e9 une \u00e9bauche de l\u00e9gislation parapluie pour les professions de la sant\u00e9; la <em>Regulated Health Professions Act (RHPA)<\/em>.<\/p>\n\n\n\n<p>En automne&nbsp;2012, la section des conseillers th\u00e9rapeutes de la Prince Edward Island Counselling Association (PEICA) a r\u00e9pondu \u00e0 la demande d\u2019informations concernant la l\u00e9gislation parapluie.<\/p>\n\n\n\n<p>Le 20&nbsp;d\u00e9cembre 2013, le minist\u00e8re de la Sant\u00e9 de l\u2019\u00ce.-P.-\u00c9. a indiqu\u00e9 que la RHPA <em>(Regulated Health Professions Act)<\/em>, le Projet de loi&nbsp;42, avait \u00e9t\u00e9 adopt\u00e9e.<\/p>\n\n\n\n<p>Le Projet de loi&nbsp;42 propose des processus coh\u00e9rents en mati\u00e8re d\u2019accr\u00e9ditation, de plaintes et de disciplines applicables \u00e0 toutes les professions de la sant\u00e9 d\u00e9sign\u00e9es.<\/p>\n\n\n\n<p>De plus, la l\u00e9gislation propose des crit\u00e8res de r\u00e9glementation ainsi qu\u2019un processus de demande et d\u2019\u00e9valuation formel pour les demandes de r\u00e9glementation.<\/p>\n\n\n\n<p>En vertu de cette nouvelle l\u00e9gislation, les professions de la sant\u00e9 non r\u00e9glement\u00e9es peuvent faire une demande de r\u00e9glementation.<\/p>\n\n\n\n<p>La PEICA a envoy\u00e9 une lettre d\u2019intention aux conseillers th\u00e9rapeutes.<\/p>\n\n\n\n<p>Les membres du comit\u00e9 de r\u00e9glementation de la PEICA se sont rencontr\u00e9s le 23&nbsp;f\u00e9vrier 2017 avec la ministre adjointe de la Sant\u00e9 et du bien-\u00eatre, la D<sup>re<\/sup> Kim Critchley ainsi que la sp\u00e9cialiste de la l\u00e9gislation du gouvernement de l\u2019\u00ce.-P.-\u00c9., Nichola Hewitt.<\/p>\n\n\n\n<p>Cette r\u00e9union a permis d\u2019\u00e9tablir que l\u2019organisme est autoris\u00e9 \u00e0 obtenir la protection du titre de Conseiller th\u00e9rapeute autoris\u00e9 (CTA) en vertu de la RHPA.<\/p>\n\n\n\n<p>Une lettre d\u2019intention ainsi qu\u2019une demande ont \u00e9t\u00e9 envoy\u00e9es au ministre Robert Henderson le 23&nbsp;mars 2017 pour demander la protection du titre et devenir une profession r\u00e9glement\u00e9e en vertu de la RHPA.<\/p>\n\n\n\n<p>L\u2019\u00ce.P.-\u00c9 progresse dans le cort\u00e8ge des professions ayant fait la demande en vertu de la l\u00e9gislation parapluie (4 professions sur 12 sont maintenant op\u00e9rationnelles).<\/p>\n\n\n\n<p>Le groupe de travail sur la r\u00e9glementation, de concert avec la PEICA, a engag\u00e9 un conseiller pour l\u2019aider \u00e0 aborder les \u00e9tapes suivantes, y compris la r\u00e9daction du R\u00e8glement du coll\u00e8ge.<br><\/p>\n","protected":false},"excerpt":{"rendered":"<p>Courant en date du 5\u00a0mai 2019 Statut&nbsp;: Non r\u00e9glement\u00e9 Type de r\u00e9glementation recherch\u00e9&nbsp;: Protection du titre Titre demand\u00e9&nbsp;: Conseiller th\u00e9rapeute En ao\u00fbt 2012, le minist\u00e8re de la Sant\u00e9 et du Bien-\u00eatre de l\u2019\u00ce.-P.-\u00c9. a distribu\u00e9 une \u00e9bauche de l\u00e9gislation parapluie pour les professions de la sant\u00e9; la Regulated Health Professions Act (RHPA). En automne&nbsp;2012, la [&hellip;]<\/p>\n","protected":false},"author":3,"featured_media":0,"parent":0,"menu_order":0,"comment_status":"closed","ping_status":"closed","template":"","meta":{"_acf_changed":false,"footnotes":""},"class_list":["post-485","page","type-page","status-publish","hentry"],"acf":[],"yoast_head":"<!-- This site is optimized with the Yoast SEO plugin v27.3 - https:\/\/yoast.com\/product\/yoast-seo-wordpress\/ -->\n<title>R\u00e9glementation sur l\u2019\u00ce.-P.-\u00c9. - COMPASS Centre for Examination Development<\/title>\n<meta name=\"robots\" content=\"index, follow, max-snippet:-1, max-image-preview:large, max-video-preview:-1\" \/>\n<link rel=\"canonical\" href=\"https:\/\/www.compassexams.ca\/fr\/pei-regulation\/\" \/>\n<meta property=\"og:locale\" content=\"fr_FR\" \/>\n<meta property=\"og:type\" content=\"article\" \/>\n<meta property=\"og:title\" content=\"R\u00e9glementation sur l\u2019\u00ce.-P.-\u00c9. - COMPASS Centre for Examination Development\" \/>\n<meta property=\"og:description\" content=\"Courant en date du 5\u00a0mai 2019 Statut&nbsp;: Non r\u00e9glement\u00e9 Type de r\u00e9glementation recherch\u00e9&nbsp;: Protection du titre Titre demand\u00e9&nbsp;: Conseiller th\u00e9rapeute En ao\u00fbt 2012, le minist\u00e8re de la Sant\u00e9 et du Bien-\u00eatre de l\u2019\u00ce.-P.-\u00c9. a distribu\u00e9 une \u00e9bauche de l\u00e9gislation parapluie pour les professions de la sant\u00e9; la Regulated Health Professions Act (RHPA). En automne&nbsp;2012, la [&hellip;]\" \/>\n<meta property=\"og:url\" content=\"https:\/\/www.compassexams.ca\/fr\/pei-regulation\/\" \/>\n<meta property=\"og:site_name\" content=\"COMPASS Centre for Examination Development\" \/>\n<meta property=\"article:modified_time\" content=\"2019-07-25T20:56:27+00:00\" \/>\n<meta name=\"twitter:card\" content=\"summary_large_image\" \/>\n<meta name=\"twitter:label1\" content=\"Dur\u00e9e de lecture estim\u00e9e\" \/>\n\t<meta name=\"twitter:data1\" content=\"2 minutes\" \/>\n<script type=\"application\/ld+json\" class=\"yoast-schema-graph\">{\"@context\":\"https:\\\/\\\/schema.org\",\"@graph\":[{\"@type\":\"WebPage\",\"@id\":\"https:\\\/\\\/www.compassexams.ca\\\/fr\\\/pei-regulation\\\/\",\"url\":\"https:\\\/\\\/www.compassexams.ca\\\/fr\\\/pei-regulation\\\/\",\"name\":\"R\u00e9glementation sur l\u2019\u00ce.-P.-\u00c9. - COMPASS Centre for Examination Development\",\"isPartOf\":{\"@id\":\"https:\\\/\\\/www.compassexams.ca\\\/#website\"},\"datePublished\":\"2019-04-11T18:48:04+00:00\",\"dateModified\":\"2019-07-25T20:56:27+00:00\",\"breadcrumb\":{\"@id\":\"https:\\\/\\\/www.compassexams.ca\\\/fr\\\/pei-regulation\\\/#breadcrumb\"},\"inLanguage\":\"fr-FR\",\"potentialAction\":[{\"@type\":\"ReadAction\",\"target\":[\"https:\\\/\\\/www.compassexams.ca\\\/fr\\\/pei-regulation\\\/\"]}]},{\"@type\":\"BreadcrumbList\",\"@id\":\"https:\\\/\\\/www.compassexams.ca\\\/fr\\\/pei-regulation\\\/#breadcrumb\",\"itemListElement\":[{\"@type\":\"ListItem\",\"position\":1,\"name\":\"Home\",\"item\":\"https:\\\/\\\/www.compassexams.ca\\\/fr\\\/\"},{\"@type\":\"ListItem\",\"position\":2,\"name\":\"R\u00e9glementation sur l\u2019\u00ce.-P.-\u00c9.\"}]},{\"@type\":\"WebSite\",\"@id\":\"https:\\\/\\\/www.compassexams.ca\\\/#website\",\"url\":\"https:\\\/\\\/www.compassexams.ca\\\/\",\"name\":\"COMPASS Centre for Examination Development\",\"description\":\"\",\"potentialAction\":[{\"@type\":\"SearchAction\",\"target\":{\"@type\":\"EntryPoint\",\"urlTemplate\":\"https:\\\/\\\/www.compassexams.ca\\\/?s={search_term_string}\"},\"query-input\":{\"@type\":\"PropertyValueSpecification\",\"valueRequired\":true,\"valueName\":\"search_term_string\"}}],\"inLanguage\":\"fr-FR\"}]}<\/script>\n<!-- \/ Yoast SEO plugin. -->","yoast_head_json":{"title":"R\u00e9glementation sur l\u2019\u00ce.-P.-\u00c9. - COMPASS Centre for Examination Development","robots":{"index":"index","follow":"follow","max-snippet":"max-snippet:-1","max-image-preview":"max-image-preview:large","max-video-preview":"max-video-preview:-1"},"canonical":"https:\/\/www.compassexams.ca\/fr\/pei-regulation\/","og_locale":"fr_FR","og_type":"article","og_title":"R\u00e9glementation sur l\u2019\u00ce.-P.-\u00c9. - COMPASS Centre for Examination Development","og_description":"Courant en date du 5\u00a0mai 2019 Statut&nbsp;: Non r\u00e9glement\u00e9 Type de r\u00e9glementation recherch\u00e9&nbsp;: Protection du titre Titre demand\u00e9&nbsp;: Conseiller th\u00e9rapeute En ao\u00fbt 2012, le minist\u00e8re de la Sant\u00e9 et du Bien-\u00eatre de l\u2019\u00ce.-P.-\u00c9. a distribu\u00e9 une \u00e9bauche de l\u00e9gislation parapluie pour les professions de la sant\u00e9; la Regulated Health Professions Act (RHPA). En automne&nbsp;2012, la [&hellip;]","og_url":"https:\/\/www.compassexams.ca\/fr\/pei-regulation\/","og_site_name":"COMPASS Centre for Examination Development","article_modified_time":"2019-07-25T20:56:27+00:00","twitter_card":"summary_large_image","twitter_misc":{"Dur\u00e9e de lecture estim\u00e9e":"2 minutes"},"schema":{"@context":"https:\/\/schema.org","@graph":[{"@type":"WebPage","@id":"https:\/\/www.compassexams.ca\/fr\/pei-regulation\/","url":"https:\/\/www.compassexams.ca\/fr\/pei-regulation\/","name":"R\u00e9glementation sur l\u2019\u00ce.-P.-\u00c9. - COMPASS Centre for Examination Development","isPartOf":{"@id":"https:\/\/www.compassexams.ca\/#website"},"datePublished":"2019-04-11T18:48:04+00:00","dateModified":"2019-07-25T20:56:27+00:00","breadcrumb":{"@id":"https:\/\/www.compassexams.ca\/fr\/pei-regulation\/#breadcrumb"},"inLanguage":"fr-FR","potentialAction":[{"@type":"ReadAction","target":["https:\/\/www.compassexams.ca\/fr\/pei-regulation\/"]}]},{"@type":"BreadcrumbList","@id":"https:\/\/www.compassexams.ca\/fr\/pei-regulation\/#breadcrumb","itemListElement":[{"@type":"ListItem","position":1,"name":"Home","item":"https:\/\/www.compassexams.ca\/fr\/"},{"@type":"ListItem","position":2,"name":"R\u00e9glementation sur l\u2019\u00ce.-P.-\u00c9."}]},{"@type":"WebSite","@id":"https:\/\/www.compassexams.ca\/#website","url":"https:\/\/www.compassexams.ca\/","name":"COMPASS Centre for Examination Development","description":"","potentialAction":[{"@type":"SearchAction","target":{"@type":"EntryPoint","urlTemplate":"https:\/\/www.compassexams.ca\/?s={search_term_string}"},"query-input":{"@type":"PropertyValueSpecification","valueRequired":true,"valueName":"search_term_string"}}],"inLanguage":"fr-FR"}]}},"_links":{"self":[{"href":"https:\/\/www.compassexams.ca\/fr\/wp-json\/wp\/v2\/pages\/485","targetHints":{"allow":["GET"]}}],"collection":[{"href":"https:\/\/www.compassexams.ca\/fr\/wp-json\/wp\/v2\/pages"}],"about":[{"href":"https:\/\/www.compassexams.ca\/fr\/wp-json\/wp\/v2\/types\/page"}],"author":[{"embeddable":true,"href":"https:\/\/www.compassexams.ca\/fr\/wp-json\/wp\/v2\/users\/3"}],"replies":[{"embeddable":true,"href":"https:\/\/www.compassexams.ca\/fr\/wp-json\/wp\/v2\/comments?post=485"}],"version-history":[{"count":3,"href":"https:\/\/www.compassexams.ca\/fr\/wp-json\/wp\/v2\/pages\/485\/revisions"}],"predecessor-version":[{"id":647,"href":"https:\/\/www.compassexams.ca\/fr\/wp-json\/wp\/v2\/pages\/485\/revisions\/647"}],"wp:attachment":[{"href":"https:\/\/www.compassexams.ca\/fr\/wp-json\/wp\/v2\/media?parent=485"}],"curies":[{"name":"wp","href":"https:\/\/api.w.org\/{rel}","templated":true}]}}