{"id":483,"date":"2019-04-11T14:43:50","date_gmt":"2019-04-11T18:43:50","guid":{"rendered":"https:\/\/compass.machinedev.ca\/ns-regulation\/"},"modified":"2019-07-25T16:51:39","modified_gmt":"2019-07-25T20:51:39","slug":"ns-regulation","status":"publish","type":"page","link":"https:\/\/www.compassexams.ca\/fr\/ns-regulation\/","title":{"rendered":"R\u00e9glementation en N.-\u00c9."},"content":{"rendered":"\n<h5 class=\"wp-block-heading\" style=\"text-align:center\"><em>Courant en date du 5\u00a0mai 2019<\/em><br><\/h5>\n\n\n\n<p><strong>Statut\u00a0: r\u00e9glement\u00e9<\/strong><\/p>\n\n\n\n<p><strong>Type de r\u00e9glementation\u00a0: protection du titre<\/strong><\/p>\n\n\n\n<p><strong>Titre prot\u00e9g\u00e9\u00a0: Conseiller th\u00e9rapeute autoris\u00e9<\/strong><\/p>\n\n\n\n<h5 class=\"wp-block-heading\"><strong>Site Web : www.nscct.ca<\/strong><br><\/h5>\n\n\n\n<ul class=\"wp-block-list\"><li>La <em>Counselling Therapist Act<\/em> a \u00e9t\u00e9 promulgu\u00e9e le 11&nbsp;octobre 2011.<\/li><li>La r\u00e9glementation rel\u00e8ve de la <em>Regulated Health Professions Network Act (RPHNA)<\/em>.<\/li><li>Le <em>Nova Scotia College of Counselling Therapists (NSCCT)<\/em> est l\u2019organisme de r\u00e9glementation.<\/li><li>Il remet les titres professionnels. Ils comprennent les titres de <em>Registered Counselling Therapist \u2014 Candidate (RCT-C)<\/em>\/Conseiller th\u00e9rapeute autoris\u00e9 \u2014 Candidat (CTA-C) et <em>Registered Counselling Therapist (RCT)<\/em>\/Conseiller th\u00e9rapeute autoris\u00e9 (CTA).<\/li><li>Le NSCCT comprend environ 200 membres.<\/li><li>Ses activit\u00e9s comprennent&nbsp;:<ul><li>la r\u00e9glementation des conseillers th\u00e9rapeutes (y compris la surveillance \u00e9thique);<\/li><li>la protection du public;<\/li><li>la sensibilisation des employeurs, des assureurs et du public au sujet du mandat et du r\u00f4le du Coll\u00e8ge, des titres et des comp\u00e9tences de ses membres;<ul><li>Pression sur les employeurs et les assureurs;<\/li><\/ul><\/li><li>le d\u00e9veloppement professionnel des membres dans les domaines de l\u2019\u00e9thique et de la supervision;<\/li><\/ul><\/li><li>Le Coll\u00e8ge adopte une approche collaborative interprofessionnelle pour le d\u00e9veloppement professionnel.<\/li><\/ul>\n","protected":false},"excerpt":{"rendered":"<p>Courant en date du 5\u00a0mai 2019 Statut\u00a0: r\u00e9glement\u00e9 Type de r\u00e9glementation\u00a0: protection du titre Titre prot\u00e9g\u00e9\u00a0: Conseiller th\u00e9rapeute autoris\u00e9 Site Web : www.nscct.ca La Counselling Therapist Act a \u00e9t\u00e9 promulgu\u00e9e le 11&nbsp;octobre 2011. La r\u00e9glementation rel\u00e8ve de la Regulated Health Professions Network Act (RPHNA). Le Nova Scotia College of Counselling Therapists (NSCCT) est l\u2019organisme de [&hellip;]<\/p>\n","protected":false},"author":3,"featured_media":0,"parent":0,"menu_order":0,"comment_status":"closed","ping_status":"closed","template":"","meta":{"_acf_changed":false,"footnotes":""},"class_list":["post-483","page","type-page","status-publish","hentry"],"acf":[],"yoast_head":"<!-- This site is optimized with the Yoast SEO plugin v27.5 - https:\/\/yoast.com\/product\/yoast-seo-wordpress\/ -->\n<title>R\u00e9glementation en N.-\u00c9. - COMPASS Centre for Examination Development<\/title>\n<meta name=\"robots\" content=\"index, follow, max-snippet:-1, max-image-preview:large, max-video-preview:-1\" \/>\n<link rel=\"canonical\" href=\"https:\/\/www.compassexams.ca\/fr\/ns-regulation\/\" \/>\n<meta property=\"og:locale\" content=\"fr_FR\" \/>\n<meta property=\"og:type\" content=\"article\" \/>\n<meta property=\"og:title\" content=\"R\u00e9glementation en N.-\u00c9. - COMPASS Centre for Examination Development\" \/>\n<meta property=\"og:description\" content=\"Courant en date du 5\u00a0mai 2019 Statut\u00a0: r\u00e9glement\u00e9 Type de r\u00e9glementation\u00a0: protection du titre Titre prot\u00e9g\u00e9\u00a0: Conseiller th\u00e9rapeute autoris\u00e9 Site Web : www.nscct.ca La Counselling Therapist Act a \u00e9t\u00e9 promulgu\u00e9e le 11&nbsp;octobre 2011. La r\u00e9glementation rel\u00e8ve de la Regulated Health Professions Network Act (RPHNA). Le Nova Scotia College of Counselling Therapists (NSCCT) est l\u2019organisme de [&hellip;]\" \/>\n<meta property=\"og:url\" content=\"https:\/\/www.compassexams.ca\/fr\/ns-regulation\/\" \/>\n<meta property=\"og:site_name\" content=\"COMPASS Centre for Examination Development\" \/>\n<meta property=\"article:modified_time\" content=\"2019-07-25T20:51:39+00:00\" \/>\n<meta name=\"twitter:card\" content=\"summary_large_image\" \/>\n<meta name=\"twitter:label1\" content=\"Dur\u00e9e de lecture estim\u00e9e\" \/>\n\t<meta name=\"twitter:data1\" content=\"1 minute\" \/>\n<script type=\"application\/ld+json\" class=\"yoast-schema-graph\">{\"@context\":\"https:\\\/\\\/schema.org\",\"@graph\":[{\"@type\":\"WebPage\",\"@id\":\"https:\\\/\\\/www.compassexams.ca\\\/fr\\\/ns-regulation\\\/\",\"url\":\"https:\\\/\\\/www.compassexams.ca\\\/fr\\\/ns-regulation\\\/\",\"name\":\"R\u00e9glementation en N.-\u00c9. - COMPASS Centre for Examination Development\",\"isPartOf\":{\"@id\":\"https:\\\/\\\/www.compassexams.ca\\\/#website\"},\"datePublished\":\"2019-04-11T18:43:50+00:00\",\"dateModified\":\"2019-07-25T20:51:39+00:00\",\"breadcrumb\":{\"@id\":\"https:\\\/\\\/www.compassexams.ca\\\/fr\\\/ns-regulation\\\/#breadcrumb\"},\"inLanguage\":\"fr-FR\",\"potentialAction\":[{\"@type\":\"ReadAction\",\"target\":[\"https:\\\/\\\/www.compassexams.ca\\\/fr\\\/ns-regulation\\\/\"]}]},{\"@type\":\"BreadcrumbList\",\"@id\":\"https:\\\/\\\/www.compassexams.ca\\\/fr\\\/ns-regulation\\\/#breadcrumb\",\"itemListElement\":[{\"@type\":\"ListItem\",\"position\":1,\"name\":\"Home\",\"item\":\"https:\\\/\\\/www.compassexams.ca\\\/fr\\\/\"},{\"@type\":\"ListItem\",\"position\":2,\"name\":\"R\u00e9glementation en N.-\u00c9.\"}]},{\"@type\":\"WebSite\",\"@id\":\"https:\\\/\\\/www.compassexams.ca\\\/#website\",\"url\":\"https:\\\/\\\/www.compassexams.ca\\\/\",\"name\":\"COMPASS Centre for Examination Development\",\"description\":\"\",\"potentialAction\":[{\"@type\":\"SearchAction\",\"target\":{\"@type\":\"EntryPoint\",\"urlTemplate\":\"https:\\\/\\\/www.compassexams.ca\\\/?s={search_term_string}\"},\"query-input\":{\"@type\":\"PropertyValueSpecification\",\"valueRequired\":true,\"valueName\":\"search_term_string\"}}],\"inLanguage\":\"fr-FR\"}]}<\/script>\n<!-- \/ Yoast SEO plugin. -->","yoast_head_json":{"title":"R\u00e9glementation en N.-\u00c9. - COMPASS Centre for Examination Development","robots":{"index":"index","follow":"follow","max-snippet":"max-snippet:-1","max-image-preview":"max-image-preview:large","max-video-preview":"max-video-preview:-1"},"canonical":"https:\/\/www.compassexams.ca\/fr\/ns-regulation\/","og_locale":"fr_FR","og_type":"article","og_title":"R\u00e9glementation en N.-\u00c9. - COMPASS Centre for Examination Development","og_description":"Courant en date du 5\u00a0mai 2019 Statut\u00a0: r\u00e9glement\u00e9 Type de r\u00e9glementation\u00a0: protection du titre Titre prot\u00e9g\u00e9\u00a0: Conseiller th\u00e9rapeute autoris\u00e9 Site Web : www.nscct.ca La Counselling Therapist Act a \u00e9t\u00e9 promulgu\u00e9e le 11&nbsp;octobre 2011. La r\u00e9glementation rel\u00e8ve de la Regulated Health Professions Network Act (RPHNA). Le Nova Scotia College of Counselling Therapists (NSCCT) est l\u2019organisme de [&hellip;]","og_url":"https:\/\/www.compassexams.ca\/fr\/ns-regulation\/","og_site_name":"COMPASS Centre for Examination Development","article_modified_time":"2019-07-25T20:51:39+00:00","twitter_card":"summary_large_image","twitter_misc":{"Dur\u00e9e de lecture estim\u00e9e":"1 minute"},"schema":{"@context":"https:\/\/schema.org","@graph":[{"@type":"WebPage","@id":"https:\/\/www.compassexams.ca\/fr\/ns-regulation\/","url":"https:\/\/www.compassexams.ca\/fr\/ns-regulation\/","name":"R\u00e9glementation en N.-\u00c9. - COMPASS Centre for Examination Development","isPartOf":{"@id":"https:\/\/www.compassexams.ca\/#website"},"datePublished":"2019-04-11T18:43:50+00:00","dateModified":"2019-07-25T20:51:39+00:00","breadcrumb":{"@id":"https:\/\/www.compassexams.ca\/fr\/ns-regulation\/#breadcrumb"},"inLanguage":"fr-FR","potentialAction":[{"@type":"ReadAction","target":["https:\/\/www.compassexams.ca\/fr\/ns-regulation\/"]}]},{"@type":"BreadcrumbList","@id":"https:\/\/www.compassexams.ca\/fr\/ns-regulation\/#breadcrumb","itemListElement":[{"@type":"ListItem","position":1,"name":"Home","item":"https:\/\/www.compassexams.ca\/fr\/"},{"@type":"ListItem","position":2,"name":"R\u00e9glementation en N.-\u00c9."}]},{"@type":"WebSite","@id":"https:\/\/www.compassexams.ca\/#website","url":"https:\/\/www.compassexams.ca\/","name":"COMPASS Centre for Examination Development","description":"","potentialAction":[{"@type":"SearchAction","target":{"@type":"EntryPoint","urlTemplate":"https:\/\/www.compassexams.ca\/?s={search_term_string}"},"query-input":{"@type":"PropertyValueSpecification","valueRequired":true,"valueName":"search_term_string"}}],"inLanguage":"fr-FR"}]}},"_links":{"self":[{"href":"https:\/\/www.compassexams.ca\/fr\/wp-json\/wp\/v2\/pages\/483","targetHints":{"allow":["GET"]}}],"collection":[{"href":"https:\/\/www.compassexams.ca\/fr\/wp-json\/wp\/v2\/pages"}],"about":[{"href":"https:\/\/www.compassexams.ca\/fr\/wp-json\/wp\/v2\/types\/page"}],"author":[{"embeddable":true,"href":"https:\/\/www.compassexams.ca\/fr\/wp-json\/wp\/v2\/users\/3"}],"replies":[{"embeddable":true,"href":"https:\/\/www.compassexams.ca\/fr\/wp-json\/wp\/v2\/comments?post=483"}],"version-history":[{"count":2,"href":"https:\/\/www.compassexams.ca\/fr\/wp-json\/wp\/v2\/pages\/483\/revisions"}],"predecessor-version":[{"id":639,"href":"https:\/\/www.compassexams.ca\/fr\/wp-json\/wp\/v2\/pages\/483\/revisions\/639"}],"wp:attachment":[{"href":"https:\/\/www.compassexams.ca\/fr\/wp-json\/wp\/v2\/media?parent=483"}],"curies":[{"name":"wp","href":"https:\/\/api.w.org\/{rel}","templated":true}]}}