{"id":481,"date":"2019-04-11T14:06:59","date_gmt":"2019-04-11T18:06:59","guid":{"rendered":"https:\/\/compass.machinedev.ca\/nb-regulation\/"},"modified":"2019-07-25T16:44:55","modified_gmt":"2019-07-25T20:44:55","slug":"nb-regulation","status":"publish","type":"page","link":"https:\/\/www.compassexams.ca\/fr\/nb-regulation\/","title":{"rendered":"R\u00e9glementation au NB"},"content":{"rendered":"\n<h5 class=\"wp-block-heading\" style=\"text-align:center\"><em>Courant \u00e0 compter du 5 mai 2019C<\/em>S<\/h5>\n\n\n\n<p><strong>Statut\u00a0: R\u00e9glement\u00e9<\/strong><\/p>\n\n\n\n<p><strong>Type de r\u00e9glementation\u00a0: Protection du titre<\/strong><\/p>\n\n\n\n<p><strong>Titres prot\u00e9g\u00e9s\u00a0: Conseiller th\u00e9rapeute autoris\u00e9, Conseiller d\u2019orientation autoris\u00e9<\/strong><br><\/p>\n\n\n\n<p><strong>Site Web\u00a0: www.cctnb.ca<\/strong><\/p>\n\n\n\n<ul class=\"wp-block-list\"><li>Divers groupes au Nouveau-Brunswick cherchent \u00e0 obtenir une r\u00e9glementation depuis plus de 21 ans.<\/li><li>Une f\u00e9d\u00e9ration regroupant trois groupes de counseling (le Coll\u00e8ge des conseillers et conseill\u00e8res th\u00e9rapeutes du Nouveau-Brunswick (CCTNB); la New Brunswick Professional Counselling Association (NBPCA) et l\u2019Association francophone des conseill\u00e8res et des conseillers en orientation du Nouveau-Brunswick (AFCONB)) a \u00e9t\u00e9 form\u00e9e pour faire avancer la r\u00e9glementation des conseillers.<\/li><li>Au Nouveau-Brunswick, ce type de l\u00e9gislation doit \u00eatre pr\u00e9sent\u00e9 en tant que projet de loi d\u2019initiative parlementaire.<\/li><li>En mars 2014, cette f\u00e9d\u00e9ration a engag\u00e9 un conseiller juridique&nbsp;: une \u00e9tape essentielle pour faire avancer le projet de loi.<\/li><li>Le Projet de loi&nbsp;64, la <em>Loi r\u00e9gissant la profession de conseiller et de conseill\u00e8re th\u00e9rapeute agr\u00e9\u00e9s,<\/em> a \u00e9t\u00e9 distribu\u00e9 aupr\u00e8s de diverses organisations par le conseiller juridique de la f\u00e9d\u00e9ration pour que ces derni\u00e8res le commentent.<\/li><li>Le Projet de loi&nbsp;64 est pass\u00e9 en premi\u00e8re lecture en mars 2017.<\/li><li>La Loi est pass\u00e9e devant le comit\u00e9 de surveillance le 11&nbsp;avril 2017.<\/li><li>Les 2e et 3e lectures se sont d\u00e9roul\u00e9es pendant la semaine du 1er&nbsp;mai 2017<\/li><li>La loi a re\u00e7u la sanction royale le 5&nbsp;mai 2017.<\/li><li>Le coll\u00e8ge a \u00e9t\u00e9 proclam\u00e9 le 1er&nbsp;juin 2017; il est aujourd\u2019hui op\u00e9rationnel.<\/li><li>Il comprend actuellement 200 membres.<\/li><li>La p\u00e9riode de reconnaissance des droits acquis se termine le 31&nbsp;mai 2020.<\/li><\/ul>\n","protected":false},"excerpt":{"rendered":"<p>Courant \u00e0 compter du 5 mai 2019CS Statut\u00a0: R\u00e9glement\u00e9 Type de r\u00e9glementation\u00a0: Protection du titre Titres prot\u00e9g\u00e9s\u00a0: Conseiller th\u00e9rapeute autoris\u00e9, Conseiller d\u2019orientation autoris\u00e9 Site Web\u00a0: www.cctnb.ca Divers groupes au Nouveau-Brunswick cherchent \u00e0 obtenir une r\u00e9glementation depuis plus de 21 ans. Une f\u00e9d\u00e9ration regroupant trois groupes de counseling (le Coll\u00e8ge des conseillers et conseill\u00e8res th\u00e9rapeutes du [&hellip;]<\/p>\n","protected":false},"author":3,"featured_media":0,"parent":0,"menu_order":0,"comment_status":"closed","ping_status":"closed","template":"","meta":{"_acf_changed":false,"footnotes":""},"class_list":["post-481","page","type-page","status-publish","hentry"],"acf":[],"yoast_head":"<!-- This site is optimized with the Yoast SEO plugin v27.3 - https:\/\/yoast.com\/product\/yoast-seo-wordpress\/ -->\n<title>R\u00e9glementation au NB - COMPASS Centre for Examination Development<\/title>\n<meta name=\"robots\" content=\"index, follow, max-snippet:-1, max-image-preview:large, max-video-preview:-1\" \/>\n<link rel=\"canonical\" href=\"https:\/\/www.compassexams.ca\/fr\/nb-regulation\/\" \/>\n<meta property=\"og:locale\" content=\"fr_FR\" \/>\n<meta property=\"og:type\" content=\"article\" \/>\n<meta property=\"og:title\" content=\"R\u00e9glementation au NB - COMPASS Centre for Examination Development\" \/>\n<meta property=\"og:description\" content=\"Courant \u00e0 compter du 5 mai 2019CS Statut\u00a0: R\u00e9glement\u00e9 Type de r\u00e9glementation\u00a0: Protection du titre Titres prot\u00e9g\u00e9s\u00a0: Conseiller th\u00e9rapeute autoris\u00e9, Conseiller d\u2019orientation autoris\u00e9 Site Web\u00a0: www.cctnb.ca Divers groupes au Nouveau-Brunswick cherchent \u00e0 obtenir une r\u00e9glementation depuis plus de 21 ans. Une f\u00e9d\u00e9ration regroupant trois groupes de counseling (le Coll\u00e8ge des conseillers et conseill\u00e8res th\u00e9rapeutes du [&hellip;]\" \/>\n<meta property=\"og:url\" content=\"https:\/\/www.compassexams.ca\/fr\/nb-regulation\/\" \/>\n<meta property=\"og:site_name\" content=\"COMPASS Centre for Examination Development\" \/>\n<meta property=\"article:modified_time\" content=\"2019-07-25T20:44:55+00:00\" \/>\n<meta name=\"twitter:card\" content=\"summary_large_image\" \/>\n<meta name=\"twitter:label1\" content=\"Dur\u00e9e de lecture estim\u00e9e\" \/>\n\t<meta name=\"twitter:data1\" content=\"1 minute\" \/>\n<script type=\"application\/ld+json\" class=\"yoast-schema-graph\">{\"@context\":\"https:\\\/\\\/schema.org\",\"@graph\":[{\"@type\":\"WebPage\",\"@id\":\"https:\\\/\\\/www.compassexams.ca\\\/fr\\\/nb-regulation\\\/\",\"url\":\"https:\\\/\\\/www.compassexams.ca\\\/fr\\\/nb-regulation\\\/\",\"name\":\"R\u00e9glementation au NB - COMPASS Centre for Examination Development\",\"isPartOf\":{\"@id\":\"https:\\\/\\\/www.compassexams.ca\\\/#website\"},\"datePublished\":\"2019-04-11T18:06:59+00:00\",\"dateModified\":\"2019-07-25T20:44:55+00:00\",\"breadcrumb\":{\"@id\":\"https:\\\/\\\/www.compassexams.ca\\\/fr\\\/nb-regulation\\\/#breadcrumb\"},\"inLanguage\":\"fr-FR\",\"potentialAction\":[{\"@type\":\"ReadAction\",\"target\":[\"https:\\\/\\\/www.compassexams.ca\\\/fr\\\/nb-regulation\\\/\"]}]},{\"@type\":\"BreadcrumbList\",\"@id\":\"https:\\\/\\\/www.compassexams.ca\\\/fr\\\/nb-regulation\\\/#breadcrumb\",\"itemListElement\":[{\"@type\":\"ListItem\",\"position\":1,\"name\":\"Home\",\"item\":\"https:\\\/\\\/www.compassexams.ca\\\/fr\\\/\"},{\"@type\":\"ListItem\",\"position\":2,\"name\":\"R\u00e9glementation au NB\"}]},{\"@type\":\"WebSite\",\"@id\":\"https:\\\/\\\/www.compassexams.ca\\\/#website\",\"url\":\"https:\\\/\\\/www.compassexams.ca\\\/\",\"name\":\"COMPASS Centre for Examination Development\",\"description\":\"\",\"potentialAction\":[{\"@type\":\"SearchAction\",\"target\":{\"@type\":\"EntryPoint\",\"urlTemplate\":\"https:\\\/\\\/www.compassexams.ca\\\/?s={search_term_string}\"},\"query-input\":{\"@type\":\"PropertyValueSpecification\",\"valueRequired\":true,\"valueName\":\"search_term_string\"}}],\"inLanguage\":\"fr-FR\"}]}<\/script>\n<!-- \/ Yoast SEO plugin. -->","yoast_head_json":{"title":"R\u00e9glementation au NB - COMPASS Centre for Examination Development","robots":{"index":"index","follow":"follow","max-snippet":"max-snippet:-1","max-image-preview":"max-image-preview:large","max-video-preview":"max-video-preview:-1"},"canonical":"https:\/\/www.compassexams.ca\/fr\/nb-regulation\/","og_locale":"fr_FR","og_type":"article","og_title":"R\u00e9glementation au NB - COMPASS Centre for Examination Development","og_description":"Courant \u00e0 compter du 5 mai 2019CS Statut\u00a0: R\u00e9glement\u00e9 Type de r\u00e9glementation\u00a0: Protection du titre Titres prot\u00e9g\u00e9s\u00a0: Conseiller th\u00e9rapeute autoris\u00e9, Conseiller d\u2019orientation autoris\u00e9 Site Web\u00a0: www.cctnb.ca Divers groupes au Nouveau-Brunswick cherchent \u00e0 obtenir une r\u00e9glementation depuis plus de 21 ans. Une f\u00e9d\u00e9ration regroupant trois groupes de counseling (le Coll\u00e8ge des conseillers et conseill\u00e8res th\u00e9rapeutes du [&hellip;]","og_url":"https:\/\/www.compassexams.ca\/fr\/nb-regulation\/","og_site_name":"COMPASS Centre for Examination Development","article_modified_time":"2019-07-25T20:44:55+00:00","twitter_card":"summary_large_image","twitter_misc":{"Dur\u00e9e de lecture estim\u00e9e":"1 minute"},"schema":{"@context":"https:\/\/schema.org","@graph":[{"@type":"WebPage","@id":"https:\/\/www.compassexams.ca\/fr\/nb-regulation\/","url":"https:\/\/www.compassexams.ca\/fr\/nb-regulation\/","name":"R\u00e9glementation au NB - COMPASS Centre for Examination Development","isPartOf":{"@id":"https:\/\/www.compassexams.ca\/#website"},"datePublished":"2019-04-11T18:06:59+00:00","dateModified":"2019-07-25T20:44:55+00:00","breadcrumb":{"@id":"https:\/\/www.compassexams.ca\/fr\/nb-regulation\/#breadcrumb"},"inLanguage":"fr-FR","potentialAction":[{"@type":"ReadAction","target":["https:\/\/www.compassexams.ca\/fr\/nb-regulation\/"]}]},{"@type":"BreadcrumbList","@id":"https:\/\/www.compassexams.ca\/fr\/nb-regulation\/#breadcrumb","itemListElement":[{"@type":"ListItem","position":1,"name":"Home","item":"https:\/\/www.compassexams.ca\/fr\/"},{"@type":"ListItem","position":2,"name":"R\u00e9glementation au NB"}]},{"@type":"WebSite","@id":"https:\/\/www.compassexams.ca\/#website","url":"https:\/\/www.compassexams.ca\/","name":"COMPASS Centre for Examination Development","description":"","potentialAction":[{"@type":"SearchAction","target":{"@type":"EntryPoint","urlTemplate":"https:\/\/www.compassexams.ca\/?s={search_term_string}"},"query-input":{"@type":"PropertyValueSpecification","valueRequired":true,"valueName":"search_term_string"}}],"inLanguage":"fr-FR"}]}},"_links":{"self":[{"href":"https:\/\/www.compassexams.ca\/fr\/wp-json\/wp\/v2\/pages\/481","targetHints":{"allow":["GET"]}}],"collection":[{"href":"https:\/\/www.compassexams.ca\/fr\/wp-json\/wp\/v2\/pages"}],"about":[{"href":"https:\/\/www.compassexams.ca\/fr\/wp-json\/wp\/v2\/types\/page"}],"author":[{"embeddable":true,"href":"https:\/\/www.compassexams.ca\/fr\/wp-json\/wp\/v2\/users\/3"}],"replies":[{"embeddable":true,"href":"https:\/\/www.compassexams.ca\/fr\/wp-json\/wp\/v2\/comments?post=481"}],"version-history":[{"count":4,"href":"https:\/\/www.compassexams.ca\/fr\/wp-json\/wp\/v2\/pages\/481\/revisions"}],"predecessor-version":[{"id":635,"href":"https:\/\/www.compassexams.ca\/fr\/wp-json\/wp\/v2\/pages\/481\/revisions\/635"}],"wp:attachment":[{"href":"https:\/\/www.compassexams.ca\/fr\/wp-json\/wp\/v2\/media?parent=481"}],"curies":[{"name":"wp","href":"https:\/\/api.w.org\/{rel}","templated":true}]}}