{"id":463,"date":"2019-04-11T11:36:27","date_gmt":"2019-04-11T15:36:27","guid":{"rendered":"https:\/\/compass.machinedev.ca\/ontario-regulation-history\/"},"modified":"2019-04-15T16:49:50","modified_gmt":"2019-04-15T20:49:50","slug":"ontario-regulation-history","status":"publish","type":"page","link":"https:\/\/www.compassexams.ca\/fr\/ontario-regulation-history\/","title":{"rendered":"Historique de la r\u00e9glementation en Ontario"},"content":{"rendered":"\n<p style=\"text-align:center\"><em>Courant \u00e0 compter du 6 ao\u00fbt<\/em><br><br><\/p>\n\n\n\n<p><u>Alliance de l&rsquo;Ontario<br><\/u>En 2002, un groupe d&rsquo;associations professionnelles appel\u00e9 l&rsquo;Alliance de l&rsquo;Ontario pour les professionnels de la sant\u00e9 mentale ont form\u00e9 une coalition. Ce groupe est compos\u00e9 de repr\u00e9sentants de 17 associations diff\u00e9rentes, y compris l&rsquo;ACCP. L&rsquo;Alliance a eu une contribution importante li\u00e9e \u00e0 des initiatives r\u00e9glementaires prises par le Minist\u00e8re de la Sant\u00e9.\u00a0<br><br>Les nombreux praticiens que repr\u00e9sente l&rsquo;Alliance portent divers titres, dont ceux de conseiller, th\u00e9rapeute et psychoth\u00e9rapeute. Nous pr\u00e9voyons que la plupart de ces professionnels seront admis dans le nouvel ordre, y compris les membres ontariens de l&rsquo;ACCP qui ont acquis le titre de\u00a0<em>Conseiller Canadien Certifi\u00e9 (CCC)<\/em>. Il va de soi que nous ne sommes pas certains de ce r\u00e9sultat, les nombreux \u00e9l\u00e9ments de cette nouvelle loi administrative, tels que les comp\u00e9tences pour \u00eatre admis dans la profession, n&rsquo;ont pas encore re\u00e7u l\u2019approbation finale du Minist\u00e8re de la sant\u00e9 et des soins de longue dur\u00e9e.<\/p>\n\n\n\n<p><u>Conseil transitoire<br><\/u>En 2007, le gouvernement de l&rsquo;Ontario a adopt\u00e9 une l\u00e9gislation modifiant la Loi sur les professions de la sant\u00e9 r\u00e9glement\u00e9es en y ajoutant un chapitre intitul\u00e9\u00a0<a href=\"http:\/\/www.e-laws.gov.on.ca\/html\/statutes\/french\/elaws_statutes_07p10_f.htm\">Annexe R : Loi sur les psychoth\u00e9rapeutes autoris\u00e9s et les th\u00e9rapeutes autoris\u00e9s en sant\u00e9 mentale.<\/a>\u00a0Cette loi pourvoit \u00e0 la cr\u00e9ation d&rsquo;un ordre qui r\u00e9glementera, pour la premi\u00e8re fois, des professionnels ayant les titres de psychoth\u00e9rapeute autoris\u00e9 et th\u00e9rapeute autoris\u00e9 en sant\u00e9 mentale. Comme la loi a \u00e9t\u00e9 adopt\u00e9e, les activit\u00e9s portent d\u00e9sormais sur l&rsquo;\u00e9laboration de protocoles administratifs et de normes pour rendre op\u00e9rationnelle cette nouvelle l\u00e9gislation.\u00a0\u00a0<br><br>Le groupe qui determine les r\u00e8gles et protocoles est le Conseil transitoire. Les membres du Conseil transitoire (qui \u00e9nonceront les exigences d&rsquo;admission au nouvel ordre) ont \u00e9t\u00e9 nomm\u00e9s le 23 octobre, 2009. Le Conseil transitoire de l&rsquo;ordre des psychoth\u00e9rapeutes autoris\u00e9s et des th\u00e9rapeutes autoris\u00e9s en sant\u00e9 mentale de l&rsquo;Ontario maintient un\u00a0<a href=\"http:\/\/www.collegeofpsychotherapists.on.ca\/pages\/Home\">site internet<\/a>\u00a0avec les derniers d\u00e9veloppements concernant la r\u00e9glementation.\u00a0<br><br>Il convient de souligner qu\u2019en janvier 2013, le ministre des Soins de longue dur\u00e9e a pr\u00e9cis\u00e9 la port\u00e9e de la r\u00e9glementation de la profession en Ontario. Le titre de Th\u00e9rapeute autoris\u00e9 en sant\u00e9 mentale a \u00e9t\u00e9 suspendu jusqu\u2019\u00e0 ce que de plus amples \u00e9tudes puissent \u00eatre men\u00e9es. Par cons\u00e9quent, lorsque le nouvel ordre professionnel entrera en fonction, il n\u2019offrira que le seul titre de Psychoth\u00e9rapeute autoris\u00e9.<\/p>\n\n\n\n<p>Pour que l\u2019Ordre puisse entrer en fonction, la Loi de 2007 sur la psychoth\u00e9rapie doit \u00eatre enti\u00e8rement promulgu\u00e9e par le gouvernement de l\u2019Ontario. Or, pour le moment, seules certaines dispositions ayant trait \u00e0 la nomination du Conseil et du Registraire et au fonctionnement du Conseil transitoire ont \u00e9t\u00e9 promulgu\u00e9es. La promulgation compl\u00e8te ne surviendra pas tant que les r\u00e8glements pr\u00e9liminaires n\u2019auront pas \u00e9t\u00e9 approuv\u00e9s par le gouvernement et que d\u2019autres programmes et processus n\u2019auront pas \u00e9t\u00e9 instaur\u00e9s, ce qui est maintenant pr\u00e9vu pour le 1<sup>er<\/sup>&nbsp;avril 2014.<br><br>Le Conseil transitoire travaille encore \u00e0 l\u2019\u00e9laboration des r\u00e8glements et des programmes qui doivent \u00eatre instaur\u00e9s avant que le nouvel Ordre puisse commencer \u00e0 fonctionner. L\u2019Ordre esp\u00e8re pouvoir entreprendre la pr\u00e9inscription des candidats \u00e0 la reconnaissance de droits acquis \u00e0 compter d&rsquo;octobre 2013, et celle des candidats ordinaires \u00e0 compter de janvier 2014. Le site web du Conseil transitoire contient des renseignements complets, et l\u2019on recommande fortement \u00e0 tous les praticiens ontariens de le consulter r\u00e9guli\u00e8rement, car de nouveaux renseignements y apparaissent chaque mois.<\/p>\n\n\n\n<p>Apr\u00e8s l\u2019adoption de la nouvelle&nbsp;<em>Loi de 2007 sur les psychoth\u00e9rapeutes de l\u2019Ontario<\/em>&nbsp;et la constitution du nouvel Ordre des psychoth\u00e9rapeutes autoris\u00e9s de l&rsquo;Ontario, si un psychoth\u00e9rapeute autoris\u00e9 souhaite poursuivre sa pratique \u00e0 travers une soci\u00e9t\u00e9, il doit le faire en tant que \u00ab&nbsp;<strong>soci\u00e9t\u00e9 professionnelle&nbsp;\u00bb<\/strong>&nbsp;constitu\u00e9e en vertu des dispositions de la&nbsp;<strong><em>Loi<\/em><\/strong><strong><em>&nbsp;sur les soci\u00e9t\u00e9s par actions<\/em><\/strong>&nbsp;<strong>de l&rsquo;Ontario<\/strong>&nbsp;(\u00ab&nbsp;<strong><em>LSAO&nbsp;\u00bb<\/em><\/strong>).<br><br>Pour plus d&rsquo;information au sujet des soci\u00e9t\u00e9s professionnelles,&nbsp;<a href=\"http:\/\/www.ccpa-accp.ca\/fr\/professionalcorporations\">cliquez ici<\/a>.<\/p>\n","protected":false},"excerpt":{"rendered":"<p>Courant \u00e0 compter du 6 ao\u00fbt Alliance de l&rsquo;OntarioEn 2002, un groupe d&rsquo;associations professionnelles appel\u00e9 l&rsquo;Alliance de l&rsquo;Ontario pour les professionnels de la sant\u00e9 mentale ont form\u00e9 une coalition. Ce groupe est compos\u00e9 de repr\u00e9sentants de 17 associations diff\u00e9rentes, y compris l&rsquo;ACCP. L&rsquo;Alliance a eu une contribution importante li\u00e9e \u00e0 des initiatives r\u00e9glementaires prises par [&hellip;]<\/p>\n","protected":false},"author":3,"featured_media":0,"parent":0,"menu_order":0,"comment_status":"closed","ping_status":"closed","template":"","meta":{"_acf_changed":false,"footnotes":""},"class_list":["post-463","page","type-page","status-publish","hentry"],"acf":[],"yoast_head":"<!-- This site is optimized with the Yoast SEO plugin v27.5 - https:\/\/yoast.com\/product\/yoast-seo-wordpress\/ -->\n<title>Historique de la r\u00e9glementation en Ontario - COMPASS Centre for Examination Development<\/title>\n<meta name=\"robots\" content=\"index, follow, max-snippet:-1, max-image-preview:large, max-video-preview:-1\" \/>\n<link rel=\"canonical\" href=\"https:\/\/www.compassexams.ca\/fr\/ontario-regulation-history\/\" \/>\n<meta property=\"og:locale\" content=\"fr_FR\" \/>\n<meta property=\"og:type\" content=\"article\" \/>\n<meta property=\"og:title\" content=\"Historique de la r\u00e9glementation en Ontario - COMPASS Centre for Examination Development\" \/>\n<meta property=\"og:description\" content=\"Courant \u00e0 compter du 6 ao\u00fbt Alliance de l&rsquo;OntarioEn 2002, un groupe d&rsquo;associations professionnelles appel\u00e9 l&rsquo;Alliance de l&rsquo;Ontario pour les professionnels de la sant\u00e9 mentale ont form\u00e9 une coalition. Ce groupe est compos\u00e9 de repr\u00e9sentants de 17 associations diff\u00e9rentes, y compris l&rsquo;ACCP. L&rsquo;Alliance a eu une contribution importante li\u00e9e \u00e0 des initiatives r\u00e9glementaires prises par [&hellip;]\" \/>\n<meta property=\"og:url\" content=\"https:\/\/www.compassexams.ca\/fr\/ontario-regulation-history\/\" \/>\n<meta property=\"og:site_name\" content=\"COMPASS Centre for Examination Development\" \/>\n<meta property=\"article:modified_time\" content=\"2019-04-15T20:49:50+00:00\" \/>\n<meta name=\"twitter:card\" content=\"summary_large_image\" \/>\n<meta name=\"twitter:label1\" content=\"Dur\u00e9e de lecture estim\u00e9e\" \/>\n\t<meta name=\"twitter:data1\" content=\"3 minutes\" \/>\n<script type=\"application\/ld+json\" class=\"yoast-schema-graph\">{\"@context\":\"https:\\\/\\\/schema.org\",\"@graph\":[{\"@type\":\"WebPage\",\"@id\":\"https:\\\/\\\/www.compassexams.ca\\\/fr\\\/ontario-regulation-history\\\/\",\"url\":\"https:\\\/\\\/www.compassexams.ca\\\/fr\\\/ontario-regulation-history\\\/\",\"name\":\"Historique de la r\u00e9glementation en Ontario - COMPASS Centre for Examination Development\",\"isPartOf\":{\"@id\":\"https:\\\/\\\/www.compassexams.ca\\\/#website\"},\"datePublished\":\"2019-04-11T15:36:27+00:00\",\"dateModified\":\"2019-04-15T20:49:50+00:00\",\"breadcrumb\":{\"@id\":\"https:\\\/\\\/www.compassexams.ca\\\/fr\\\/ontario-regulation-history\\\/#breadcrumb\"},\"inLanguage\":\"fr-FR\",\"potentialAction\":[{\"@type\":\"ReadAction\",\"target\":[\"https:\\\/\\\/www.compassexams.ca\\\/fr\\\/ontario-regulation-history\\\/\"]}]},{\"@type\":\"BreadcrumbList\",\"@id\":\"https:\\\/\\\/www.compassexams.ca\\\/fr\\\/ontario-regulation-history\\\/#breadcrumb\",\"itemListElement\":[{\"@type\":\"ListItem\",\"position\":1,\"name\":\"Home\",\"item\":\"https:\\\/\\\/www.compassexams.ca\\\/fr\\\/\"},{\"@type\":\"ListItem\",\"position\":2,\"name\":\"Historique de la r\u00e9glementation en Ontario\"}]},{\"@type\":\"WebSite\",\"@id\":\"https:\\\/\\\/www.compassexams.ca\\\/#website\",\"url\":\"https:\\\/\\\/www.compassexams.ca\\\/\",\"name\":\"COMPASS Centre for Examination Development\",\"description\":\"\",\"potentialAction\":[{\"@type\":\"SearchAction\",\"target\":{\"@type\":\"EntryPoint\",\"urlTemplate\":\"https:\\\/\\\/www.compassexams.ca\\\/?s={search_term_string}\"},\"query-input\":{\"@type\":\"PropertyValueSpecification\",\"valueRequired\":true,\"valueName\":\"search_term_string\"}}],\"inLanguage\":\"fr-FR\"}]}<\/script>\n<!-- \/ Yoast SEO plugin. -->","yoast_head_json":{"title":"Historique de la r\u00e9glementation en Ontario - COMPASS Centre for Examination Development","robots":{"index":"index","follow":"follow","max-snippet":"max-snippet:-1","max-image-preview":"max-image-preview:large","max-video-preview":"max-video-preview:-1"},"canonical":"https:\/\/www.compassexams.ca\/fr\/ontario-regulation-history\/","og_locale":"fr_FR","og_type":"article","og_title":"Historique de la r\u00e9glementation en Ontario - COMPASS Centre for Examination Development","og_description":"Courant \u00e0 compter du 6 ao\u00fbt Alliance de l&rsquo;OntarioEn 2002, un groupe d&rsquo;associations professionnelles appel\u00e9 l&rsquo;Alliance de l&rsquo;Ontario pour les professionnels de la sant\u00e9 mentale ont form\u00e9 une coalition. Ce groupe est compos\u00e9 de repr\u00e9sentants de 17 associations diff\u00e9rentes, y compris l&rsquo;ACCP. L&rsquo;Alliance a eu une contribution importante li\u00e9e \u00e0 des initiatives r\u00e9glementaires prises par [&hellip;]","og_url":"https:\/\/www.compassexams.ca\/fr\/ontario-regulation-history\/","og_site_name":"COMPASS Centre for Examination Development","article_modified_time":"2019-04-15T20:49:50+00:00","twitter_card":"summary_large_image","twitter_misc":{"Dur\u00e9e de lecture estim\u00e9e":"3 minutes"},"schema":{"@context":"https:\/\/schema.org","@graph":[{"@type":"WebPage","@id":"https:\/\/www.compassexams.ca\/fr\/ontario-regulation-history\/","url":"https:\/\/www.compassexams.ca\/fr\/ontario-regulation-history\/","name":"Historique de la r\u00e9glementation en Ontario - COMPASS Centre for Examination Development","isPartOf":{"@id":"https:\/\/www.compassexams.ca\/#website"},"datePublished":"2019-04-11T15:36:27+00:00","dateModified":"2019-04-15T20:49:50+00:00","breadcrumb":{"@id":"https:\/\/www.compassexams.ca\/fr\/ontario-regulation-history\/#breadcrumb"},"inLanguage":"fr-FR","potentialAction":[{"@type":"ReadAction","target":["https:\/\/www.compassexams.ca\/fr\/ontario-regulation-history\/"]}]},{"@type":"BreadcrumbList","@id":"https:\/\/www.compassexams.ca\/fr\/ontario-regulation-history\/#breadcrumb","itemListElement":[{"@type":"ListItem","position":1,"name":"Home","item":"https:\/\/www.compassexams.ca\/fr\/"},{"@type":"ListItem","position":2,"name":"Historique de la r\u00e9glementation en Ontario"}]},{"@type":"WebSite","@id":"https:\/\/www.compassexams.ca\/#website","url":"https:\/\/www.compassexams.ca\/","name":"COMPASS Centre for Examination Development","description":"","potentialAction":[{"@type":"SearchAction","target":{"@type":"EntryPoint","urlTemplate":"https:\/\/www.compassexams.ca\/?s={search_term_string}"},"query-input":{"@type":"PropertyValueSpecification","valueRequired":true,"valueName":"search_term_string"}}],"inLanguage":"fr-FR"}]}},"_links":{"self":[{"href":"https:\/\/www.compassexams.ca\/fr\/wp-json\/wp\/v2\/pages\/463","targetHints":{"allow":["GET"]}}],"collection":[{"href":"https:\/\/www.compassexams.ca\/fr\/wp-json\/wp\/v2\/pages"}],"about":[{"href":"https:\/\/www.compassexams.ca\/fr\/wp-json\/wp\/v2\/types\/page"}],"author":[{"embeddable":true,"href":"https:\/\/www.compassexams.ca\/fr\/wp-json\/wp\/v2\/users\/3"}],"replies":[{"embeddable":true,"href":"https:\/\/www.compassexams.ca\/fr\/wp-json\/wp\/v2\/comments?post=463"}],"version-history":[{"count":1,"href":"https:\/\/www.compassexams.ca\/fr\/wp-json\/wp\/v2\/pages\/463\/revisions"}],"predecessor-version":[{"id":465,"href":"https:\/\/www.compassexams.ca\/fr\/wp-json\/wp\/v2\/pages\/463\/revisions\/465"}],"wp:attachment":[{"href":"https:\/\/www.compassexams.ca\/fr\/wp-json\/wp\/v2\/media?parent=463"}],"curies":[{"name":"wp","href":"https:\/\/api.w.org\/{rel}","templated":true}]}}