{"id":462,"date":"2019-04-11T11:51:49","date_gmt":"2019-04-11T15:51:49","guid":{"rendered":"https:\/\/compass.machinedev.ca\/on-regulation\/"},"modified":"2019-07-25T16:54:08","modified_gmt":"2019-07-25T20:54:08","slug":"on-regulation","status":"publish","type":"page","link":"https:\/\/www.compassexams.ca\/fr\/on-regulation\/","title":{"rendered":"R\u00e9glementation en Ontario"},"content":{"rendered":"\n<h5 class=\"wp-block-heading\" style=\"text-align:center\"><em>Courant en date du 5\u00a0mai 2019<\/em><\/h5>\n\n\n\n<p style=\"text-align:left\"><strong>Statut\u00a0: r\u00e9glement\u00e9<\/strong><\/p>\n\n\n\n<p style=\"text-align:left\"><strong>Type de r\u00e9glementation<\/strong>\u00a0: <strong>Titre prot\u00e9g\u00e9 et actes autoris\u00e9s<\/strong><br><\/p>\n\n\n\n<p><strong>Titre prot\u00e9g\u00e9\u00a0: Psychoth\u00e9rapeute autoris\u00e9<\/strong><br><\/p>\n\n\n\n<p><strong>Site Web : www.crpo.ca<\/strong><\/p>\n\n\n\n<ul class=\"wp-block-list\"><li>En 2002 l\u2019Ontario Alliance of Mental Health Practitioners (anciennement l\u2019Ontario Coalition of Mental Health Professionals) a \u00e9t\u00e9 mise en place.<\/li><li>L\u2019alliance comprend des repr\u00e9sentants de 14 organismes diff\u00e9rents li\u00e9s au counseling en Ontario.<\/li><li>L\u2019alliance a fait des apports importants quant aux initiatives en mati\u00e8re de r\u00e9glementation entreprises par le minist\u00e8re de la Sant\u00e9 de l\u2019Ontario.<\/li><li>En 2007, le gouvernement de l\u2019Ontario a adopt\u00e9 une l\u00e9gislation visant \u00e0 modifier la <em>Loi sur les professions de la sant\u00e9 r\u00e9glement\u00e9es<\/em> en y ajoutant une nouvelle section intitul\u00e9e\u00a0<a href=\"https:\/\/www.ontario.ca\/fr\/lois\/loi\/07p10\">Annexe R\u00a0: Loi sur les psychoth\u00e9rapeutes autoris\u00e9s et les th\u00e9rapeutes autoris\u00e9s en sant\u00e9 mentale.<\/a><\/li><li>La Loi pr\u00e9cise les dispositions concernant la cr\u00e9ation d\u2019un organisme de r\u00e9glementation r\u00e9gissant les professionnels ayant le titre de psychoth\u00e9rapeute autoris\u00e9 et de th\u00e9rapeute autoris\u00e9 en sant\u00e9 mentale.<\/li><li>En 2009, le conseil transitoire (CT) a \u00e9t\u00e9 nomm\u00e9.<\/li><li>Le CT \u00e9tablit le r\u00e8glement et les protocoles du nouveau coll\u00e8ge.<\/li><li>Les deux titres ont fait l\u2019objet de nombreuses controverses.<\/li><li>Le 1er\u00a0avril 2015, la <em>Loi sur les psychoth\u00e9rapeutes<\/em> a \u00e9t\u00e9 promulgu\u00e9e. Cependant l\u2019acte autoris\u00e9 ne l\u2019a pas \u00e9t\u00e9, car plus de travail \u00e9tait n\u00e9cessaire pour l\u2019expliquer aux praticiens.<\/li><li>L\u2019acte autoris\u00e9 sera donn\u00e9 aux ordres suivants en Ontario\u00a0: m\u00e9decins, ergoth\u00e9rapeutes, travailleurs sociaux, psychologues, infirmiers et psychoth\u00e9rapeutes.<\/li><li>Un comit\u00e9 a \u00e9t\u00e9 constitu\u00e9. Dans celui-ci, les repr\u00e9sentants de chacun des ordres ci-dessus ont contribu\u00e9 \u00e0 la pr\u00e9paration d\u2019un document visant \u00e0 expliquer l\u2019acte autoris\u00e9.<\/li><li>Tous les ordres, sauf le Coll\u00e8ge des m\u00e9decins et chirurgiens de l\u2019Ontario, ont adopt\u00e9 le document.<\/li><li>Le gouvernement de l\u2019Ontario a proclam\u00e9 l\u2019acte autoris\u00e9 de psychoth\u00e9rapie le 21\u00a0d\u00e9cembre 2017.<\/li><li>Il a inclus une p\u00e9riode de transition de deux ans, \u00e0 partir du 31\u00a0d\u00e9cembre 2017, pour que les personnes puissent s\u2019inscrire aupr\u00e8s des ordres appropri\u00e9s, ou changer leurs pratiques pour qu\u2019elles n\u2019effectuent pas l\u2019acte autoris\u00e9 de psychoth\u00e9rapie.<\/li><li>\u00c0 la fin de la p\u00e9riode de transition de deux ans, toute personne effectuant l\u2019acte autoris\u00e9 de psychoth\u00e9rapie doit \u00eatre inscrite aupr\u00e8s de l\u2019un des six ordres dont les membres sont autoris\u00e9s \u00e0 le faire (l\u2019Ordre des psychoth\u00e9rapeutes autoris\u00e9s de l\u2019Ontario, l\u2019Ordre des psychologues de l\u2019Ontario,\u00a0l\u2019Ordre des travailleurs sociaux et des techniciens en travail social de l\u2019Ontario, L\u2019Ordre des ergoth\u00e9rapeutes de l\u2019Ontario et le Coll\u00e8ge des m\u00e9decins et chirurgiens de l\u2019Ontario).<\/li><li>Le CRPO a \u00e9t\u00e9 charg\u00e9 par le minist\u00e8re de la Sant\u00e9 et des soins de longue dur\u00e9e de clarifier la pratique de la psychoth\u00e9rapie.<\/li><li>La documentation demand\u00e9e a \u00e9t\u00e9 fournie le 1er\u00a0juillet 2018.<\/li><li>Une r\u00e9ponse du minist\u00e8re est pr\u00e9vue.<\/li><li>L\u2019ordre a conf\u00e9r\u00e9 le statut de P.A. \u00e0 environ 6400 praticiens.<\/li><li>La voie de la reconnaissance des droits acquis a pris fin le 31\u00a0mars 2017.<\/li><li>Concernant l\u2019ALEC, l\u2019Ontario a annonc\u00e9 qu\u2019il reconna\u00eetra les praticiens du Qu\u00e9bec et de la Nouvelle-\u00c9cosse.<\/li><\/ul>\n","protected":false},"excerpt":{"rendered":"<p>Courant en date du 5\u00a0mai 2019 Statut\u00a0: r\u00e9glement\u00e9 Type de r\u00e9glementation\u00a0: Titre prot\u00e9g\u00e9 et actes autoris\u00e9s Titre prot\u00e9g\u00e9\u00a0: Psychoth\u00e9rapeute autoris\u00e9 Site Web : www.crpo.ca En 2002 l\u2019Ontario Alliance of Mental Health Practitioners (anciennement l\u2019Ontario Coalition of Mental Health Professionals) a \u00e9t\u00e9 mise en place. L\u2019alliance comprend des repr\u00e9sentants de 14 organismes diff\u00e9rents li\u00e9s au counseling [&hellip;]<\/p>\n","protected":false},"author":3,"featured_media":0,"parent":0,"menu_order":0,"comment_status":"closed","ping_status":"closed","template":"","meta":{"_acf_changed":false,"footnotes":""},"class_list":["post-462","page","type-page","status-publish","hentry"],"acf":[],"yoast_head":"<!-- This site is optimized with the Yoast SEO plugin v27.3 - https:\/\/yoast.com\/product\/yoast-seo-wordpress\/ -->\n<title>R\u00e9glementation en Ontario - COMPASS Centre for Examination Development<\/title>\n<meta name=\"robots\" content=\"index, follow, max-snippet:-1, max-image-preview:large, max-video-preview:-1\" \/>\n<link rel=\"canonical\" href=\"https:\/\/www.compassexams.ca\/fr\/on-regulation\/\" \/>\n<meta property=\"og:locale\" content=\"fr_FR\" \/>\n<meta property=\"og:type\" content=\"article\" \/>\n<meta property=\"og:title\" content=\"R\u00e9glementation en Ontario - COMPASS Centre for Examination Development\" \/>\n<meta property=\"og:description\" content=\"Courant en date du 5\u00a0mai 2019 Statut\u00a0: r\u00e9glement\u00e9 Type de r\u00e9glementation\u00a0: Titre prot\u00e9g\u00e9 et actes autoris\u00e9s Titre prot\u00e9g\u00e9\u00a0: Psychoth\u00e9rapeute autoris\u00e9 Site Web : www.crpo.ca En 2002 l\u2019Ontario Alliance of Mental Health Practitioners (anciennement l\u2019Ontario Coalition of Mental Health Professionals) a \u00e9t\u00e9 mise en place. L\u2019alliance comprend des repr\u00e9sentants de 14 organismes diff\u00e9rents li\u00e9s au counseling [&hellip;]\" \/>\n<meta property=\"og:url\" content=\"https:\/\/www.compassexams.ca\/fr\/on-regulation\/\" \/>\n<meta property=\"og:site_name\" content=\"COMPASS Centre for Examination Development\" \/>\n<meta property=\"article:modified_time\" content=\"2019-07-25T20:54:08+00:00\" \/>\n<meta name=\"twitter:card\" content=\"summary_large_image\" \/>\n<meta name=\"twitter:label1\" content=\"Dur\u00e9e de lecture estim\u00e9e\" \/>\n\t<meta name=\"twitter:data1\" content=\"3 minutes\" \/>\n<script type=\"application\/ld+json\" class=\"yoast-schema-graph\">{\"@context\":\"https:\\\/\\\/schema.org\",\"@graph\":[{\"@type\":\"WebPage\",\"@id\":\"https:\\\/\\\/www.compassexams.ca\\\/fr\\\/on-regulation\\\/\",\"url\":\"https:\\\/\\\/www.compassexams.ca\\\/fr\\\/on-regulation\\\/\",\"name\":\"R\u00e9glementation en Ontario - COMPASS Centre for Examination Development\",\"isPartOf\":{\"@id\":\"https:\\\/\\\/www.compassexams.ca\\\/#website\"},\"datePublished\":\"2019-04-11T15:51:49+00:00\",\"dateModified\":\"2019-07-25T20:54:08+00:00\",\"breadcrumb\":{\"@id\":\"https:\\\/\\\/www.compassexams.ca\\\/fr\\\/on-regulation\\\/#breadcrumb\"},\"inLanguage\":\"fr-FR\",\"potentialAction\":[{\"@type\":\"ReadAction\",\"target\":[\"https:\\\/\\\/www.compassexams.ca\\\/fr\\\/on-regulation\\\/\"]}]},{\"@type\":\"BreadcrumbList\",\"@id\":\"https:\\\/\\\/www.compassexams.ca\\\/fr\\\/on-regulation\\\/#breadcrumb\",\"itemListElement\":[{\"@type\":\"ListItem\",\"position\":1,\"name\":\"Home\",\"item\":\"https:\\\/\\\/www.compassexams.ca\\\/fr\\\/\"},{\"@type\":\"ListItem\",\"position\":2,\"name\":\"R\u00e9glementation en Ontario\"}]},{\"@type\":\"WebSite\",\"@id\":\"https:\\\/\\\/www.compassexams.ca\\\/#website\",\"url\":\"https:\\\/\\\/www.compassexams.ca\\\/\",\"name\":\"COMPASS Centre for Examination Development\",\"description\":\"\",\"potentialAction\":[{\"@type\":\"SearchAction\",\"target\":{\"@type\":\"EntryPoint\",\"urlTemplate\":\"https:\\\/\\\/www.compassexams.ca\\\/?s={search_term_string}\"},\"query-input\":{\"@type\":\"PropertyValueSpecification\",\"valueRequired\":true,\"valueName\":\"search_term_string\"}}],\"inLanguage\":\"fr-FR\"}]}<\/script>\n<!-- \/ Yoast SEO plugin. -->","yoast_head_json":{"title":"R\u00e9glementation en Ontario - COMPASS Centre for Examination Development","robots":{"index":"index","follow":"follow","max-snippet":"max-snippet:-1","max-image-preview":"max-image-preview:large","max-video-preview":"max-video-preview:-1"},"canonical":"https:\/\/www.compassexams.ca\/fr\/on-regulation\/","og_locale":"fr_FR","og_type":"article","og_title":"R\u00e9glementation en Ontario - COMPASS Centre for Examination Development","og_description":"Courant en date du 5\u00a0mai 2019 Statut\u00a0: r\u00e9glement\u00e9 Type de r\u00e9glementation\u00a0: Titre prot\u00e9g\u00e9 et actes autoris\u00e9s Titre prot\u00e9g\u00e9\u00a0: Psychoth\u00e9rapeute autoris\u00e9 Site Web : www.crpo.ca En 2002 l\u2019Ontario Alliance of Mental Health Practitioners (anciennement l\u2019Ontario Coalition of Mental Health Professionals) a \u00e9t\u00e9 mise en place. L\u2019alliance comprend des repr\u00e9sentants de 14 organismes diff\u00e9rents li\u00e9s au counseling [&hellip;]","og_url":"https:\/\/www.compassexams.ca\/fr\/on-regulation\/","og_site_name":"COMPASS Centre for Examination Development","article_modified_time":"2019-07-25T20:54:08+00:00","twitter_card":"summary_large_image","twitter_misc":{"Dur\u00e9e de lecture estim\u00e9e":"3 minutes"},"schema":{"@context":"https:\/\/schema.org","@graph":[{"@type":"WebPage","@id":"https:\/\/www.compassexams.ca\/fr\/on-regulation\/","url":"https:\/\/www.compassexams.ca\/fr\/on-regulation\/","name":"R\u00e9glementation en Ontario - COMPASS Centre for Examination Development","isPartOf":{"@id":"https:\/\/www.compassexams.ca\/#website"},"datePublished":"2019-04-11T15:51:49+00:00","dateModified":"2019-07-25T20:54:08+00:00","breadcrumb":{"@id":"https:\/\/www.compassexams.ca\/fr\/on-regulation\/#breadcrumb"},"inLanguage":"fr-FR","potentialAction":[{"@type":"ReadAction","target":["https:\/\/www.compassexams.ca\/fr\/on-regulation\/"]}]},{"@type":"BreadcrumbList","@id":"https:\/\/www.compassexams.ca\/fr\/on-regulation\/#breadcrumb","itemListElement":[{"@type":"ListItem","position":1,"name":"Home","item":"https:\/\/www.compassexams.ca\/fr\/"},{"@type":"ListItem","position":2,"name":"R\u00e9glementation en Ontario"}]},{"@type":"WebSite","@id":"https:\/\/www.compassexams.ca\/#website","url":"https:\/\/www.compassexams.ca\/","name":"COMPASS Centre for Examination Development","description":"","potentialAction":[{"@type":"SearchAction","target":{"@type":"EntryPoint","urlTemplate":"https:\/\/www.compassexams.ca\/?s={search_term_string}"},"query-input":{"@type":"PropertyValueSpecification","valueRequired":true,"valueName":"search_term_string"}}],"inLanguage":"fr-FR"}]}},"_links":{"self":[{"href":"https:\/\/www.compassexams.ca\/fr\/wp-json\/wp\/v2\/pages\/462","targetHints":{"allow":["GET"]}}],"collection":[{"href":"https:\/\/www.compassexams.ca\/fr\/wp-json\/wp\/v2\/pages"}],"about":[{"href":"https:\/\/www.compassexams.ca\/fr\/wp-json\/wp\/v2\/types\/page"}],"author":[{"embeddable":true,"href":"https:\/\/www.compassexams.ca\/fr\/wp-json\/wp\/v2\/users\/3"}],"replies":[{"embeddable":true,"href":"https:\/\/www.compassexams.ca\/fr\/wp-json\/wp\/v2\/comments?post=462"}],"version-history":[{"count":3,"href":"https:\/\/www.compassexams.ca\/fr\/wp-json\/wp\/v2\/pages\/462\/revisions"}],"predecessor-version":[{"id":643,"href":"https:\/\/www.compassexams.ca\/fr\/wp-json\/wp\/v2\/pages\/462\/revisions\/643"}],"wp:attachment":[{"href":"https:\/\/www.compassexams.ca\/fr\/wp-json\/wp\/v2\/media?parent=462"}],"curies":[{"name":"wp","href":"https:\/\/api.w.org\/{rel}","templated":true}]}}