{"id":460,"date":"2019-04-11T11:29:10","date_gmt":"2019-04-11T15:29:10","guid":{"rendered":"https:\/\/compass.machinedev.ca\/bc-regulation\/"},"modified":"2019-07-25T16:36:36","modified_gmt":"2019-07-25T20:36:36","slug":"bc-regulation","status":"publish","type":"page","link":"https:\/\/www.compassexams.ca\/fr\/bc-regulation\/","title":{"rendered":"R\u00e9glementation en Colombie-Britannique"},"content":{"rendered":"\n<h5 class=\"wp-block-heading\" style=\"text-align:center\"><em>Courant en date du 1er&nbsp;mai 2019<\/em><\/h5>\n\n\n\n<p><strong>Statut&nbsp;: Non r\u00e9glement\u00e9<\/strong><\/p>\n\n\n\n<p><strong>Type de r\u00e9glementation recherch\u00e9&nbsp;: Protection du titre<\/strong><\/p>\n\n\n\n<p><strong>Titre demand\u00e9&nbsp;: Conseiller th\u00e9rapeute<\/strong><\/p>\n\n\n\n<p><strong>Site Web&nbsp;: www.factbc.org<\/strong><\/p>\n\n\n\n<p>La C.-B. travaille en vue de l\u2019obtention d\u2019une r\u00e9glementation depuis 1998.<\/p>\n\n\n\n<p>Une s\u00e9rie de r\u00e9unions avec les MLA a \u00e9t\u00e9 organis\u00e9e ainsi qu\u2019avec les porte-paroles en mati\u00e8re de sant\u00e9 pour les partis d\u2019opposition.<\/p>\n\n\n\n<p>En mars 2014, la FACT BC (F\u00e9d\u00e9ration des associations de conseillers th\u00e9rapeutes de la C.-B.) a \u00e9t\u00e9 incorpor\u00e9e en vertu de la<em> Society Act<\/em> de la Colombie-Britannique.<\/p>\n\n\n\n<p>La formation de cette nouvelle identit\u00e9 garantit au gouvernement d\u2019avoir une force unifi\u00e9e en face de lui et que la profession lui parle d\u2019une seule voix.<\/p>\n\n\n\n<p>La FACT BC repr\u00e9sente 4500 conseillers<\/p>\n\n\n\n<p>La FACT BC s\u2019organise pour pr\u00e9parer des documents de soutien, si l\u2019effort en mati\u00e8re de r\u00e9glementation devait s\u2019av\u00e9rer fructueux; c.-\u00e0-d. un comit\u00e9 d\u2019inscription a \u00e9t\u00e9 constitu\u00e9 pour d\u00e9velopper des crit\u00e8res d\u2019inscription. Il s\u2019est r\u00e9uni plusieurs fois et a soumis ses exigences en mati\u00e8re d\u2019inscription provisoire au conseil de la FACT BC.<\/p>\n\n\n\n<p>La FACT BC a organis\u00e9 une campagne de lobbying de grande ampleur avec tous les MLA pour rassembler des voix en faveur de la r\u00e9glementation.<\/p>\n\n\n\n<p>Les r\u00e9centes r\u00e9unions avec le minist\u00e8re de la Sant\u00e9 mentale et des toxicomanies ont affich\u00e9 des signes prometteurs..<\/p>\n","protected":false},"excerpt":{"rendered":"<p>Courant en date du 1er&nbsp;mai 2019 Statut&nbsp;: Non r\u00e9glement\u00e9 Type de r\u00e9glementation recherch\u00e9&nbsp;: Protection du titre Titre demand\u00e9&nbsp;: Conseiller th\u00e9rapeute Site Web&nbsp;: www.factbc.org La C.-B. travaille en vue de l\u2019obtention d\u2019une r\u00e9glementation depuis 1998. Une s\u00e9rie de r\u00e9unions avec les MLA a \u00e9t\u00e9 organis\u00e9e ainsi qu\u2019avec les porte-paroles en mati\u00e8re de sant\u00e9 pour les partis [&hellip;]<\/p>\n","protected":false},"author":3,"featured_media":0,"parent":0,"menu_order":0,"comment_status":"closed","ping_status":"closed","template":"","meta":{"_acf_changed":false,"footnotes":""},"class_list":["post-460","page","type-page","status-publish","hentry"],"acf":[],"yoast_head":"<!-- This site is optimized with the Yoast SEO plugin v27.4 - https:\/\/yoast.com\/product\/yoast-seo-wordpress\/ -->\n<title>R\u00e9glementation en Colombie-Britannique - COMPASS Centre for Examination Development<\/title>\n<meta name=\"robots\" content=\"index, follow, max-snippet:-1, max-image-preview:large, max-video-preview:-1\" \/>\n<link rel=\"canonical\" href=\"https:\/\/www.compassexams.ca\/fr\/bc-regulation\/\" \/>\n<meta property=\"og:locale\" content=\"fr_FR\" \/>\n<meta property=\"og:type\" content=\"article\" \/>\n<meta property=\"og:title\" content=\"R\u00e9glementation en Colombie-Britannique - COMPASS Centre for Examination Development\" \/>\n<meta property=\"og:description\" content=\"Courant en date du 1er&nbsp;mai 2019 Statut&nbsp;: Non r\u00e9glement\u00e9 Type de r\u00e9glementation recherch\u00e9&nbsp;: Protection du titre Titre demand\u00e9&nbsp;: Conseiller th\u00e9rapeute Site Web&nbsp;: www.factbc.org La C.-B. travaille en vue de l\u2019obtention d\u2019une r\u00e9glementation depuis 1998. Une s\u00e9rie de r\u00e9unions avec les MLA a \u00e9t\u00e9 organis\u00e9e ainsi qu\u2019avec les porte-paroles en mati\u00e8re de sant\u00e9 pour les partis [&hellip;]\" \/>\n<meta property=\"og:url\" content=\"https:\/\/www.compassexams.ca\/fr\/bc-regulation\/\" \/>\n<meta property=\"og:site_name\" content=\"COMPASS Centre for Examination Development\" \/>\n<meta property=\"article:modified_time\" content=\"2019-07-25T20:36:36+00:00\" \/>\n<meta name=\"twitter:card\" content=\"summary_large_image\" \/>\n<meta name=\"twitter:label1\" content=\"Dur\u00e9e de lecture estim\u00e9e\" \/>\n\t<meta name=\"twitter:data1\" content=\"1 minute\" \/>\n<script type=\"application\/ld+json\" class=\"yoast-schema-graph\">{\"@context\":\"https:\\\/\\\/schema.org\",\"@graph\":[{\"@type\":\"WebPage\",\"@id\":\"https:\\\/\\\/www.compassexams.ca\\\/fr\\\/bc-regulation\\\/\",\"url\":\"https:\\\/\\\/www.compassexams.ca\\\/fr\\\/bc-regulation\\\/\",\"name\":\"R\u00e9glementation en Colombie-Britannique - COMPASS Centre for Examination Development\",\"isPartOf\":{\"@id\":\"https:\\\/\\\/www.compassexams.ca\\\/#website\"},\"datePublished\":\"2019-04-11T15:29:10+00:00\",\"dateModified\":\"2019-07-25T20:36:36+00:00\",\"breadcrumb\":{\"@id\":\"https:\\\/\\\/www.compassexams.ca\\\/fr\\\/bc-regulation\\\/#breadcrumb\"},\"inLanguage\":\"fr-FR\",\"potentialAction\":[{\"@type\":\"ReadAction\",\"target\":[\"https:\\\/\\\/www.compassexams.ca\\\/fr\\\/bc-regulation\\\/\"]}]},{\"@type\":\"BreadcrumbList\",\"@id\":\"https:\\\/\\\/www.compassexams.ca\\\/fr\\\/bc-regulation\\\/#breadcrumb\",\"itemListElement\":[{\"@type\":\"ListItem\",\"position\":1,\"name\":\"Home\",\"item\":\"https:\\\/\\\/www.compassexams.ca\\\/fr\\\/\"},{\"@type\":\"ListItem\",\"position\":2,\"name\":\"R\u00e9glementation en Colombie-Britannique\"}]},{\"@type\":\"WebSite\",\"@id\":\"https:\\\/\\\/www.compassexams.ca\\\/#website\",\"url\":\"https:\\\/\\\/www.compassexams.ca\\\/\",\"name\":\"COMPASS Centre for Examination Development\",\"description\":\"\",\"potentialAction\":[{\"@type\":\"SearchAction\",\"target\":{\"@type\":\"EntryPoint\",\"urlTemplate\":\"https:\\\/\\\/www.compassexams.ca\\\/?s={search_term_string}\"},\"query-input\":{\"@type\":\"PropertyValueSpecification\",\"valueRequired\":true,\"valueName\":\"search_term_string\"}}],\"inLanguage\":\"fr-FR\"}]}<\/script>\n<!-- \/ Yoast SEO plugin. -->","yoast_head_json":{"title":"R\u00e9glementation en Colombie-Britannique - COMPASS Centre for Examination Development","robots":{"index":"index","follow":"follow","max-snippet":"max-snippet:-1","max-image-preview":"max-image-preview:large","max-video-preview":"max-video-preview:-1"},"canonical":"https:\/\/www.compassexams.ca\/fr\/bc-regulation\/","og_locale":"fr_FR","og_type":"article","og_title":"R\u00e9glementation en Colombie-Britannique - COMPASS Centre for Examination Development","og_description":"Courant en date du 1er&nbsp;mai 2019 Statut&nbsp;: Non r\u00e9glement\u00e9 Type de r\u00e9glementation recherch\u00e9&nbsp;: Protection du titre Titre demand\u00e9&nbsp;: Conseiller th\u00e9rapeute Site Web&nbsp;: www.factbc.org La C.-B. travaille en vue de l\u2019obtention d\u2019une r\u00e9glementation depuis 1998. Une s\u00e9rie de r\u00e9unions avec les MLA a \u00e9t\u00e9 organis\u00e9e ainsi qu\u2019avec les porte-paroles en mati\u00e8re de sant\u00e9 pour les partis [&hellip;]","og_url":"https:\/\/www.compassexams.ca\/fr\/bc-regulation\/","og_site_name":"COMPASS Centre for Examination Development","article_modified_time":"2019-07-25T20:36:36+00:00","twitter_card":"summary_large_image","twitter_misc":{"Dur\u00e9e de lecture estim\u00e9e":"1 minute"},"schema":{"@context":"https:\/\/schema.org","@graph":[{"@type":"WebPage","@id":"https:\/\/www.compassexams.ca\/fr\/bc-regulation\/","url":"https:\/\/www.compassexams.ca\/fr\/bc-regulation\/","name":"R\u00e9glementation en Colombie-Britannique - COMPASS Centre for Examination Development","isPartOf":{"@id":"https:\/\/www.compassexams.ca\/#website"},"datePublished":"2019-04-11T15:29:10+00:00","dateModified":"2019-07-25T20:36:36+00:00","breadcrumb":{"@id":"https:\/\/www.compassexams.ca\/fr\/bc-regulation\/#breadcrumb"},"inLanguage":"fr-FR","potentialAction":[{"@type":"ReadAction","target":["https:\/\/www.compassexams.ca\/fr\/bc-regulation\/"]}]},{"@type":"BreadcrumbList","@id":"https:\/\/www.compassexams.ca\/fr\/bc-regulation\/#breadcrumb","itemListElement":[{"@type":"ListItem","position":1,"name":"Home","item":"https:\/\/www.compassexams.ca\/fr\/"},{"@type":"ListItem","position":2,"name":"R\u00e9glementation en Colombie-Britannique"}]},{"@type":"WebSite","@id":"https:\/\/www.compassexams.ca\/#website","url":"https:\/\/www.compassexams.ca\/","name":"COMPASS Centre for Examination Development","description":"","potentialAction":[{"@type":"SearchAction","target":{"@type":"EntryPoint","urlTemplate":"https:\/\/www.compassexams.ca\/?s={search_term_string}"},"query-input":{"@type":"PropertyValueSpecification","valueRequired":true,"valueName":"search_term_string"}}],"inLanguage":"fr-FR"}]}},"_links":{"self":[{"href":"https:\/\/www.compassexams.ca\/fr\/wp-json\/wp\/v2\/pages\/460","targetHints":{"allow":["GET"]}}],"collection":[{"href":"https:\/\/www.compassexams.ca\/fr\/wp-json\/wp\/v2\/pages"}],"about":[{"href":"https:\/\/www.compassexams.ca\/fr\/wp-json\/wp\/v2\/types\/page"}],"author":[{"embeddable":true,"href":"https:\/\/www.compassexams.ca\/fr\/wp-json\/wp\/v2\/users\/3"}],"replies":[{"embeddable":true,"href":"https:\/\/www.compassexams.ca\/fr\/wp-json\/wp\/v2\/comments?post=460"}],"version-history":[{"count":3,"href":"https:\/\/www.compassexams.ca\/fr\/wp-json\/wp\/v2\/pages\/460\/revisions"}],"predecessor-version":[{"id":630,"href":"https:\/\/www.compassexams.ca\/fr\/wp-json\/wp\/v2\/pages\/460\/revisions\/630"}],"wp:attachment":[{"href":"https:\/\/www.compassexams.ca\/fr\/wp-json\/wp\/v2\/media?parent=460"}],"curies":[{"name":"wp","href":"https:\/\/api.w.org\/{rel}","templated":true}]}}