{"id":439,"date":"2019-04-11T10:50:41","date_gmt":"2019-04-11T14:50:41","guid":{"rendered":"https:\/\/compass.machinedev.ca\/professional-assessment\/professional-assessment\/"},"modified":"2025-11-20T11:22:10","modified_gmt":"2025-11-20T16:22:10","slug":"professional-assessment","status":"publish","type":"page","link":"https:\/\/www.compassexams.ca\/fr\/professional-assessment\/professional-assessment\/","title":{"rendered":"\u00c9valuation professionnelle"},"content":{"rendered":"\n<p>La prochaine \u00e9valuation prendra place les avril 28 &#8211; 30,\u00a0 2025. Les centres d\u2019examens sont situ\u00e9s \u00e0 travers le Canada. L\u2019Examen d\u2019inscription est administr\u00e9 au moyen de protocoles en ligne. Les candidats ne peuvent passer l\u2019examen qu\u2019en utilisant la technologie de surveillance \u00e0 distance.<\/p>\n\n\n\n<p>Cliquez<a href=\"https:\/\/www.compassexams.ca\/wp-content\/uploads\/2024\/07\/Resource-Manual-CRPO-2024-FRENCH-fin.pdf\">&nbsp;<\/a><a href=\"https:\/\/www.compassexams.ca\/wp-content\/uploads\/2025\/07\/Resource-Manual-CRPO-2025-FRENCH-July-2-2025-updated.pdf\">ICI&nbsp;<\/a>pour acc\u00e9der les mat\u00e9riels de pr\u00e9paration au examen.<\/p>\n","protected":false},"excerpt":{"rendered":"<p>La prochaine \u00e9valuation prendra place les avril 28 &#8211; 30,\u00a0 2025. Les centres d\u2019examens sont situ\u00e9s \u00e0 travers le Canada. L\u2019Examen d\u2019inscription est administr\u00e9 au moyen de protocoles en ligne. Les candidats ne peuvent passer l\u2019examen qu\u2019en utilisant la technologie de surveillance \u00e0 distance. Cliquez&nbsp;ICI&nbsp;pour acc\u00e9der les mat\u00e9riels de pr\u00e9paration au examen.<\/p>\n","protected":false},"author":3,"featured_media":0,"parent":294,"menu_order":0,"comment_status":"closed","ping_status":"closed","template":"","meta":{"_acf_changed":false,"footnotes":""},"class_list":["post-439","page","type-page","status-publish","hentry"],"acf":[],"yoast_head":"<!-- This site is optimized with the Yoast SEO plugin v27.4 - https:\/\/yoast.com\/product\/yoast-seo-wordpress\/ -->\n<title>\u00c9valuation professionnelle - COMPASS Centre for Examination Development<\/title>\n<meta name=\"robots\" content=\"index, follow, max-snippet:-1, max-image-preview:large, max-video-preview:-1\" \/>\n<link rel=\"canonical\" href=\"https:\/\/www.compassexams.ca\/fr\/professional-assessment\/professional-assessment\/\" \/>\n<meta property=\"og:locale\" content=\"fr_FR\" \/>\n<meta property=\"og:type\" content=\"article\" \/>\n<meta property=\"og:title\" content=\"\u00c9valuation professionnelle - COMPASS Centre for Examination Development\" \/>\n<meta property=\"og:description\" content=\"La prochaine \u00e9valuation prendra place les avril 28 &#8211; 30,\u00a0 2025. Les centres d\u2019examens sont situ\u00e9s \u00e0 travers le Canada. L\u2019Examen d\u2019inscription est administr\u00e9 au moyen de protocoles en ligne. Les candidats ne peuvent passer l\u2019examen qu\u2019en utilisant la technologie de surveillance \u00e0 distance. Cliquez&nbsp;ICI&nbsp;pour acc\u00e9der les mat\u00e9riels de pr\u00e9paration au examen.\" \/>\n<meta property=\"og:url\" content=\"https:\/\/www.compassexams.ca\/fr\/professional-assessment\/professional-assessment\/\" \/>\n<meta property=\"og:site_name\" content=\"COMPASS Centre for Examination Development\" \/>\n<meta property=\"article:modified_time\" content=\"2025-11-20T16:22:10+00:00\" \/>\n<meta name=\"twitter:card\" content=\"summary_large_image\" \/>\n<meta name=\"twitter:label1\" content=\"Dur\u00e9e de lecture estim\u00e9e\" \/>\n\t<meta name=\"twitter:data1\" content=\"1 minute\" \/>\n<script type=\"application\/ld+json\" class=\"yoast-schema-graph\">{\"@context\":\"https:\\\/\\\/schema.org\",\"@graph\":[{\"@type\":\"WebPage\",\"@id\":\"https:\\\/\\\/www.compassexams.ca\\\/fr\\\/professional-assessment\\\/professional-assessment\\\/\",\"url\":\"https:\\\/\\\/www.compassexams.ca\\\/fr\\\/professional-assessment\\\/professional-assessment\\\/\",\"name\":\"\u00c9valuation professionnelle - COMPASS Centre for Examination Development\",\"isPartOf\":{\"@id\":\"https:\\\/\\\/www.compassexams.ca\\\/#website\"},\"datePublished\":\"2019-04-11T14:50:41+00:00\",\"dateModified\":\"2025-11-20T16:22:10+00:00\",\"breadcrumb\":{\"@id\":\"https:\\\/\\\/www.compassexams.ca\\\/fr\\\/professional-assessment\\\/professional-assessment\\\/#breadcrumb\"},\"inLanguage\":\"fr-FR\",\"potentialAction\":[{\"@type\":\"ReadAction\",\"target\":[\"https:\\\/\\\/www.compassexams.ca\\\/fr\\\/professional-assessment\\\/professional-assessment\\\/\"]}]},{\"@type\":\"BreadcrumbList\",\"@id\":\"https:\\\/\\\/www.compassexams.ca\\\/fr\\\/professional-assessment\\\/professional-assessment\\\/#breadcrumb\",\"itemListElement\":[{\"@type\":\"ListItem\",\"position\":1,\"name\":\"Home\",\"item\":\"https:\\\/\\\/www.compassexams.ca\\\/fr\\\/\"},{\"@type\":\"ListItem\",\"position\":2,\"name\":\"\u00c9valuation Professionnelle\",\"item\":\"https:\\\/\\\/www.compassexams.ca\\\/fr\\\/professional-assessment\\\/\"},{\"@type\":\"ListItem\",\"position\":3,\"name\":\"\u00c9valuation professionnelle\"}]},{\"@type\":\"WebSite\",\"@id\":\"https:\\\/\\\/www.compassexams.ca\\\/#website\",\"url\":\"https:\\\/\\\/www.compassexams.ca\\\/\",\"name\":\"COMPASS Centre for Examination Development\",\"description\":\"\",\"potentialAction\":[{\"@type\":\"SearchAction\",\"target\":{\"@type\":\"EntryPoint\",\"urlTemplate\":\"https:\\\/\\\/www.compassexams.ca\\\/?s={search_term_string}\"},\"query-input\":{\"@type\":\"PropertyValueSpecification\",\"valueRequired\":true,\"valueName\":\"search_term_string\"}}],\"inLanguage\":\"fr-FR\"}]}<\/script>\n<!-- \/ Yoast SEO plugin. -->","yoast_head_json":{"title":"\u00c9valuation professionnelle - COMPASS Centre for Examination Development","robots":{"index":"index","follow":"follow","max-snippet":"max-snippet:-1","max-image-preview":"max-image-preview:large","max-video-preview":"max-video-preview:-1"},"canonical":"https:\/\/www.compassexams.ca\/fr\/professional-assessment\/professional-assessment\/","og_locale":"fr_FR","og_type":"article","og_title":"\u00c9valuation professionnelle - COMPASS Centre for Examination Development","og_description":"La prochaine \u00e9valuation prendra place les avril 28 &#8211; 30,\u00a0 2025. Les centres d\u2019examens sont situ\u00e9s \u00e0 travers le Canada. L\u2019Examen d\u2019inscription est administr\u00e9 au moyen de protocoles en ligne. Les candidats ne peuvent passer l\u2019examen qu\u2019en utilisant la technologie de surveillance \u00e0 distance. Cliquez&nbsp;ICI&nbsp;pour acc\u00e9der les mat\u00e9riels de pr\u00e9paration au examen.","og_url":"https:\/\/www.compassexams.ca\/fr\/professional-assessment\/professional-assessment\/","og_site_name":"COMPASS Centre for Examination Development","article_modified_time":"2025-11-20T16:22:10+00:00","twitter_card":"summary_large_image","twitter_misc":{"Dur\u00e9e de lecture estim\u00e9e":"1 minute"},"schema":{"@context":"https:\/\/schema.org","@graph":[{"@type":"WebPage","@id":"https:\/\/www.compassexams.ca\/fr\/professional-assessment\/professional-assessment\/","url":"https:\/\/www.compassexams.ca\/fr\/professional-assessment\/professional-assessment\/","name":"\u00c9valuation professionnelle - COMPASS Centre for Examination Development","isPartOf":{"@id":"https:\/\/www.compassexams.ca\/#website"},"datePublished":"2019-04-11T14:50:41+00:00","dateModified":"2025-11-20T16:22:10+00:00","breadcrumb":{"@id":"https:\/\/www.compassexams.ca\/fr\/professional-assessment\/professional-assessment\/#breadcrumb"},"inLanguage":"fr-FR","potentialAction":[{"@type":"ReadAction","target":["https:\/\/www.compassexams.ca\/fr\/professional-assessment\/professional-assessment\/"]}]},{"@type":"BreadcrumbList","@id":"https:\/\/www.compassexams.ca\/fr\/professional-assessment\/professional-assessment\/#breadcrumb","itemListElement":[{"@type":"ListItem","position":1,"name":"Home","item":"https:\/\/www.compassexams.ca\/fr\/"},{"@type":"ListItem","position":2,"name":"\u00c9valuation Professionnelle","item":"https:\/\/www.compassexams.ca\/fr\/professional-assessment\/"},{"@type":"ListItem","position":3,"name":"\u00c9valuation professionnelle"}]},{"@type":"WebSite","@id":"https:\/\/www.compassexams.ca\/#website","url":"https:\/\/www.compassexams.ca\/","name":"COMPASS Centre for Examination Development","description":"","potentialAction":[{"@type":"SearchAction","target":{"@type":"EntryPoint","urlTemplate":"https:\/\/www.compassexams.ca\/?s={search_term_string}"},"query-input":{"@type":"PropertyValueSpecification","valueRequired":true,"valueName":"search_term_string"}}],"inLanguage":"fr-FR"}]}},"_links":{"self":[{"href":"https:\/\/www.compassexams.ca\/fr\/wp-json\/wp\/v2\/pages\/439","targetHints":{"allow":["GET"]}}],"collection":[{"href":"https:\/\/www.compassexams.ca\/fr\/wp-json\/wp\/v2\/pages"}],"about":[{"href":"https:\/\/www.compassexams.ca\/fr\/wp-json\/wp\/v2\/types\/page"}],"author":[{"embeddable":true,"href":"https:\/\/www.compassexams.ca\/fr\/wp-json\/wp\/v2\/users\/3"}],"replies":[{"embeddable":true,"href":"https:\/\/www.compassexams.ca\/fr\/wp-json\/wp\/v2\/comments?post=439"}],"version-history":[{"count":18,"href":"https:\/\/www.compassexams.ca\/fr\/wp-json\/wp\/v2\/pages\/439\/revisions"}],"predecessor-version":[{"id":1093,"href":"https:\/\/www.compassexams.ca\/fr\/wp-json\/wp\/v2\/pages\/439\/revisions\/1093"}],"up":[{"embeddable":true,"href":"https:\/\/www.compassexams.ca\/fr\/wp-json\/wp\/v2\/pages\/294"}],"wp:attachment":[{"href":"https:\/\/www.compassexams.ca\/fr\/wp-json\/wp\/v2\/media?parent=439"}],"curies":[{"name":"wp","href":"https:\/\/api.w.org\/{rel}","templated":true}]}}