{"id":432,"date":"2019-04-08T11:20:05","date_gmt":"2019-04-08T15:20:05","guid":{"rendered":"https:\/\/compass.machinedev.ca\/professional-assessment\/steps-for-writing-crpo-registration-exam\/"},"modified":"2022-08-01T14:46:00","modified_gmt":"2022-08-01T18:46:00","slug":"steps-for-writing-crpo-registration-exam","status":"publish","type":"page","link":"https:\/\/www.compassexams.ca\/fr\/professional-assessment\/steps-for-writing-crpo-registration-exam\/","title":{"rendered":"Les \u00e9tapes pour \u00e9crire l&rsquo;examen d&rsquo;inscription, << La Norme >>"},"content":{"rendered":"\n<p>Veuillez<a href=\"https:\/\/www.compassexams.ca\/wp-content\/uploads\/2022\/08\/How-to-schedule-your-exam-fr.pdf\">&nbsp;cliquer ici<\/a>&nbsp;pour r\u00e9server votre place \u00e0 l\u2019examen d\u2019inscription.<\/p>\n\n\n\n<p>Veuillez <a href=\"https:\/\/www.compassexams.ca\/wp-content\/uploads\/2022\/08\/Steps-in-Writing-the-Exam-FR-rev-2022-1.pdf\">cliquer ici<\/a> pour les \u00e9tapes \u00e0 suivre afin de compl\u00e9ter l&rsquo;examen d&rsquo;inscription.<\/p>\n","protected":false},"excerpt":{"rendered":"<p>Veuillez&nbsp;cliquer ici&nbsp;pour r\u00e9server votre place \u00e0 l\u2019examen d\u2019inscription. Veuillez cliquer ici pour les \u00e9tapes \u00e0 suivre afin de compl\u00e9ter l&rsquo;examen d&rsquo;inscription.<\/p>\n","protected":false},"author":1,"featured_media":0,"parent":294,"menu_order":0,"comment_status":"closed","ping_status":"closed","template":"","meta":{"_acf_changed":false,"footnotes":""},"class_list":["post-432","page","type-page","status-publish","hentry"],"acf":[],"yoast_head":"<!-- This site is optimized with the Yoast SEO plugin v27.4 - https:\/\/yoast.com\/product\/yoast-seo-wordpress\/ -->\n<title>Les \u00e9tapes pour \u00e9crire l&#039;examen d&#039;inscription, &gt; - COMPASS Centre for Examination Development<\/title>\n<meta name=\"robots\" content=\"index, follow, max-snippet:-1, max-image-preview:large, max-video-preview:-1\" \/>\n<link rel=\"canonical\" href=\"https:\/\/www.compassexams.ca\/fr\/professional-assessment\/steps-for-writing-crpo-registration-exam\/\" \/>\n<meta property=\"og:locale\" content=\"fr_FR\" \/>\n<meta property=\"og:type\" content=\"article\" \/>\n<meta property=\"og:title\" content=\"Les \u00e9tapes pour \u00e9crire l&#039;examen d&#039;inscription, &gt; - COMPASS Centre for Examination Development\" \/>\n<meta property=\"og:description\" content=\"Veuillez&nbsp;cliquer ici&nbsp;pour r\u00e9server votre place \u00e0 l\u2019examen d\u2019inscription. Veuillez cliquer ici pour les \u00e9tapes \u00e0 suivre afin de compl\u00e9ter l&rsquo;examen d&rsquo;inscription.\" \/>\n<meta property=\"og:url\" content=\"https:\/\/www.compassexams.ca\/fr\/professional-assessment\/steps-for-writing-crpo-registration-exam\/\" \/>\n<meta property=\"og:site_name\" content=\"COMPASS Centre for Examination Development\" \/>\n<meta property=\"article:modified_time\" content=\"2022-08-01T18:46:00+00:00\" \/>\n<meta name=\"twitter:card\" content=\"summary_large_image\" \/>\n<meta name=\"twitter:label1\" content=\"Dur\u00e9e de lecture estim\u00e9e\" \/>\n\t<meta name=\"twitter:data1\" content=\"1 minute\" \/>\n<script type=\"application\/ld+json\" class=\"yoast-schema-graph\">{\"@context\":\"https:\\\/\\\/schema.org\",\"@graph\":[{\"@type\":\"WebPage\",\"@id\":\"https:\\\/\\\/www.compassexams.ca\\\/fr\\\/professional-assessment\\\/steps-for-writing-crpo-registration-exam\\\/\",\"url\":\"https:\\\/\\\/www.compassexams.ca\\\/fr\\\/professional-assessment\\\/steps-for-writing-crpo-registration-exam\\\/\",\"name\":\"Les \u00e9tapes pour \u00e9crire l'examen d'inscription, > - COMPASS Centre for Examination Development\",\"isPartOf\":{\"@id\":\"https:\\\/\\\/www.compassexams.ca\\\/#website\"},\"datePublished\":\"2019-04-08T15:20:05+00:00\",\"dateModified\":\"2022-08-01T18:46:00+00:00\",\"breadcrumb\":{\"@id\":\"https:\\\/\\\/www.compassexams.ca\\\/fr\\\/professional-assessment\\\/steps-for-writing-crpo-registration-exam\\\/#breadcrumb\"},\"inLanguage\":\"fr-FR\",\"potentialAction\":[{\"@type\":\"ReadAction\",\"target\":[\"https:\\\/\\\/www.compassexams.ca\\\/fr\\\/professional-assessment\\\/steps-for-writing-crpo-registration-exam\\\/\"]}]},{\"@type\":\"BreadcrumbList\",\"@id\":\"https:\\\/\\\/www.compassexams.ca\\\/fr\\\/professional-assessment\\\/steps-for-writing-crpo-registration-exam\\\/#breadcrumb\",\"itemListElement\":[{\"@type\":\"ListItem\",\"position\":1,\"name\":\"Home\",\"item\":\"https:\\\/\\\/www.compassexams.ca\\\/fr\\\/\"},{\"@type\":\"ListItem\",\"position\":2,\"name\":\"\u00c9valuation Professionnelle\",\"item\":\"https:\\\/\\\/www.compassexams.ca\\\/fr\\\/professional-assessment\\\/\"},{\"@type\":\"ListItem\",\"position\":3,\"name\":\"Les \u00e9tapes pour \u00e9crire l&#8217;examen d&#8217;inscription, >\"}]},{\"@type\":\"WebSite\",\"@id\":\"https:\\\/\\\/www.compassexams.ca\\\/#website\",\"url\":\"https:\\\/\\\/www.compassexams.ca\\\/\",\"name\":\"COMPASS Centre for Examination Development\",\"description\":\"\",\"potentialAction\":[{\"@type\":\"SearchAction\",\"target\":{\"@type\":\"EntryPoint\",\"urlTemplate\":\"https:\\\/\\\/www.compassexams.ca\\\/?s={search_term_string}\"},\"query-input\":{\"@type\":\"PropertyValueSpecification\",\"valueRequired\":true,\"valueName\":\"search_term_string\"}}],\"inLanguage\":\"fr-FR\"}]}<\/script>\n<!-- \/ Yoast SEO plugin. -->","yoast_head_json":{"title":"Les \u00e9tapes pour \u00e9crire l'examen d'inscription, > - COMPASS Centre for Examination Development","robots":{"index":"index","follow":"follow","max-snippet":"max-snippet:-1","max-image-preview":"max-image-preview:large","max-video-preview":"max-video-preview:-1"},"canonical":"https:\/\/www.compassexams.ca\/fr\/professional-assessment\/steps-for-writing-crpo-registration-exam\/","og_locale":"fr_FR","og_type":"article","og_title":"Les \u00e9tapes pour \u00e9crire l'examen d'inscription, > - COMPASS Centre for Examination Development","og_description":"Veuillez&nbsp;cliquer ici&nbsp;pour r\u00e9server votre place \u00e0 l\u2019examen d\u2019inscription. Veuillez cliquer ici pour les \u00e9tapes \u00e0 suivre afin de compl\u00e9ter l&rsquo;examen d&rsquo;inscription.","og_url":"https:\/\/www.compassexams.ca\/fr\/professional-assessment\/steps-for-writing-crpo-registration-exam\/","og_site_name":"COMPASS Centre for Examination Development","article_modified_time":"2022-08-01T18:46:00+00:00","twitter_card":"summary_large_image","twitter_misc":{"Dur\u00e9e de lecture estim\u00e9e":"1 minute"},"schema":{"@context":"https:\/\/schema.org","@graph":[{"@type":"WebPage","@id":"https:\/\/www.compassexams.ca\/fr\/professional-assessment\/steps-for-writing-crpo-registration-exam\/","url":"https:\/\/www.compassexams.ca\/fr\/professional-assessment\/steps-for-writing-crpo-registration-exam\/","name":"Les \u00e9tapes pour \u00e9crire l'examen d'inscription, > - COMPASS Centre for Examination Development","isPartOf":{"@id":"https:\/\/www.compassexams.ca\/#website"},"datePublished":"2019-04-08T15:20:05+00:00","dateModified":"2022-08-01T18:46:00+00:00","breadcrumb":{"@id":"https:\/\/www.compassexams.ca\/fr\/professional-assessment\/steps-for-writing-crpo-registration-exam\/#breadcrumb"},"inLanguage":"fr-FR","potentialAction":[{"@type":"ReadAction","target":["https:\/\/www.compassexams.ca\/fr\/professional-assessment\/steps-for-writing-crpo-registration-exam\/"]}]},{"@type":"BreadcrumbList","@id":"https:\/\/www.compassexams.ca\/fr\/professional-assessment\/steps-for-writing-crpo-registration-exam\/#breadcrumb","itemListElement":[{"@type":"ListItem","position":1,"name":"Home","item":"https:\/\/www.compassexams.ca\/fr\/"},{"@type":"ListItem","position":2,"name":"\u00c9valuation Professionnelle","item":"https:\/\/www.compassexams.ca\/fr\/professional-assessment\/"},{"@type":"ListItem","position":3,"name":"Les \u00e9tapes pour \u00e9crire l&#8217;examen d&#8217;inscription, >"}]},{"@type":"WebSite","@id":"https:\/\/www.compassexams.ca\/#website","url":"https:\/\/www.compassexams.ca\/","name":"COMPASS Centre for Examination Development","description":"","potentialAction":[{"@type":"SearchAction","target":{"@type":"EntryPoint","urlTemplate":"https:\/\/www.compassexams.ca\/?s={search_term_string}"},"query-input":{"@type":"PropertyValueSpecification","valueRequired":true,"valueName":"search_term_string"}}],"inLanguage":"fr-FR"}]}},"_links":{"self":[{"href":"https:\/\/www.compassexams.ca\/fr\/wp-json\/wp\/v2\/pages\/432","targetHints":{"allow":["GET"]}}],"collection":[{"href":"https:\/\/www.compassexams.ca\/fr\/wp-json\/wp\/v2\/pages"}],"about":[{"href":"https:\/\/www.compassexams.ca\/fr\/wp-json\/wp\/v2\/types\/page"}],"author":[{"embeddable":true,"href":"https:\/\/www.compassexams.ca\/fr\/wp-json\/wp\/v2\/users\/1"}],"replies":[{"embeddable":true,"href":"https:\/\/www.compassexams.ca\/fr\/wp-json\/wp\/v2\/comments?post=432"}],"version-history":[{"count":10,"href":"https:\/\/www.compassexams.ca\/fr\/wp-json\/wp\/v2\/pages\/432\/revisions"}],"predecessor-version":[{"id":926,"href":"https:\/\/www.compassexams.ca\/fr\/wp-json\/wp\/v2\/pages\/432\/revisions\/926"}],"up":[{"embeddable":true,"href":"https:\/\/www.compassexams.ca\/fr\/wp-json\/wp\/v2\/pages\/294"}],"wp:attachment":[{"href":"https:\/\/www.compassexams.ca\/fr\/wp-json\/wp\/v2\/media?parent=432"}],"curies":[{"name":"wp","href":"https:\/\/api.w.org\/{rel}","templated":true}]}}