{"id":430,"date":"2019-04-08T11:19:43","date_gmt":"2019-04-08T15:19:43","guid":{"rendered":"https:\/\/compass.machinedev.ca\/professional-assessment\/taking-the-assessment-security-and-logistics\/"},"modified":"2022-08-01T10:33:15","modified_gmt":"2022-08-01T14:33:15","slug":"taking-the-assessment-security-and-logistics","status":"publish","type":"page","link":"https:\/\/www.compassexams.ca\/fr\/professional-assessment\/taking-the-assessment-security-and-logistics\/","title":{"rendered":"Passer l\u2019\u00e9valuation : s\u00e9curit\u00e9 et logistique"},"content":{"rendered":"\n<p class=\"has-black-color has-text-color has-medium-font-size\"><a><strong>Entamez l\u2019\u00e9valuation&nbsp;: s\u00e9curit\u00e9 et logistique<\/strong><\/a><\/p>\n\n\n\n<p>COMPASS assure la s\u00e9curit\u00e9 des processus d\u2019\u00e9laboration des tests et le stockage de ses composants, tout en effectuant des v\u00e9rifications permanentes de la fiabilit\u00e9, de la validit\u00e9 et de la cr\u00e9dibilit\u00e9 de l\u2019instrument d\u2019\u00e9valuation. On a aussi soigneusement v\u00e9rifi\u00e9 l\u2019exp\u00e9rience du candidat \u00e0 l\u2019examen.<\/p>\n\n\n\n<p>Des pr\u00e9paratifs et exigences techniques particuliers s\u2019appliquent si vous passez l\u2019examen en ligne surveill\u00e9 \u00e0 distance.<\/p>\n\n\n\n<p>Les \u00e9l\u00e9ments pr\u00e9paratoires suivants sont l\u2019objet d\u2019un suivi constant d\u2019assurance de la qualit\u00e9 dans l\u2019ensemble du pays&nbsp;:&nbsp;&nbsp;&nbsp;&nbsp;&nbsp;&nbsp;<\/p>\n\n\n\n<ul class=\"wp-block-list\"><li>Une application en ligne s\u00e9curis\u00e9e et bilingue servant \u00e0 r\u00e9diger l\u2019\u00e9valuation;<\/li><li>Une auto-\u00e9valuation facultative qui reproduit le style et le format de l\u2019Examen d\u2019inscription;<\/li><li>Un manuel comprenant des \u00e9tudes de cas suppl\u00e9mentaires pour que le candidat puisse se familiariser avec les processus fond\u00e9s sur les comp\u00e9tences professionnelles;<\/li><li>Un guide \u00e0 l\u2019intention du candidat \u00e0 l\u2019examen afin de le familiariser avec la d\u00e9marche et avec la \u00a0 plateforme du test;<\/li><li>Un guide et un syst\u00e8me de compte rendu \u00e0 l\u2019intention du surveillant;<\/li><li>Une accessibilit\u00e9 et des am\u00e9nagements raisonnables pour les personnes ayant besoin de plus de temps pour \u00e9crire \u00e0 cause d\u2019un handicap ou d\u2019un probl\u00e8me m\u00e9dical.<\/li><\/ul>\n\n\n\n<p>Pour que le test soit d\u00e9fendable, il faut absolument que sa s\u00e9curit\u00e9 soit garantie.<\/p>\n\n\n\n<p>Parmi les fonctions de s\u00e9curit\u00e9 appliqu\u00e9es \u00e0 l\u2019Examen d\u2019inscription, citons&nbsp;:<\/p>\n\n\n\n<ul class=\"wp-block-list\"><li>Le verrouillage des ordinateurs pour emp\u00eacher le vol d\u2019informations relatives au test;<\/li><li>Des services de surveillance \u00e0 distance s\u00e9curitaires qui font appel \u00e0 des surveillants exp\u00e9riment\u00e9s en mati\u00e8re d\u2019\u00e9valuations de haut niveau;<\/li><li>Des codes d\u2019acc\u00e8s individuels pour l\u2019utilisation de la plateforme de test;<\/li><li>Pour avoir acc\u00e8s \u00e0 la plateforme d\u2019examen, vous devez produire deux pi\u00e8ces d\u2019identit\u00e9 \u00e9mises par le gouvernement et comportant une photo, en plus confirmation d\u2019admission \u00e0 l\u2019examen.<\/li><\/ul>\n\n\n\n<p><\/p>\n\n\n\n<p>Tous les efforts ont \u00e9t\u00e9 d\u00e9ploy\u00e9s afin d\u2019assurer qu\u2019il y a un nombre suffisant de surveillants et de cases horaires pour leur permettre d\u2019avoir acc\u00e8s \u00e0 l\u2019examen durant la p\u00e9riode d\u2019examen.<\/p>\n\n\n\n<p>L\u2019Examen d\u2019inscription est con\u00e7u de mani\u00e8re \u00e0 ce qu\u2019il soit disponible deux fois par ann\u00e9e. Cette caract\u00e9ristique le rend conforme \u00e0 la plupart des autres \u00e9valuations de haut niveau. En r\u00e9duisant les p\u00e9riodes de test \u00e0 des cr\u00e9neaux de temps pr\u00e9cis, on r\u00e9duit d\u2019autant les risques associ\u00e9s \u00e0 diverses formes de tests frauduleux, de tricherie ou de collusion, et l\u2019on peut corriger toute erreur impr\u00e9visible touchant la plateforme de test, tout en \u00e9vitant une incidence n\u00e9gative sur les notes des candidats \u00e0 l\u2019examen.<\/p>\n\n\n\n<p class=\"has-black-color has-text-color has-medium-font-size\"><a>Surveillance \u00e0 distance&nbsp;:<\/a><\/p>\n\n\n\n<p>Exigences et v\u00e9rification techniques pour les examens en ligne<\/p>\n\n\n\n<p>La s\u00e9curit\u00e9 et l\u2019int\u00e9grit\u00e9 de l\u2019Examen d\u2019inscription surveill\u00e9 \u00e0 distance seront administr\u00e9es en collaboration avec MonitorEDU. Ces deux entreprises suivent les meilleures pratiques de l\u2019industrie conform\u00e9ment aux normes \u00e9tablies par les organismes d\u2019agr\u00e9ment internationaux.<\/p>\n\n\n\n<p>Les examens d\u2019inscription surveill\u00e9s \u00e0 distance seront offerts sur une plateforme s\u00e9curis\u00e9e par navigateur qui verrouille votre ordinateur. L\u2019ordinateur ne pourra donc pas \u00eatre utilis\u00e9 \u00e0 d\u2019autres fins ou pour avoir acc\u00e8s \u00e0 d\u2019autre documentation.<\/p>\n\n\n\n<p>L\u2019examen sera surveill\u00e9 \u00e0 distance au moyen d\u2019un processus de diffusion en continu en direct qui utilise la cam\u00e9ra de l\u2019ordinateur du candidat ou de la candidate et la technologie vid\u00e9o du t\u00e9l\u00e9phone intelligent. Par cons\u00e9quent, un surveillant ou une surveillante v\u00e9rifiera votre identit\u00e9 et vous surveillera pendant que vous faites votre examen.<\/p>\n\n\n\n<p><strong>ENVIRONNEMENT POUR L\u2019EXAMEN<\/strong><\/p>\n\n\n\n<p>Chaque candidat ou candidate doit s\u2019assurer d\u2019avoir une pi\u00e8ce ou un autre endroit s\u00e9curis\u00e9 et en ordre o\u00f9 la connexion \u00e0 Internet est possible pour passer l\u2019Examen d\u2019inscription surveill\u00e9 \u00e0 distance. Cet endroit peut \u00eatre \u00e0 la maison, mais dans une pi\u00e8ce o\u00f9 on ne viendra pas vous d\u00e9ranger. Si vous n\u2019avez pas acc\u00e8s \u00e0 un endroit qui r\u00e9pond \u00e0 ces exigences de base, nous vous recommandons de communiquer avec une biblioth\u00e8que, une universit\u00e9 ou autre \u00e9tablissement dans votre r\u00e9gion pour savoir si vous pourrez vous servir d\u2019une de ses salles.<\/p>\n\n\n\n<p>Les sp\u00e9cifications relatives au mat\u00e9riel et \u00e0 la bande passante Internet des candidats et candidates doivent \u00eatre v\u00e9rifi\u00e9es \u00e0 l\u2019avance, par MonitorEDU. Pour faire cette v\u00e9rification, \u00e0 partir de votre ordinateur et du navigateur que vous utiliserez pour votre Examen d\u2019inscription surveill\u00e9 \u00e0 distance, veuillez vous rendre \u00e0\u00a0<a href=\"http:\/\/monitoredu.com\/faq\"><strong>monitoredu.com\/faq<\/strong><\/a><strong>\u00a0AU PLUS TARD \u00c0 18 H (heure de l\u2019Est au Canada) cinq jours avant votre examen.<\/strong><\/p>\n\n\n\n<p>Afin de pouvoir assurer le bon d\u00e9roulement de l\u2019Examen d\u2019inscription surveill\u00e9 \u00e0 distance, on demande aux candidats et candidates de s\u2019installer dans une pi\u00e8ce isol\u00e9e et ferm\u00e9e. L\u2019environnement pour l\u2019examen doit \u00eatre confortable, tranquille et sans distractions et doit demeurer ainsi pendant toute la p\u00e9riode de l\u2019examen.<\/p>\n\n\n\n<p>Par cons\u00e9quent&nbsp;:<\/p>\n\n\n\n<ul class=\"wp-block-list\"><li>Le dessus du bureau ou de la table ne doit pas \u00eatre encombr\u00e9 et la chaise doit \u00eatre confortable. L\u2019espace sous le bureau et la chaise doit \u00eatre d\u00e9gag\u00e9. (Le surveillant ou la surveillante v\u00e9rifiera ceci.)<\/li><li>Il ne doit y avoir que tr\u00e8s peu de bruit provenant de l\u2019ext\u00e9rieur de la pi\u00e8ce de l\u2019examen (ex. le t\u00e9l\u00e9viseur, une conversation ou de la musique) afin que le candidat ou la candidate puisse passer l\u2019examen et que le surveillant ou la surveillante puisse surveiller l\u2019examen sans distraction.<\/li><li>L\u2019ordinateur et le t\u00e9l\u00e9phone doivent rester branch\u00e9s pour toute la dur\u00e9e de l\u2019examen.<\/li><li>Les t\u00e9l\u00e9phones filaires, les appareils \u00e9lectroniques qui ne sont pas requis et les dispositifs de s\u00e9curit\u00e9 ou d\u2019enregistrement dans la pi\u00e8ce doivent \u00eatre \u00e9teints.<\/li><li>Personne ne peut entrer dans la pi\u00e8ce de l\u2019examen pendant l\u2019examen.<\/li><\/ul>\n\n\n\n<p><strong>EXIGENCES TECHNIQUES<\/strong><\/p>\n\n\n\n<p>Certaines de ces exigences permettent au surveillant ou \u00e0 la surveillante en ligne de vous surveiller pendant l\u2019examen, par moyen audio et deux cam\u00e9ras&nbsp;: la webcam\u00e9ra de votre ordinateur et la cam\u00e9ra dans votre appareil mobile. Si cet appareil est un t\u00e9l\u00e9phone intelligent, seulement la cam\u00e9ra doit fonctionner. Toutes les autres fonctions et applications du t\u00e9l\u00e9phone doivent \u00eatre d\u00e9sactiv\u00e9es pendant l\u2019examen.<\/p>\n\n\n\n<p>ORDINATEUR :&nbsp;Un ordinateur portable ou un ordinateur de bureau et un moniteur avec webcam\u00e9ra, et un syst\u00e8me d\u2019exploitation Windows 7, ou version plus r\u00e9cente, ou Mac OSX 10.15.x, ou version plus r\u00e9cente. La webcam\u00e9ra permettra au surveillant ou \u00e0 la surveillante de voir votre pi\u00e8ce durant l\u2019examen.<\/p>\n\n\n\n<p>\u00c9CRAN D\u2019ORDINATEUR :&nbsp;Vous pouvez utiliser un (1) \u00e9cran d\u2019ordinateur, mais il doit \u00eatre connect\u00e9 sans technologie Bluetooth \u00e0 un seul ordinateur qui est verrouill\u00e9 afin d\u2019\u00eatre utilis\u00e9 uniquement pour l\u2019Examen d\u2019inscription surveill\u00e9 \u00e0 distance de l\u2019OPAO.<\/p>\n\n\n\n<p>NAVIGATEUR :&nbsp;Une version r\u00e9cente de Google Chrome (50+). Google Chrome sera charg\u00e9 lors de la configuration qui pr\u00e9c\u00e8de l\u2019examen s\u2019il n\u2019est pas d\u00e9tect\u00e9 sur votre ordinateur. <em>Veuillez vous assurer que vous avez les autorisations requises pour t\u00e9l\u00e9charger Google Chrome (50+) s\u2019il n\u2019est pas d\u00e9j\u00e0 install\u00e9 sur votre ordinateur.<\/em><\/p>\n\n\n\n<p>APPAREIL MOBILE :&nbsp;Une tablette ou un t\u00e9l\u00e9phone intelligent muni du syst\u00e8me d\u2019exploitation Android 4.1, ou version plus r\u00e9cente, ou (Apple) iOS 6.0 avec cam\u00e9ra.&nbsp;Ceci permettra au surveillant ou \u00e0 la surveillante de v\u00e9rifier l\u2019emplacement.<\/p>\n\n\n\n<p>CONNEXION INTERNET :&nbsp;Une connexion fiable \u00e0 Internet avec vitesse de t\u00e9l\u00e9versement minimum de 1 Mb\/seconde est requise. La connectivit\u00e9 Wi-Fi devra \u00eatre possible sur l\u2019appareil mobile. Sans une connexion fiable \u00e0 Internet avec cette vitesse de t\u00e9l\u00e9versement minimum, la surveillance \u00e0 distance et la transmission du contenu de l\u2019examen ne pourront fonctionner efficacement.<\/p>\n\n\n\n<p>FIL DE RALLONGE \u00c9LECTRIQUE&nbsp;: Un fil d\u2019au moins 6 pieds, ou 2 m\u00e8tres, de long doit \u00eatre pr\u00e9vu au cas o\u00f9 le surveillant ou la surveillante d\u00e9terminerait qu\u2019il faut r\u00e9arranger votre poste de travail.<\/p>\n","protected":false},"excerpt":{"rendered":"<p>Entamez l\u2019\u00e9valuation&nbsp;: s\u00e9curit\u00e9 et logistique COMPASS assure la s\u00e9curit\u00e9 des processus d\u2019\u00e9laboration des tests et le stockage de ses composants, tout en effectuant des v\u00e9rifications permanentes de la fiabilit\u00e9, de la validit\u00e9 et de la cr\u00e9dibilit\u00e9 de l\u2019instrument d\u2019\u00e9valuation. On a aussi soigneusement v\u00e9rifi\u00e9 l\u2019exp\u00e9rience du candidat \u00e0 l\u2019examen. Des pr\u00e9paratifs et exigences techniques particuliers [&hellip;]<\/p>\n","protected":false},"author":1,"featured_media":0,"parent":294,"menu_order":0,"comment_status":"closed","ping_status":"closed","template":"","meta":{"_acf_changed":false,"footnotes":""},"class_list":["post-430","page","type-page","status-publish","hentry"],"acf":[],"yoast_head":"<!-- This site is optimized with the Yoast SEO plugin v27.3 - https:\/\/yoast.com\/product\/yoast-seo-wordpress\/ -->\n<title>Passer l\u2019\u00e9valuation : s\u00e9curit\u00e9 et logistique - COMPASS Centre for Examination Development<\/title>\n<meta name=\"robots\" content=\"index, follow, max-snippet:-1, max-image-preview:large, max-video-preview:-1\" \/>\n<link rel=\"canonical\" href=\"https:\/\/www.compassexams.ca\/fr\/professional-assessment\/taking-the-assessment-security-and-logistics\/\" \/>\n<meta property=\"og:locale\" content=\"fr_FR\" \/>\n<meta property=\"og:type\" content=\"article\" \/>\n<meta property=\"og:title\" content=\"Passer l\u2019\u00e9valuation : s\u00e9curit\u00e9 et logistique - COMPASS Centre for Examination Development\" \/>\n<meta property=\"og:description\" content=\"Entamez l\u2019\u00e9valuation&nbsp;: s\u00e9curit\u00e9 et logistique COMPASS assure la s\u00e9curit\u00e9 des processus d\u2019\u00e9laboration des tests et le stockage de ses composants, tout en effectuant des v\u00e9rifications permanentes de la fiabilit\u00e9, de la validit\u00e9 et de la cr\u00e9dibilit\u00e9 de l\u2019instrument d\u2019\u00e9valuation. On a aussi soigneusement v\u00e9rifi\u00e9 l\u2019exp\u00e9rience du candidat \u00e0 l\u2019examen. Des pr\u00e9paratifs et exigences techniques particuliers [&hellip;]\" \/>\n<meta property=\"og:url\" content=\"https:\/\/www.compassexams.ca\/fr\/professional-assessment\/taking-the-assessment-security-and-logistics\/\" \/>\n<meta property=\"og:site_name\" content=\"COMPASS Centre for Examination Development\" \/>\n<meta property=\"article:modified_time\" content=\"2022-08-01T14:33:15+00:00\" \/>\n<meta name=\"twitter:card\" content=\"summary_large_image\" \/>\n<meta name=\"twitter:label1\" content=\"Dur\u00e9e de lecture estim\u00e9e\" \/>\n\t<meta name=\"twitter:data1\" content=\"6 minutes\" \/>\n<script type=\"application\/ld+json\" class=\"yoast-schema-graph\">{\"@context\":\"https:\\\/\\\/schema.org\",\"@graph\":[{\"@type\":\"WebPage\",\"@id\":\"https:\\\/\\\/www.compassexams.ca\\\/fr\\\/professional-assessment\\\/taking-the-assessment-security-and-logistics\\\/\",\"url\":\"https:\\\/\\\/www.compassexams.ca\\\/fr\\\/professional-assessment\\\/taking-the-assessment-security-and-logistics\\\/\",\"name\":\"Passer l\u2019\u00e9valuation : s\u00e9curit\u00e9 et logistique - COMPASS Centre for Examination Development\",\"isPartOf\":{\"@id\":\"https:\\\/\\\/www.compassexams.ca\\\/#website\"},\"datePublished\":\"2019-04-08T15:19:43+00:00\",\"dateModified\":\"2022-08-01T14:33:15+00:00\",\"breadcrumb\":{\"@id\":\"https:\\\/\\\/www.compassexams.ca\\\/fr\\\/professional-assessment\\\/taking-the-assessment-security-and-logistics\\\/#breadcrumb\"},\"inLanguage\":\"fr-FR\",\"potentialAction\":[{\"@type\":\"ReadAction\",\"target\":[\"https:\\\/\\\/www.compassexams.ca\\\/fr\\\/professional-assessment\\\/taking-the-assessment-security-and-logistics\\\/\"]}]},{\"@type\":\"BreadcrumbList\",\"@id\":\"https:\\\/\\\/www.compassexams.ca\\\/fr\\\/professional-assessment\\\/taking-the-assessment-security-and-logistics\\\/#breadcrumb\",\"itemListElement\":[{\"@type\":\"ListItem\",\"position\":1,\"name\":\"Home\",\"item\":\"https:\\\/\\\/www.compassexams.ca\\\/fr\\\/\"},{\"@type\":\"ListItem\",\"position\":2,\"name\":\"\u00c9valuation Professionnelle\",\"item\":\"https:\\\/\\\/www.compassexams.ca\\\/fr\\\/professional-assessment\\\/\"},{\"@type\":\"ListItem\",\"position\":3,\"name\":\"Passer l\u2019\u00e9valuation : s\u00e9curit\u00e9 et logistique\"}]},{\"@type\":\"WebSite\",\"@id\":\"https:\\\/\\\/www.compassexams.ca\\\/#website\",\"url\":\"https:\\\/\\\/www.compassexams.ca\\\/\",\"name\":\"COMPASS Centre for Examination Development\",\"description\":\"\",\"potentialAction\":[{\"@type\":\"SearchAction\",\"target\":{\"@type\":\"EntryPoint\",\"urlTemplate\":\"https:\\\/\\\/www.compassexams.ca\\\/?s={search_term_string}\"},\"query-input\":{\"@type\":\"PropertyValueSpecification\",\"valueRequired\":true,\"valueName\":\"search_term_string\"}}],\"inLanguage\":\"fr-FR\"}]}<\/script>\n<!-- \/ Yoast SEO plugin. -->","yoast_head_json":{"title":"Passer l\u2019\u00e9valuation : s\u00e9curit\u00e9 et logistique - COMPASS Centre for Examination Development","robots":{"index":"index","follow":"follow","max-snippet":"max-snippet:-1","max-image-preview":"max-image-preview:large","max-video-preview":"max-video-preview:-1"},"canonical":"https:\/\/www.compassexams.ca\/fr\/professional-assessment\/taking-the-assessment-security-and-logistics\/","og_locale":"fr_FR","og_type":"article","og_title":"Passer l\u2019\u00e9valuation : s\u00e9curit\u00e9 et logistique - COMPASS Centre for Examination Development","og_description":"Entamez l\u2019\u00e9valuation&nbsp;: s\u00e9curit\u00e9 et logistique COMPASS assure la s\u00e9curit\u00e9 des processus d\u2019\u00e9laboration des tests et le stockage de ses composants, tout en effectuant des v\u00e9rifications permanentes de la fiabilit\u00e9, de la validit\u00e9 et de la cr\u00e9dibilit\u00e9 de l\u2019instrument d\u2019\u00e9valuation. On a aussi soigneusement v\u00e9rifi\u00e9 l\u2019exp\u00e9rience du candidat \u00e0 l\u2019examen. Des pr\u00e9paratifs et exigences techniques particuliers [&hellip;]","og_url":"https:\/\/www.compassexams.ca\/fr\/professional-assessment\/taking-the-assessment-security-and-logistics\/","og_site_name":"COMPASS Centre for Examination Development","article_modified_time":"2022-08-01T14:33:15+00:00","twitter_card":"summary_large_image","twitter_misc":{"Dur\u00e9e de lecture estim\u00e9e":"6 minutes"},"schema":{"@context":"https:\/\/schema.org","@graph":[{"@type":"WebPage","@id":"https:\/\/www.compassexams.ca\/fr\/professional-assessment\/taking-the-assessment-security-and-logistics\/","url":"https:\/\/www.compassexams.ca\/fr\/professional-assessment\/taking-the-assessment-security-and-logistics\/","name":"Passer l\u2019\u00e9valuation : s\u00e9curit\u00e9 et logistique - COMPASS Centre for Examination Development","isPartOf":{"@id":"https:\/\/www.compassexams.ca\/#website"},"datePublished":"2019-04-08T15:19:43+00:00","dateModified":"2022-08-01T14:33:15+00:00","breadcrumb":{"@id":"https:\/\/www.compassexams.ca\/fr\/professional-assessment\/taking-the-assessment-security-and-logistics\/#breadcrumb"},"inLanguage":"fr-FR","potentialAction":[{"@type":"ReadAction","target":["https:\/\/www.compassexams.ca\/fr\/professional-assessment\/taking-the-assessment-security-and-logistics\/"]}]},{"@type":"BreadcrumbList","@id":"https:\/\/www.compassexams.ca\/fr\/professional-assessment\/taking-the-assessment-security-and-logistics\/#breadcrumb","itemListElement":[{"@type":"ListItem","position":1,"name":"Home","item":"https:\/\/www.compassexams.ca\/fr\/"},{"@type":"ListItem","position":2,"name":"\u00c9valuation Professionnelle","item":"https:\/\/www.compassexams.ca\/fr\/professional-assessment\/"},{"@type":"ListItem","position":3,"name":"Passer l\u2019\u00e9valuation : s\u00e9curit\u00e9 et logistique"}]},{"@type":"WebSite","@id":"https:\/\/www.compassexams.ca\/#website","url":"https:\/\/www.compassexams.ca\/","name":"COMPASS Centre for Examination Development","description":"","potentialAction":[{"@type":"SearchAction","target":{"@type":"EntryPoint","urlTemplate":"https:\/\/www.compassexams.ca\/?s={search_term_string}"},"query-input":{"@type":"PropertyValueSpecification","valueRequired":true,"valueName":"search_term_string"}}],"inLanguage":"fr-FR"}]}},"_links":{"self":[{"href":"https:\/\/www.compassexams.ca\/fr\/wp-json\/wp\/v2\/pages\/430","targetHints":{"allow":["GET"]}}],"collection":[{"href":"https:\/\/www.compassexams.ca\/fr\/wp-json\/wp\/v2\/pages"}],"about":[{"href":"https:\/\/www.compassexams.ca\/fr\/wp-json\/wp\/v2\/types\/page"}],"author":[{"embeddable":true,"href":"https:\/\/www.compassexams.ca\/fr\/wp-json\/wp\/v2\/users\/1"}],"replies":[{"embeddable":true,"href":"https:\/\/www.compassexams.ca\/fr\/wp-json\/wp\/v2\/comments?post=430"}],"version-history":[{"count":5,"href":"https:\/\/www.compassexams.ca\/fr\/wp-json\/wp\/v2\/pages\/430\/revisions"}],"predecessor-version":[{"id":878,"href":"https:\/\/www.compassexams.ca\/fr\/wp-json\/wp\/v2\/pages\/430\/revisions\/878"}],"up":[{"embeddable":true,"href":"https:\/\/www.compassexams.ca\/fr\/wp-json\/wp\/v2\/pages\/294"}],"wp:attachment":[{"href":"https:\/\/www.compassexams.ca\/fr\/wp-json\/wp\/v2\/media?parent=430"}],"curies":[{"name":"wp","href":"https:\/\/api.w.org\/{rel}","templated":true}]}}