{"id":428,"date":"2019-04-08T11:18:06","date_gmt":"2019-04-08T15:18:06","guid":{"rendered":"https:\/\/compass.machinedev.ca\/professional-assessment\/the-standard-simulation-style-content-details\/"},"modified":"2019-04-15T16:14:50","modified_gmt":"2019-04-15T20:14:50","slug":"the-standard-simulation-style-content-details","status":"publish","type":"page","link":"https:\/\/www.compassexams.ca\/fr\/professional-assessment\/the-standard-simulation-style-content-details\/","title":{"rendered":"La Norme : D\u00e9tails du contenu de type simulation"},"content":{"rendered":"\n<ul class=\"wp-block-list\"><li>Multiples formes \u00e9quivalentes de l\u2019examen.<br><\/li><li>10 simulations par examen.<br><\/li><li>Con\u00e7u pour permettre de distinguer les habilet\u00e9s de collecte d&rsquo;information des habilet\u00e9s de prise de d\u00e9cision professionnelle.<br><\/li><li>De cinq \u00e0 huit sections par simulation; les sections s\u2019agencent pour donner acc\u00e8s \u00e0 environ soixante-dix pour cent des comp\u00e9tences (\u00e0 l\u2019exception de celles qui sont mieux \u00e9valu\u00e9es dans le cadre d&rsquo;une supervision)<br><\/li><li>Les connaissances, les habilet\u00e9s le jugement sont \u00e9valu\u00e9s en contexte; les simulations exigent du candidat qu\u2019il utilise ses comp\u00e9tences de fa\u00e7on int\u00e9gr\u00e9e, non isol\u00e9ment, et sous les angles de l&rsquo;application, de l&rsquo;analyse, de la synth\u00e8se et de l&rsquo;\u00e9valuation, plut\u00f4t qu&rsquo;au niveau inf\u00e9rieur de la connaissance.<\/li><\/ul>\n\n\n\n<p>Sur le plan de la structure, chaque simulation compte trois composants :<\/p>\n\n\n\n<p>(1) Un bref sc\u00e9nario de deux ou trois phrases, qui fournit une mise en contexte r\u00e9aliste et les renseignements initiaux au sujet du client (p. ex. son \u00e2ge, son sexe, les probl\u00e8mes initiaux);<\/p>\n\n\n\n<p>(2) Une obligation de collecte d\u2019information par laquelle le candidat est amen\u00e9 \u00e0 recueillir les renseignements pertinents \u00e0 la d\u00e9marche avec le client (p. ex., les ant\u00e9c\u00e9dents familiaux, son \u00e9tat de sant\u00e9, les exp\u00e9riences ant\u00e9rieures en counseling) et<\/p>\n\n\n\n<p>(3) Une obligation de prise de d\u00e9cision qui impose au candidat de porter des jugements th\u00e9rapeutiques ou de prendre des d\u00e9cisions \u00e0 ce chapitre.<\/p>\n\n\n\n<ul class=\"wp-block-list\"><li>Dans chacune des simulations, chaque r\u00e9ponse possible est pond\u00e9r\u00e9e en fonction de sa pertinence sur le plan des bons soins \u00e0 prodiguer au client.<br><\/li><li>Les points attribu\u00e9s sont compris entre +3 et -3.<br><\/li><li>La r\u00e9partition de la valeur des points se fait en fonction de l\u2019incidence potentielle sur le client, +3 repr\u00e9sentant une incidence cruciale pour le bien-\u00eatre et l\u2019efficacit\u00e9 des soins au client et -3 \u00e9tant une incidence gravement pr\u00e9judiciable aux soins prodigu\u00e9s.<br><\/li><li>Les notes de passage sont d\u00e9termin\u00e9es pour chacune des simulations au terme de processus consensuels entre des experts issus de diverses approches th\u00e9rapeutiques et regroup\u00e9s au sein de l\u2019\u00e9quipe d\u2019\u00e9laboration des tests.<\/li><\/ul>\n","protected":false},"excerpt":{"rendered":"<p>Multiples formes \u00e9quivalentes de l\u2019examen. 10 simulations par examen. Con\u00e7u pour permettre de distinguer les habilet\u00e9s de collecte d&rsquo;information des habilet\u00e9s de prise de d\u00e9cision professionnelle. De cinq \u00e0 huit sections par simulation; les sections s\u2019agencent pour donner acc\u00e8s \u00e0 environ soixante-dix pour cent des comp\u00e9tences (\u00e0 l\u2019exception de celles qui sont mieux \u00e9valu\u00e9es dans [&hellip;]<\/p>\n","protected":false},"author":1,"featured_media":0,"parent":294,"menu_order":0,"comment_status":"closed","ping_status":"closed","template":"","meta":{"_acf_changed":false,"footnotes":""},"class_list":["post-428","page","type-page","status-publish","hentry"],"acf":[],"yoast_head":"<!-- This site is optimized with the Yoast SEO plugin v27.4 - https:\/\/yoast.com\/product\/yoast-seo-wordpress\/ -->\n<title>La Norme : D\u00e9tails du contenu de type simulation - COMPASS Centre for Examination Development<\/title>\n<meta name=\"robots\" content=\"index, follow, max-snippet:-1, max-image-preview:large, max-video-preview:-1\" \/>\n<link rel=\"canonical\" href=\"https:\/\/www.compassexams.ca\/fr\/professional-assessment\/the-standard-simulation-style-content-details\/\" \/>\n<meta property=\"og:locale\" content=\"fr_FR\" \/>\n<meta property=\"og:type\" content=\"article\" \/>\n<meta property=\"og:title\" content=\"La Norme : D\u00e9tails du contenu de type simulation - COMPASS Centre for Examination Development\" \/>\n<meta property=\"og:description\" content=\"Multiples formes \u00e9quivalentes de l\u2019examen. 10 simulations par examen. Con\u00e7u pour permettre de distinguer les habilet\u00e9s de collecte d&rsquo;information des habilet\u00e9s de prise de d\u00e9cision professionnelle. De cinq \u00e0 huit sections par simulation; les sections s\u2019agencent pour donner acc\u00e8s \u00e0 environ soixante-dix pour cent des comp\u00e9tences (\u00e0 l\u2019exception de celles qui sont mieux \u00e9valu\u00e9es dans [&hellip;]\" \/>\n<meta property=\"og:url\" content=\"https:\/\/www.compassexams.ca\/fr\/professional-assessment\/the-standard-simulation-style-content-details\/\" \/>\n<meta property=\"og:site_name\" content=\"COMPASS Centre for Examination Development\" \/>\n<meta property=\"article:modified_time\" content=\"2019-04-15T20:14:50+00:00\" \/>\n<meta name=\"twitter:card\" content=\"summary_large_image\" \/>\n<meta name=\"twitter:label1\" content=\"Dur\u00e9e de lecture estim\u00e9e\" \/>\n\t<meta name=\"twitter:data1\" content=\"2 minutes\" \/>\n<script type=\"application\/ld+json\" class=\"yoast-schema-graph\">{\"@context\":\"https:\\\/\\\/schema.org\",\"@graph\":[{\"@type\":\"WebPage\",\"@id\":\"https:\\\/\\\/www.compassexams.ca\\\/fr\\\/professional-assessment\\\/the-standard-simulation-style-content-details\\\/\",\"url\":\"https:\\\/\\\/www.compassexams.ca\\\/fr\\\/professional-assessment\\\/the-standard-simulation-style-content-details\\\/\",\"name\":\"La Norme : D\u00e9tails du contenu de type simulation - COMPASS Centre for Examination Development\",\"isPartOf\":{\"@id\":\"https:\\\/\\\/www.compassexams.ca\\\/#website\"},\"datePublished\":\"2019-04-08T15:18:06+00:00\",\"dateModified\":\"2019-04-15T20:14:50+00:00\",\"breadcrumb\":{\"@id\":\"https:\\\/\\\/www.compassexams.ca\\\/fr\\\/professional-assessment\\\/the-standard-simulation-style-content-details\\\/#breadcrumb\"},\"inLanguage\":\"fr-FR\",\"potentialAction\":[{\"@type\":\"ReadAction\",\"target\":[\"https:\\\/\\\/www.compassexams.ca\\\/fr\\\/professional-assessment\\\/the-standard-simulation-style-content-details\\\/\"]}]},{\"@type\":\"BreadcrumbList\",\"@id\":\"https:\\\/\\\/www.compassexams.ca\\\/fr\\\/professional-assessment\\\/the-standard-simulation-style-content-details\\\/#breadcrumb\",\"itemListElement\":[{\"@type\":\"ListItem\",\"position\":1,\"name\":\"Home\",\"item\":\"https:\\\/\\\/www.compassexams.ca\\\/fr\\\/\"},{\"@type\":\"ListItem\",\"position\":2,\"name\":\"\u00c9valuation Professionnelle\",\"item\":\"https:\\\/\\\/www.compassexams.ca\\\/fr\\\/professional-assessment\\\/\"},{\"@type\":\"ListItem\",\"position\":3,\"name\":\"La Norme : D\u00e9tails du contenu de type simulation\"}]},{\"@type\":\"WebSite\",\"@id\":\"https:\\\/\\\/www.compassexams.ca\\\/#website\",\"url\":\"https:\\\/\\\/www.compassexams.ca\\\/\",\"name\":\"COMPASS Centre for Examination Development\",\"description\":\"\",\"potentialAction\":[{\"@type\":\"SearchAction\",\"target\":{\"@type\":\"EntryPoint\",\"urlTemplate\":\"https:\\\/\\\/www.compassexams.ca\\\/?s={search_term_string}\"},\"query-input\":{\"@type\":\"PropertyValueSpecification\",\"valueRequired\":true,\"valueName\":\"search_term_string\"}}],\"inLanguage\":\"fr-FR\"}]}<\/script>\n<!-- \/ Yoast SEO plugin. -->","yoast_head_json":{"title":"La Norme : D\u00e9tails du contenu de type simulation - COMPASS Centre for Examination Development","robots":{"index":"index","follow":"follow","max-snippet":"max-snippet:-1","max-image-preview":"max-image-preview:large","max-video-preview":"max-video-preview:-1"},"canonical":"https:\/\/www.compassexams.ca\/fr\/professional-assessment\/the-standard-simulation-style-content-details\/","og_locale":"fr_FR","og_type":"article","og_title":"La Norme : D\u00e9tails du contenu de type simulation - COMPASS Centre for Examination Development","og_description":"Multiples formes \u00e9quivalentes de l\u2019examen. 10 simulations par examen. Con\u00e7u pour permettre de distinguer les habilet\u00e9s de collecte d&rsquo;information des habilet\u00e9s de prise de d\u00e9cision professionnelle. De cinq \u00e0 huit sections par simulation; les sections s\u2019agencent pour donner acc\u00e8s \u00e0 environ soixante-dix pour cent des comp\u00e9tences (\u00e0 l\u2019exception de celles qui sont mieux \u00e9valu\u00e9es dans [&hellip;]","og_url":"https:\/\/www.compassexams.ca\/fr\/professional-assessment\/the-standard-simulation-style-content-details\/","og_site_name":"COMPASS Centre for Examination Development","article_modified_time":"2019-04-15T20:14:50+00:00","twitter_card":"summary_large_image","twitter_misc":{"Dur\u00e9e de lecture estim\u00e9e":"2 minutes"},"schema":{"@context":"https:\/\/schema.org","@graph":[{"@type":"WebPage","@id":"https:\/\/www.compassexams.ca\/fr\/professional-assessment\/the-standard-simulation-style-content-details\/","url":"https:\/\/www.compassexams.ca\/fr\/professional-assessment\/the-standard-simulation-style-content-details\/","name":"La Norme : D\u00e9tails du contenu de type simulation - COMPASS Centre for Examination Development","isPartOf":{"@id":"https:\/\/www.compassexams.ca\/#website"},"datePublished":"2019-04-08T15:18:06+00:00","dateModified":"2019-04-15T20:14:50+00:00","breadcrumb":{"@id":"https:\/\/www.compassexams.ca\/fr\/professional-assessment\/the-standard-simulation-style-content-details\/#breadcrumb"},"inLanguage":"fr-FR","potentialAction":[{"@type":"ReadAction","target":["https:\/\/www.compassexams.ca\/fr\/professional-assessment\/the-standard-simulation-style-content-details\/"]}]},{"@type":"BreadcrumbList","@id":"https:\/\/www.compassexams.ca\/fr\/professional-assessment\/the-standard-simulation-style-content-details\/#breadcrumb","itemListElement":[{"@type":"ListItem","position":1,"name":"Home","item":"https:\/\/www.compassexams.ca\/fr\/"},{"@type":"ListItem","position":2,"name":"\u00c9valuation Professionnelle","item":"https:\/\/www.compassexams.ca\/fr\/professional-assessment\/"},{"@type":"ListItem","position":3,"name":"La Norme : D\u00e9tails du contenu de type simulation"}]},{"@type":"WebSite","@id":"https:\/\/www.compassexams.ca\/#website","url":"https:\/\/www.compassexams.ca\/","name":"COMPASS Centre for Examination Development","description":"","potentialAction":[{"@type":"SearchAction","target":{"@type":"EntryPoint","urlTemplate":"https:\/\/www.compassexams.ca\/?s={search_term_string}"},"query-input":{"@type":"PropertyValueSpecification","valueRequired":true,"valueName":"search_term_string"}}],"inLanguage":"fr-FR"}]}},"_links":{"self":[{"href":"https:\/\/www.compassexams.ca\/fr\/wp-json\/wp\/v2\/pages\/428","targetHints":{"allow":["GET"]}}],"collection":[{"href":"https:\/\/www.compassexams.ca\/fr\/wp-json\/wp\/v2\/pages"}],"about":[{"href":"https:\/\/www.compassexams.ca\/fr\/wp-json\/wp\/v2\/types\/page"}],"author":[{"embeddable":true,"href":"https:\/\/www.compassexams.ca\/fr\/wp-json\/wp\/v2\/users\/1"}],"replies":[{"embeddable":true,"href":"https:\/\/www.compassexams.ca\/fr\/wp-json\/wp\/v2\/comments?post=428"}],"version-history":[{"count":1,"href":"https:\/\/www.compassexams.ca\/fr\/wp-json\/wp\/v2\/pages\/428\/revisions"}],"predecessor-version":[{"id":429,"href":"https:\/\/www.compassexams.ca\/fr\/wp-json\/wp\/v2\/pages\/428\/revisions\/429"}],"up":[{"embeddable":true,"href":"https:\/\/www.compassexams.ca\/fr\/wp-json\/wp\/v2\/pages\/294"}],"wp:attachment":[{"href":"https:\/\/www.compassexams.ca\/fr\/wp-json\/wp\/v2\/media?parent=428"}],"curies":[{"name":"wp","href":"https:\/\/api.w.org\/{rel}","templated":true}]}}