{"id":423,"date":"2019-04-08T11:09:48","date_gmt":"2019-04-08T15:09:48","guid":{"rendered":"https:\/\/compass.machinedev.ca\/continuing-education\/associations\/"},"modified":"2019-04-15T15:56:49","modified_gmt":"2019-04-15T19:56:49","slug":"associations","status":"publish","type":"page","link":"https:\/\/www.compassexams.ca\/fr\/continuing-education\/associations\/","title":{"rendered":"Associations"},"content":{"rendered":"\n<p><em>Note:\u00a0Les institutions et associations affich\u00e9es sur cette page n\u2019impliquent pas n\u00e9cessairement l\u2019appui de COMPASS. Cette liste est affich\u00e9e seulement en tant que ressource d\u2019information. Les institutions et associations affich\u00e9es ci-dessous n\u2019ont pas \u00e9t\u00e9 \u00e9valu\u00e9es par COMPASS d\u2019aucune mani\u00e8re.\u00a0<\/em><\/p>\n\n\n\n<p>Ce qui suit est une liste de plusieurs associations qui offrent des opportunit\u00e9s d\u2019\u00e9ducation continue:<\/p>\n\n\n\n<h6 class=\"wp-block-heading\" style=\"text-align:left\"><strong><u>Pan-Canadiennes<\/u><\/strong><\/h6>\n\n\n\n<p>Canadian Counselling and Psychotherapy Association &#8211;&nbsp;<a href=\"http:\/\/www.ccpa-accp.ca\/\">www.ccpa-accp.ca<\/a><\/p>\n\n\n\n<p>Association of Traumatic Stress Specialists &#8211;&nbsp;<a href=\"http:\/\/www.atss.info\/index.php?option=com_mtree&amp;task=advsearch2&amp;search_id=152&amp;Itemid=21\">http:\/\/www.atss.info\/index.php?option=com_mtree&amp;task=advsearch2&amp;search_id=152&amp;Itemid=21<\/a><br><\/p>\n\n\n\n<p>Canadian Association for Marriage and Family Therapy &#8211;&nbsp;<a href=\"http:\/\/www.marriageandfamily.ca\/\">http:\/\/www.marriageandfamily.ca\/<\/a><br><\/p>\n\n\n\n<p>Canadian Humanistic and Transpersonal Association &#8211;&nbsp;<a href=\"http:\/\/www.chata.ca\/\">http:\/\/www.chata.ca\/<\/a><\/p>\n\n\n\n<p>Canadian Professional Counsellors Association &#8211;&nbsp;<a href=\"https:\/\/www.cpca-rpc.ca\/\">https:\/\/www.cpca-rpc.ca\/<\/a><\/p>\n\n\n\n<p>Canadian Psychoanalytic Society &#8211;&nbsp;<a href=\"http:\/\/www.en.psychoanalysis.ca\/\">http:\/\/www.en.psychoanalysis.ca\/<\/a><br><\/p>\n\n\n\n<p>Crisis and Trauma Research Institute &#8211;&nbsp;<a href=\"http:\/\/www.ctrinstitute.com\/\">www.ctrinstitute.com<\/a><\/p>\n\n\n\n<p>Soci\u00e9t\u00e9 canadienne de psychanalyse &#8211;&nbsp;<a href=\"http:\/\/www.en.psychoanalysis.ca\/\">http:\/\/www.en.psychoanalysis.ca\/<\/a><\/p>\n\n\n\n<h6 class=\"wp-block-heading\" style=\"text-align:left\"><strong><u>Colombie-Britannique et Yukon<\/u><\/strong><\/h6>\n\n\n\n<p>British Columbia Association for Clinical Counsellors &#8211;&nbsp;<a href=\"http:\/\/www.bcacc.ca\/\">www.bcacc.ca<\/a><\/p>\n\n\n\n<h6 class=\"wp-block-heading\" style=\"text-align:left\"><u><strong>Ontario<\/strong><\/u><\/h6>\n\n\n\n<p>Board of Examiners in Sex Therapy and Counselling in Ontario &#8211;&nbsp;<a href=\"http:\/\/www.bestco.info\/\">http:\/\/www.bestco.info\/<\/a><br><\/p>\n\n\n\n<p>Ontario Association of Jungian Analysts &#8211;&nbsp;<a href=\"http:\/\/www.oaja.ca\/\">http:\/\/www.oaja.ca\/<\/a><\/p>\n\n\n\n<p>Ontario School Counsellor Association &#8211;&nbsp;<a href=\"https:\/\/www.osca.ca\/\">https:\/\/www.osca.ca\/<\/a><\/p>\n\n\n\n<p>Ontario Association for Consultants, Counsellors, Psychometrists and Psychotherapists &#8211;&nbsp;<a href=\"http:\/\/www.oaccpp.ca\/\">http:\/\/www.oaccpp.ca\/<\/a>&nbsp;<br><\/p>\n\n\n\n<p>Ontario Association for Marriage and Family Therapy &#8211;&nbsp;<a href=\"http:\/\/www.oamft.com\/\">www.oamft.com<\/a><br><\/p>\n\n\n\n<p>Ontario Society of Psychotherapists &#8211;&nbsp;<a href=\"http:\/\/www.psychotherapyontario.org\/\">http:\/\/www.psychotherapyontario.org\/<\/a>&nbsp;<\/p>\n\n\n\n<h6 class=\"wp-block-heading\"><u><strong>Qu\u00e9bec<\/strong><\/u><\/h6>\n\n\n\n<p>Ordre des conseillers et des conseill\u00e8res d&rsquo;orientation du Qu\u00e9bec &#8211;&nbsp;<a href=\"http:\/\/www.orientation.qc.ca\/\">http:\/\/www.orientation.qc.ca\/<\/a><\/p>\n\n\n\n<p>Qu\u00e9bec Counselling Association &#8211;&nbsp;<a href=\"http:\/\/www.quebeccounselling.ca\/\">http:\/\/www.quebeccounselling.ca\/<\/a><br><\/p>\n\n\n\n<p>Ordre des psychologues du Qu\u00e9bec &#8211;&nbsp;<a href=\"https:\/\/www.ordrepsy.qc.ca\/fr\/index.sn\">https:\/\/www.ordrepsy.qc.ca\/fr\/index.sn<\/a><br><\/p>\n\n\n\n<p>Soci\u00e9t\u00e9 qu\u00e9b\u00e9coise des psychoth\u00e9rapeutes professionnels &#8211;&nbsp;<a href=\"http:\/\/www.sqpp.org\/\">http:\/\/www.sqpp.org\/<\/a><\/p>\n\n\n\n<p>Association des psychoth\u00e9rapeutes psychanalytiques du Qu\u00e9bec &#8211;&nbsp;<a href=\"http:\/\/www.appq.com\/\">http:\/\/www.appq.com\/<\/a><\/p>\n\n\n\n<h6 class=\"wp-block-heading\"><strong><u>Nouveau-Brunswick<\/u><\/strong><\/h6>\n\n\n\n<p>New Brunswick Assocation of Counselling Therapists &#8211;&nbsp;<a href=\"http:\/\/www.nbact.ca\/\">http:\/\/www.nbact.ca\/<\/a><\/p>\n\n\n\n<h6 class=\"wp-block-heading\"><strong><u>Nouvelle-\u00c9cosse<\/u><\/strong><\/h6>\n\n\n\n<p>Nova Scotia College of Counselling Therapists &#8211;&nbsp;<a href=\"http:\/\/www.nscct.ca\/\">http:\/\/www.nscct.ca\/<\/a><\/p>\n\n\n\n<h6 class=\"wp-block-heading\"><strong><u>\u00cele-du-Prince-\u00c9douard<\/u><\/strong><\/h6>\n\n\n\n<p>Prince Edward Island Counselling Association &#8211;&nbsp;<a href=\"http:\/\/peica.org\/\">http:\/\/peica.org\/<\/a><\/p>\n","protected":false},"excerpt":{"rendered":"<p>Note:\u00a0Les institutions et associations affich\u00e9es sur cette page n\u2019impliquent pas n\u00e9cessairement l\u2019appui de COMPASS. Cette liste est affich\u00e9e seulement en tant que ressource d\u2019information. Les institutions et associations affich\u00e9es ci-dessous n\u2019ont pas \u00e9t\u00e9 \u00e9valu\u00e9es par COMPASS d\u2019aucune mani\u00e8re.\u00a0 Ce qui suit est une liste de plusieurs associations qui offrent des opportunit\u00e9s d\u2019\u00e9ducation continue: Pan-Canadiennes Canadian [&hellip;]<\/p>\n","protected":false},"author":1,"featured_media":0,"parent":421,"menu_order":0,"comment_status":"closed","ping_status":"closed","template":"","meta":{"_acf_changed":false,"footnotes":""},"class_list":["post-423","page","type-page","status-publish","hentry"],"acf":[],"yoast_head":"<!-- This site is optimized with the Yoast SEO plugin v27.4 - https:\/\/yoast.com\/product\/yoast-seo-wordpress\/ -->\n<title>Associations - COMPASS Centre for Examination Development<\/title>\n<meta name=\"robots\" content=\"index, follow, max-snippet:-1, max-image-preview:large, max-video-preview:-1\" \/>\n<link rel=\"canonical\" href=\"https:\/\/www.compassexams.ca\/fr\/continuing-education\/associations\/\" \/>\n<meta property=\"og:locale\" content=\"fr_FR\" \/>\n<meta property=\"og:type\" content=\"article\" \/>\n<meta property=\"og:title\" content=\"Associations - COMPASS Centre for Examination Development\" \/>\n<meta property=\"og:description\" content=\"Note:\u00a0Les institutions et associations affich\u00e9es sur cette page n\u2019impliquent pas n\u00e9cessairement l\u2019appui de COMPASS. Cette liste est affich\u00e9e seulement en tant que ressource d\u2019information. Les institutions et associations affich\u00e9es ci-dessous n\u2019ont pas \u00e9t\u00e9 \u00e9valu\u00e9es par COMPASS d\u2019aucune mani\u00e8re.\u00a0 Ce qui suit est une liste de plusieurs associations qui offrent des opportunit\u00e9s d\u2019\u00e9ducation continue: Pan-Canadiennes Canadian [&hellip;]\" \/>\n<meta property=\"og:url\" content=\"https:\/\/www.compassexams.ca\/fr\/continuing-education\/associations\/\" \/>\n<meta property=\"og:site_name\" content=\"COMPASS Centre for Examination Development\" \/>\n<meta property=\"article:modified_time\" content=\"2019-04-15T19:56:49+00:00\" \/>\n<meta name=\"twitter:card\" content=\"summary_large_image\" \/>\n<meta name=\"twitter:label1\" content=\"Dur\u00e9e de lecture estim\u00e9e\" \/>\n\t<meta name=\"twitter:data1\" content=\"2 minutes\" \/>\n<script type=\"application\/ld+json\" class=\"yoast-schema-graph\">{\"@context\":\"https:\\\/\\\/schema.org\",\"@graph\":[{\"@type\":\"WebPage\",\"@id\":\"https:\\\/\\\/www.compassexams.ca\\\/fr\\\/continuing-education\\\/associations\\\/\",\"url\":\"https:\\\/\\\/www.compassexams.ca\\\/fr\\\/continuing-education\\\/associations\\\/\",\"name\":\"Associations - COMPASS Centre for Examination Development\",\"isPartOf\":{\"@id\":\"https:\\\/\\\/www.compassexams.ca\\\/#website\"},\"datePublished\":\"2019-04-08T15:09:48+00:00\",\"dateModified\":\"2019-04-15T19:56:49+00:00\",\"breadcrumb\":{\"@id\":\"https:\\\/\\\/www.compassexams.ca\\\/fr\\\/continuing-education\\\/associations\\\/#breadcrumb\"},\"inLanguage\":\"fr-FR\",\"potentialAction\":[{\"@type\":\"ReadAction\",\"target\":[\"https:\\\/\\\/www.compassexams.ca\\\/fr\\\/continuing-education\\\/associations\\\/\"]}]},{\"@type\":\"BreadcrumbList\",\"@id\":\"https:\\\/\\\/www.compassexams.ca\\\/fr\\\/continuing-education\\\/associations\\\/#breadcrumb\",\"itemListElement\":[{\"@type\":\"ListItem\",\"position\":1,\"name\":\"Home\",\"item\":\"https:\\\/\\\/www.compassexams.ca\\\/fr\\\/\"},{\"@type\":\"ListItem\",\"position\":2,\"name\":\"Formation continue\",\"item\":\"https:\\\/\\\/www.compassexams.ca\\\/fr\\\/continuing-education\\\/\"},{\"@type\":\"ListItem\",\"position\":3,\"name\":\"Associations\"}]},{\"@type\":\"WebSite\",\"@id\":\"https:\\\/\\\/www.compassexams.ca\\\/#website\",\"url\":\"https:\\\/\\\/www.compassexams.ca\\\/\",\"name\":\"COMPASS Centre for Examination Development\",\"description\":\"\",\"potentialAction\":[{\"@type\":\"SearchAction\",\"target\":{\"@type\":\"EntryPoint\",\"urlTemplate\":\"https:\\\/\\\/www.compassexams.ca\\\/?s={search_term_string}\"},\"query-input\":{\"@type\":\"PropertyValueSpecification\",\"valueRequired\":true,\"valueName\":\"search_term_string\"}}],\"inLanguage\":\"fr-FR\"}]}<\/script>\n<!-- \/ Yoast SEO plugin. -->","yoast_head_json":{"title":"Associations - COMPASS Centre for Examination Development","robots":{"index":"index","follow":"follow","max-snippet":"max-snippet:-1","max-image-preview":"max-image-preview:large","max-video-preview":"max-video-preview:-1"},"canonical":"https:\/\/www.compassexams.ca\/fr\/continuing-education\/associations\/","og_locale":"fr_FR","og_type":"article","og_title":"Associations - COMPASS Centre for Examination Development","og_description":"Note:\u00a0Les institutions et associations affich\u00e9es sur cette page n\u2019impliquent pas n\u00e9cessairement l\u2019appui de COMPASS. Cette liste est affich\u00e9e seulement en tant que ressource d\u2019information. Les institutions et associations affich\u00e9es ci-dessous n\u2019ont pas \u00e9t\u00e9 \u00e9valu\u00e9es par COMPASS d\u2019aucune mani\u00e8re.\u00a0 Ce qui suit est une liste de plusieurs associations qui offrent des opportunit\u00e9s d\u2019\u00e9ducation continue: Pan-Canadiennes Canadian [&hellip;]","og_url":"https:\/\/www.compassexams.ca\/fr\/continuing-education\/associations\/","og_site_name":"COMPASS Centre for Examination Development","article_modified_time":"2019-04-15T19:56:49+00:00","twitter_card":"summary_large_image","twitter_misc":{"Dur\u00e9e de lecture estim\u00e9e":"2 minutes"},"schema":{"@context":"https:\/\/schema.org","@graph":[{"@type":"WebPage","@id":"https:\/\/www.compassexams.ca\/fr\/continuing-education\/associations\/","url":"https:\/\/www.compassexams.ca\/fr\/continuing-education\/associations\/","name":"Associations - COMPASS Centre for Examination Development","isPartOf":{"@id":"https:\/\/www.compassexams.ca\/#website"},"datePublished":"2019-04-08T15:09:48+00:00","dateModified":"2019-04-15T19:56:49+00:00","breadcrumb":{"@id":"https:\/\/www.compassexams.ca\/fr\/continuing-education\/associations\/#breadcrumb"},"inLanguage":"fr-FR","potentialAction":[{"@type":"ReadAction","target":["https:\/\/www.compassexams.ca\/fr\/continuing-education\/associations\/"]}]},{"@type":"BreadcrumbList","@id":"https:\/\/www.compassexams.ca\/fr\/continuing-education\/associations\/#breadcrumb","itemListElement":[{"@type":"ListItem","position":1,"name":"Home","item":"https:\/\/www.compassexams.ca\/fr\/"},{"@type":"ListItem","position":2,"name":"Formation continue","item":"https:\/\/www.compassexams.ca\/fr\/continuing-education\/"},{"@type":"ListItem","position":3,"name":"Associations"}]},{"@type":"WebSite","@id":"https:\/\/www.compassexams.ca\/#website","url":"https:\/\/www.compassexams.ca\/","name":"COMPASS Centre for Examination Development","description":"","potentialAction":[{"@type":"SearchAction","target":{"@type":"EntryPoint","urlTemplate":"https:\/\/www.compassexams.ca\/?s={search_term_string}"},"query-input":{"@type":"PropertyValueSpecification","valueRequired":true,"valueName":"search_term_string"}}],"inLanguage":"fr-FR"}]}},"_links":{"self":[{"href":"https:\/\/www.compassexams.ca\/fr\/wp-json\/wp\/v2\/pages\/423","targetHints":{"allow":["GET"]}}],"collection":[{"href":"https:\/\/www.compassexams.ca\/fr\/wp-json\/wp\/v2\/pages"}],"about":[{"href":"https:\/\/www.compassexams.ca\/fr\/wp-json\/wp\/v2\/types\/page"}],"author":[{"embeddable":true,"href":"https:\/\/www.compassexams.ca\/fr\/wp-json\/wp\/v2\/users\/1"}],"replies":[{"embeddable":true,"href":"https:\/\/www.compassexams.ca\/fr\/wp-json\/wp\/v2\/comments?post=423"}],"version-history":[{"count":1,"href":"https:\/\/www.compassexams.ca\/fr\/wp-json\/wp\/v2\/pages\/423\/revisions"}],"predecessor-version":[{"id":424,"href":"https:\/\/www.compassexams.ca\/fr\/wp-json\/wp\/v2\/pages\/423\/revisions\/424"}],"up":[{"embeddable":true,"href":"https:\/\/www.compassexams.ca\/fr\/wp-json\/wp\/v2\/pages\/421"}],"wp:attachment":[{"href":"https:\/\/www.compassexams.ca\/fr\/wp-json\/wp\/v2\/media?parent=423"}],"curies":[{"name":"wp","href":"https:\/\/api.w.org\/{rel}","templated":true}]}}