{"id":421,"date":"2019-04-08T11:06:41","date_gmt":"2019-04-08T15:06:41","guid":{"rendered":"https:\/\/compass.machinedev.ca\/continuing-education\/"},"modified":"2019-04-15T16:35:19","modified_gmt":"2019-04-15T20:35:19","slug":"continuing-education","status":"publish","type":"page","link":"https:\/\/www.compassexams.ca\/fr\/continuing-education\/","title":{"rendered":"Formation continue"},"content":{"rendered":"\n<p>Tir\u00e9 de&nbsp;<a href=\"http:\/\/cicic.ca\/506\/definitions-de-base.canada\">http:\/\/cicic.ca\/506\/definitions-de-base.canada<\/a>.<\/p>\n\n\n\n<p><strong>Centre d&rsquo;information canadien sur les dipl\u00f4mes internationaux&nbsp;<\/strong>(CICDI)<br><\/p>\n\n\n\n<p><em><u>D\u00e9finitions utilis\u00e9es dans le R\u00e9pertoire des universit\u00e9s, coll\u00e8ges et \u00e9coles des provinces et territoires du Canada<\/u><\/em><\/p>\n\n\n\n<h6 class=\"wp-block-heading\" style=\"text-align:center\"><strong><u>Statut l\u00e9gal<\/u><\/strong><\/h6>\n\n\n\n<p><strong>\u00c9tablissement postsecondaire reconnu<\/strong><br>\u00c9tablissement public ou priv\u00e9 auquel a \u00e9t\u00e9 accord\u00e9, en vertu d&rsquo;une loi&nbsp;<em>publique ou priv\u00e9e<\/em>&nbsp;du parlement de la province ou du territoire ou d&rsquo;un m\u00e9canisme gouvernemental d&rsquo;assurance de qualit\u00e9, le pouvoir de d\u00e9livrer des grades, dipl\u00f4mes et autres titres de scolarit\u00e9.<\/p>\n\n\n\n<p><strong>\u00c9tablissement postsecondaire autoris\u00e9 \u00e0 d\u00e9livrer certains titres de scolarit\u00e9<\/strong><br>\u00c9tablissement public ou priv\u00e9 auquel a \u00e9t\u00e9 accord\u00e9, en vertu d&rsquo;un m\u00e9canisme gouvernemental d&rsquo;assurance de qualit\u00e9 ou d&rsquo;une loi&nbsp;<em>priv\u00e9e<\/em>&nbsp;du parlement provincial ou territorial, un pouvoir limit\u00e9 de d\u00e9livrer certains grades, dipl\u00f4mes ou autres titres de scolarit\u00e9.<\/p>\n\n\n\n<p><strong>\u00c9tablissement postsecondaire enregistr\u00e9 ou licenci\u00e9<\/strong><br>\u00c9tablissement priv\u00e9 ayant re\u00e7u, en vertu d&rsquo;une loi provinciale ou territoriale r\u00e9gissant les activit\u00e9s commerciales, le droit d&rsquo;exploiter \u00e0 des fins lucratives une entreprise offrant des programmes de formation priv\u00e9s, apr\u00e8s qu&rsquo;il a \u00e9t\u00e9 confirm\u00e9, aux fins de protection du consommateur, qu&rsquo;elle satisfait \u00e0 certaines normes, financi\u00e8res et autres.&nbsp;<\/p>\n\n\n\n<h6 class=\"wp-block-heading\" style=\"text-align:center\"><strong><u>Statut administratif<\/u><\/strong><\/h6>\n\n\n\n<p><strong>\u00c9tablissement public<\/strong><br>\u00c9tablissement contr\u00f4l\u00e9 ou g\u00e9r\u00e9 par un organe dont la plupart des membres sont \u00e9lus ou nomm\u00e9s par une instance publique ou sous sa supervision.<\/p>\n\n\n\n<p><strong>\u00c9tablissement priv\u00e9 \u00e0 but non lucratif<\/strong><br>\u00c9tablissement qui est contr\u00f4l\u00e9 ou g\u00e9r\u00e9 par un organe dont la plupart des membres ne sont pas choisis par une instance publique et qui n&rsquo;a pas \u00e9t\u00e9 cr\u00e9\u00e9 aux fins de distribuer des profits \u00e0 des directeurs, des employ\u00e9s, des propri\u00e9taires ou des actionnaires.<\/p>\n\n\n\n<p><strong>\u00c9tablissement priv\u00e9 \u00e0 but lucratif<\/strong><br>\u00c9tablissement qui est contr\u00f4l\u00e9 ou g\u00e9r\u00e9 par un organe dont la plupart des membres ne sont pas choisis par une instance publique et qui a \u00e9t\u00e9 cr\u00e9\u00e9 aux fins de distribuer des profits \u00e0 des directeurs, des employ\u00e9s, des propri\u00e9taires ou des actionnaires.<\/p>\n\n\n\n<h6 class=\"wp-block-heading\" style=\"text-align:center\"><strong><u>Autres cat\u00e9gories<\/u><\/strong><\/h6>\n\n\n\n<p><strong>Coll\u00e8ges priv\u00e9s de formation professionnelle<\/strong><br>Entreprises commerciales enregistr\u00e9es, licenci\u00e9es ou autoris\u00e9es conform\u00e9ment aux lois provinciales ou territoriales applicables \u00e0 offrir des programmes de formation technique et professionnelle. En tant que consommateurs potentiels, les \u00e9tudiants doivent, lorsqu&rsquo;ils choisissent un programme, prendre les m\u00eames pr\u00e9cautions que pour tout autre achat important.<\/p>\n\n\n\n<p><strong>\u00c9tablissements de formation \u00e0 distance<\/strong><br>\u00c9tablissements dont la formation est d\u00e9livr\u00e9e \u00e0 des personnes qui ne se trouvent pas physiquement dans une salle de classe. , Individuellement ou en groupe, ces personnes travaillent et communiquent au contraire avec leur enseignant en utilisant du mat\u00e9riel imprim\u00e9 ou \u00e9lectronique, ou en se servant de supports technologiques comme le t\u00e9l\u00e9phone, le courriel, ou des s\u00e9minaires et t\u00e9l\u00e9conf\u00e9rences vid\u00e9o et en ligne.<\/p>\n\n\n\n<p><strong>\u00c9coles de th\u00e9ologie<\/strong>&nbsp;(appel\u00e9es aussi s\u00e9minaires ou facult\u00e9s de th\u00e9ologie ou coll\u00e8ges de th\u00e9ologie)<br>\u00c9tablissements, dont la vocation est souvent la formation de th\u00e9ologiennes et th\u00e9ologiens ou de ministres du culte, qui ont \u00e9t\u00e9 \u00e9tablis en vertu d&rsquo;une loi provinciale ou territoriale priv\u00e9e et que la province ou le territoire n&rsquo;assujettit habituellement pas \u00e0 une proc\u00e9dure d&rsquo;assurance de qualit\u00e9<\/p>\n\n\n\n<h6 class=\"wp-block-heading\" style=\"text-align:center\"><strong><u>Types de dipl\u00f4me<\/u><\/strong><\/h6>\n\n\n\n<p><strong>Doctorat\/PhD<\/strong><br>Grade de troisi\u00e8me cycle suivant imm\u00e9diatement la ma\u00eetrise, qui exige ordinairement un minimum de deux \u00e0 trois ann\u00e9es d&rsquo;\u00e9tudes \u00e0 temps plein.<\/p>\n\n\n\n<p><strong>Ma\u00eetrise<\/strong><br>Grade de deuxi\u00e8me cycle offert par une universit\u00e9 qui suit g\u00e9n\u00e9ralement un grade de premier cycle et exige de une \u00e0 deux ann\u00e9es d&rsquo;\u00e9tudes \u00e0 temps plein.<\/p>\n\n\n\n<p><strong>Baccalaur\u00e9at<\/strong><br>Grade de premier cycle offert par une universit\u00e9 et qui exige habituellement trois ou quatre ann\u00e9es d&rsquo;\u00e9tudes \u00e0 temps plein.<\/p>\n\n\n\n<p><strong>Grade (baccalaur\u00e9at) d&rsquo;\u00e9tudes appliqu\u00e9es<\/strong><br>Grade qui est offert par un \u00e9tablissement postsecondaire et qui exige habituellement quatre ann\u00e9es d&rsquo;\u00e9tudes \u00e0 temps plein. Les grades d&rsquo;\u00e9tudes appliqu\u00e9es visent principalement les domaines de la technologie, mettent l&rsquo;accent sur les applications techniques et n\u00e9cessitent souvent un stage ou une exp\u00e9rience de travail pratique.<\/p>\n\n\n\n<p><strong>Ma\u00eetrise d&rsquo;\u00e9tudes appliqu\u00e9es<\/strong><br>Grade suivant normalement un grade de 1er cycle qui est offert par un \u00e9tablissement postsecondaire. Ces grades exigent une ou deux ann\u00e9es d&rsquo;\u00e9tudes \u00e0 temps plein. Ils comportent un volet th\u00e9orique et un volet pratique; leur contenu correspond \u00e0 un niveau d&rsquo;expertise avanc\u00e9 dans un m\u00e9tier ou une profession reconnus. Ce qui distingue ces grades d&rsquo;une ma\u00eetrise classique, c&rsquo;est la pr\u00e9sence d&rsquo;\u00e9lements \u00e0 caract\u00e8re pratique et la moindre importance accord\u00e9e \u00e0 la recherche.&nbsp;<\/p>\n\n\n\n<p><strong>Grade associ\u00e9<\/strong><br>Grade de premier cycle qui est offert par un coll\u00e8ge ou un coll\u00e8ge universitaire et qui exige habituellement deux ann\u00e9es d&rsquo;\u00e9tudes \u00e0 temps plein.<\/p>\n\n\n\n<p><strong>Certificat\/Dipl\u00f4me universitaire<\/strong><br>Document attestant qu&rsquo;une personne a termin\u00e9 avec succ\u00e8s un programme de 1er cycle approuv\u00e9 dont la dur\u00e9e est habituellement inf\u00e9rieure \u00e0 quatre semestres. Les dipl\u00f4mes universitaires de 2e et 3e cycles attestent de la r\u00e9ussite \u00e0 des cours de perfectionnement visant les membres des professions lib\u00e9rales.<\/p>\n\n\n\n<p><strong>Dipl\u00f4me d&rsquo;\u00e9tudes coll\u00e9giales (hors Qu\u00e9bec)<\/strong><br>Document attestant qu&rsquo;une personne a termin\u00e9 avec succ\u00e8s un programme de formation professionnelle ou d&rsquo;\u00e9tudes postsecondaires exigeant habituellement deux ans d&rsquo;\u00e9tudes \u00e0 temps plein.<\/p>\n\n\n\n<p><strong>Dipl\u00f4me d&rsquo;\u00e9tudes coll\u00e9giales (DEC)<\/strong><br>Au Qu\u00e9bec, document attestant qu&rsquo;une personne a termin\u00e9 avec succ\u00e8s un programme de formation technique ou de formation pr\u00e9universitaire exigeant habituellement deux ou trois ans d&rsquo;\u00e9tudes \u00e0 temps plein.<\/p>\n\n\n\n<p><strong>Certificat d&rsquo;\u00e9tudes coll\u00e9giales<\/strong><br>Document attestant qu&rsquo;une personne a termin\u00e9 avec succ\u00e8s un cours ou un programme d&rsquo;\u00e9tudes ou de formation professionnelle dont la dur\u00e9e est habituellement de deux ans ou moins apr\u00e8s l&rsquo;\u00e9cole secondaire.<\/p>\n\n\n\n<p><strong>Attestation d&rsquo;\u00e9tudes coll\u00e9giales (AEC)<\/strong><br>Document attestant qu&rsquo;une personne a termin\u00e9 avec succ\u00e8s un programme de formation technique d&rsquo;une dur\u00e9e variable qui est \u00e9labor\u00e9 par un \u00e9tablissement d&rsquo;enseignement coll\u00e9gial avec l&rsquo;autorisation du minist\u00e8re de l&rsquo;\u00c9ducation, du Loisir et du Sport du Qu\u00e9bec.<\/p>\n\n\n\n<h6 class=\"wp-block-heading\" style=\"text-align:center\"><strong><u>Types de relation entre \u00e9tablissements<\/u><\/strong><\/h6>\n\n\n\n<p><strong>Constituante<\/strong><br>\u00c9tablissement qui conserve son autonomie administrative mais dont le pouvoir de conf\u00e9rer des grades peut \u00eatre confi\u00e9, int\u00e9gralement ou partiellement, \u00e0 l&rsquo;institution m\u00e8re.&nbsp; Cette derni\u00e8re supervise l&rsquo;enseignement donn\u00e9 dans le cadre des&nbsp;programmes&nbsp;et conf\u00e8re les grades aux personnes qui terminent leurs \u00e9tudes. D\u00e9livre habituellement ses propres grades et dipl\u00f4mes.&nbsp; En Colombie-Britannique, cette d\u00e9finition ne s&rsquo;applique pas aux coll\u00e8ges de th\u00e9ologie affili\u00e9s \u00e0 l&rsquo;Universit\u00e9 de la Colombie-Britannique.&nbsp; Bien que les coll\u00e8ges priv\u00e9s de th\u00e9ologies r\u00e9pondent aux crit\u00e8res d&rsquo;affiliation \u00e9tablis par le s\u00e9nat de l&rsquo;universit\u00e9, cela ne signifie pas pour autant que le s\u00e9nat scrute ou approuve les cours offerts par ces \u00e9tablissements.<\/p>\n\n\n\n<p><strong>\u00c9tablissement affili\u00e9<\/strong><br>\u00c9tablissement ayant conserv\u00e9 son autonomie administrative, o\u00f9 les grades et dipl\u00f4mes peuvent \u00eatre d\u00e9livr\u00e9s par l&rsquo;\u00e9tablissement lui-m\u00eame ou par l&rsquo;institution m\u00e8re, qui supervise les programmes.<\/p>\n\n\n\n<p><strong>\u00c9tablissement f\u00e9d\u00e9r\u00e9<\/strong><br>Entit\u00e9 juridiquement ind\u00e9pendante de l&rsquo;institution m\u00e8re, avec laquelle elle maintient des liens en mati\u00e8re de programmes, de recherche et d&rsquo;administration. D\u00e9livre habituellement ses propres grades et dipl\u00f4mes en son propre nom, mais peut avoir c\u00e9d\u00e9 ce pouvoir \u00e0 l&rsquo;institution m\u00e8re.<\/p>\n\n\n\n<p>Cliquez&nbsp;<a href=\"https:\/\/www.compassexams.ca\/fr\/continuing-education\/associations\/\">ici<\/a>&nbsp;pour une liste des associations offrant des opportunit\u00e9s d&rsquo;\u00e9ducation permanentes.<\/p>\n\n\n\n<p>Cliquez&nbsp;<a href=\"https:\/\/www.compassexams.ca\/fr\/continuing-education\/canadian-institutions\/\">ici<\/a>&nbsp;pour une liste des institutions canadiennes offrants des programmes en counseling\/psychoth\u00e9rapie.<\/p>\n","protected":false},"excerpt":{"rendered":"<p>Tir\u00e9 de&nbsp;http:\/\/cicic.ca\/506\/definitions-de-base.canada. Centre d&rsquo;information canadien sur les dipl\u00f4mes internationaux&nbsp;(CICDI) D\u00e9finitions utilis\u00e9es dans le R\u00e9pertoire des universit\u00e9s, coll\u00e8ges et \u00e9coles des provinces et territoires du Canada Statut l\u00e9gal \u00c9tablissement postsecondaire reconnu\u00c9tablissement public ou priv\u00e9 auquel a \u00e9t\u00e9 accord\u00e9, en vertu d&rsquo;une loi&nbsp;publique ou priv\u00e9e&nbsp;du parlement de la province ou du territoire ou d&rsquo;un m\u00e9canisme gouvernemental d&rsquo;assurance [&hellip;]<\/p>\n","protected":false},"author":1,"featured_media":0,"parent":0,"menu_order":0,"comment_status":"closed","ping_status":"closed","template":"","meta":{"_acf_changed":false,"footnotes":""},"class_list":["post-421","page","type-page","status-publish","hentry"],"acf":[],"yoast_head":"<!-- This site is optimized with the Yoast SEO plugin v27.4 - https:\/\/yoast.com\/product\/yoast-seo-wordpress\/ -->\n<title>Formation continue - COMPASS Centre for Examination Development<\/title>\n<meta name=\"robots\" content=\"index, follow, max-snippet:-1, max-image-preview:large, max-video-preview:-1\" \/>\n<link rel=\"canonical\" href=\"https:\/\/www.compassexams.ca\/fr\/continuing-education\/\" \/>\n<meta property=\"og:locale\" content=\"fr_FR\" \/>\n<meta property=\"og:type\" content=\"article\" \/>\n<meta property=\"og:title\" content=\"Formation continue - COMPASS Centre for Examination Development\" \/>\n<meta property=\"og:description\" content=\"Tir\u00e9 de&nbsp;http:\/\/cicic.ca\/506\/definitions-de-base.canada. Centre d&rsquo;information canadien sur les dipl\u00f4mes internationaux&nbsp;(CICDI) D\u00e9finitions utilis\u00e9es dans le R\u00e9pertoire des universit\u00e9s, coll\u00e8ges et \u00e9coles des provinces et territoires du Canada Statut l\u00e9gal \u00c9tablissement postsecondaire reconnu\u00c9tablissement public ou priv\u00e9 auquel a \u00e9t\u00e9 accord\u00e9, en vertu d&rsquo;une loi&nbsp;publique ou priv\u00e9e&nbsp;du parlement de la province ou du territoire ou d&rsquo;un m\u00e9canisme gouvernemental d&rsquo;assurance [&hellip;]\" \/>\n<meta property=\"og:url\" content=\"https:\/\/www.compassexams.ca\/fr\/continuing-education\/\" \/>\n<meta property=\"og:site_name\" content=\"COMPASS Centre for Examination Development\" \/>\n<meta property=\"article:modified_time\" content=\"2019-04-15T20:35:19+00:00\" \/>\n<meta name=\"twitter:card\" content=\"summary_large_image\" \/>\n<meta name=\"twitter:label1\" content=\"Dur\u00e9e de lecture estim\u00e9e\" \/>\n\t<meta name=\"twitter:data1\" content=\"6 minutes\" \/>\n<script type=\"application\/ld+json\" class=\"yoast-schema-graph\">{\"@context\":\"https:\\\/\\\/schema.org\",\"@graph\":[{\"@type\":\"WebPage\",\"@id\":\"https:\\\/\\\/www.compassexams.ca\\\/fr\\\/continuing-education\\\/\",\"url\":\"https:\\\/\\\/www.compassexams.ca\\\/fr\\\/continuing-education\\\/\",\"name\":\"Formation continue - COMPASS Centre for Examination Development\",\"isPartOf\":{\"@id\":\"https:\\\/\\\/www.compassexams.ca\\\/#website\"},\"datePublished\":\"2019-04-08T15:06:41+00:00\",\"dateModified\":\"2019-04-15T20:35:19+00:00\",\"breadcrumb\":{\"@id\":\"https:\\\/\\\/www.compassexams.ca\\\/fr\\\/continuing-education\\\/#breadcrumb\"},\"inLanguage\":\"fr-FR\",\"potentialAction\":[{\"@type\":\"ReadAction\",\"target\":[\"https:\\\/\\\/www.compassexams.ca\\\/fr\\\/continuing-education\\\/\"]}]},{\"@type\":\"BreadcrumbList\",\"@id\":\"https:\\\/\\\/www.compassexams.ca\\\/fr\\\/continuing-education\\\/#breadcrumb\",\"itemListElement\":[{\"@type\":\"ListItem\",\"position\":1,\"name\":\"Home\",\"item\":\"https:\\\/\\\/www.compassexams.ca\\\/fr\\\/\"},{\"@type\":\"ListItem\",\"position\":2,\"name\":\"Formation continue\"}]},{\"@type\":\"WebSite\",\"@id\":\"https:\\\/\\\/www.compassexams.ca\\\/#website\",\"url\":\"https:\\\/\\\/www.compassexams.ca\\\/\",\"name\":\"COMPASS Centre for Examination Development\",\"description\":\"\",\"potentialAction\":[{\"@type\":\"SearchAction\",\"target\":{\"@type\":\"EntryPoint\",\"urlTemplate\":\"https:\\\/\\\/www.compassexams.ca\\\/?s={search_term_string}\"},\"query-input\":{\"@type\":\"PropertyValueSpecification\",\"valueRequired\":true,\"valueName\":\"search_term_string\"}}],\"inLanguage\":\"fr-FR\"}]}<\/script>\n<!-- \/ Yoast SEO plugin. -->","yoast_head_json":{"title":"Formation continue - COMPASS Centre for Examination Development","robots":{"index":"index","follow":"follow","max-snippet":"max-snippet:-1","max-image-preview":"max-image-preview:large","max-video-preview":"max-video-preview:-1"},"canonical":"https:\/\/www.compassexams.ca\/fr\/continuing-education\/","og_locale":"fr_FR","og_type":"article","og_title":"Formation continue - COMPASS Centre for Examination Development","og_description":"Tir\u00e9 de&nbsp;http:\/\/cicic.ca\/506\/definitions-de-base.canada. Centre d&rsquo;information canadien sur les dipl\u00f4mes internationaux&nbsp;(CICDI) D\u00e9finitions utilis\u00e9es dans le R\u00e9pertoire des universit\u00e9s, coll\u00e8ges et \u00e9coles des provinces et territoires du Canada Statut l\u00e9gal \u00c9tablissement postsecondaire reconnu\u00c9tablissement public ou priv\u00e9 auquel a \u00e9t\u00e9 accord\u00e9, en vertu d&rsquo;une loi&nbsp;publique ou priv\u00e9e&nbsp;du parlement de la province ou du territoire ou d&rsquo;un m\u00e9canisme gouvernemental d&rsquo;assurance [&hellip;]","og_url":"https:\/\/www.compassexams.ca\/fr\/continuing-education\/","og_site_name":"COMPASS Centre for Examination Development","article_modified_time":"2019-04-15T20:35:19+00:00","twitter_card":"summary_large_image","twitter_misc":{"Dur\u00e9e de lecture estim\u00e9e":"6 minutes"},"schema":{"@context":"https:\/\/schema.org","@graph":[{"@type":"WebPage","@id":"https:\/\/www.compassexams.ca\/fr\/continuing-education\/","url":"https:\/\/www.compassexams.ca\/fr\/continuing-education\/","name":"Formation continue - COMPASS Centre for Examination Development","isPartOf":{"@id":"https:\/\/www.compassexams.ca\/#website"},"datePublished":"2019-04-08T15:06:41+00:00","dateModified":"2019-04-15T20:35:19+00:00","breadcrumb":{"@id":"https:\/\/www.compassexams.ca\/fr\/continuing-education\/#breadcrumb"},"inLanguage":"fr-FR","potentialAction":[{"@type":"ReadAction","target":["https:\/\/www.compassexams.ca\/fr\/continuing-education\/"]}]},{"@type":"BreadcrumbList","@id":"https:\/\/www.compassexams.ca\/fr\/continuing-education\/#breadcrumb","itemListElement":[{"@type":"ListItem","position":1,"name":"Home","item":"https:\/\/www.compassexams.ca\/fr\/"},{"@type":"ListItem","position":2,"name":"Formation continue"}]},{"@type":"WebSite","@id":"https:\/\/www.compassexams.ca\/#website","url":"https:\/\/www.compassexams.ca\/","name":"COMPASS Centre for Examination Development","description":"","potentialAction":[{"@type":"SearchAction","target":{"@type":"EntryPoint","urlTemplate":"https:\/\/www.compassexams.ca\/?s={search_term_string}"},"query-input":{"@type":"PropertyValueSpecification","valueRequired":true,"valueName":"search_term_string"}}],"inLanguage":"fr-FR"}]}},"_links":{"self":[{"href":"https:\/\/www.compassexams.ca\/fr\/wp-json\/wp\/v2\/pages\/421","targetHints":{"allow":["GET"]}}],"collection":[{"href":"https:\/\/www.compassexams.ca\/fr\/wp-json\/wp\/v2\/pages"}],"about":[{"href":"https:\/\/www.compassexams.ca\/fr\/wp-json\/wp\/v2\/types\/page"}],"author":[{"embeddable":true,"href":"https:\/\/www.compassexams.ca\/fr\/wp-json\/wp\/v2\/users\/1"}],"replies":[{"embeddable":true,"href":"https:\/\/www.compassexams.ca\/fr\/wp-json\/wp\/v2\/comments?post=421"}],"version-history":[{"count":2,"href":"https:\/\/www.compassexams.ca\/fr\/wp-json\/wp\/v2\/pages\/421\/revisions"}],"predecessor-version":[{"id":456,"href":"https:\/\/www.compassexams.ca\/fr\/wp-json\/wp\/v2\/pages\/421\/revisions\/456"}],"wp:attachment":[{"href":"https:\/\/www.compassexams.ca\/fr\/wp-json\/wp\/v2\/media?parent=421"}],"curies":[{"name":"wp","href":"https:\/\/api.w.org\/{rel}","templated":true}]}}