{"id":416,"date":"2019-04-08T11:20:32","date_gmt":"2019-04-08T15:20:32","guid":{"rendered":"https:\/\/compass.machinedev.ca\/self-assessment\/competency-based-case-study-workbook\/"},"modified":"2025-03-10T11:29:01","modified_gmt":"2025-03-10T15:29:01","slug":"manuel-detudes-de-cas-fonde-sur-les-competences","status":"publish","type":"page","link":"https:\/\/www.compassexams.ca\/fr\/ressources\/manuel-detudes-de-cas-fonde-sur-les-competences\/","title":{"rendered":"Manuel d\u2019\u00e9tudes de cas fond\u00e9 sur les comp\u00e9tences"},"content":{"rendered":"\n<p><a href=\"https:\/\/www.compassexams.ca\/wp-content\/uploads\/2019\/04\/Casebook_FR.pdf\">Manuel d\u2019\u00e9tudes de cas Fond\u00e9 sur les comp\u00e9tences \u00e0 l\u2019intention des psychoth\u00e9rapeutes d\u00e9butants<\/a><\/p>\n\n\n\n<p>Ce manuel contient une s\u00e9rie d\u2019\u00e9tudes de cas, dont chacune illustre une client\u00e8le et un contexte particulier que doit prendre en consid\u00e9ration le ou la psychoth\u00e9rapeute d\u00e9butant. On invite le lecteur \u00e0 examiner les grandes questions inscrites \u00e0 la suite de chacune des \u00e9tudes de cas \u00e0 la lumi\u00e8re du&nbsp;<em>Profil des comp\u00e9tences d\u2019admission \u00e0 la profession \u00e0 l\u2019intention des Psychoth\u00e9rapeutes autoris\u00e9s<\/em>&nbsp;de l\u2019Ordre des psychoth\u00e9rapeutes autoris\u00e9s de l\u2019Ontario, des&nbsp;<em>Normes d\u2019exercice<\/em>&nbsp;de l\u2019OPAO et de son&nbsp;<em>Code de d\u00e9ontologie<\/em>. On estime qu\u2019il faut environ 60 minutes pour remplir chaque \u00e9tude de cas. \u00c0 la fin du manuel se trouve un corrig\u00e9 qui pr\u00e9sente les principaux domaines de comp\u00e9tence auxquels les praticiens et praticiennes ont g\u00e9n\u00e9ralement recours pour aborder les circonstances d\u00e9crites dans chacune des \u00e9tudes de cas. Dans le corrig\u00e9, on met l\u2019accent sur les contextes de chaque \u00e9tude de cas, sans pour autant pr\u00e9tendre \u00e0 l\u2019exhaustivit\u00e9.<\/p>\n\n\n\n<p><strong>Remarque importante&nbsp;: Les \u00e9tudes de cas d\u00e9crites dans ce manuel visent \u00e0 faire le lien entre les d\u00e9marches th\u00e9rapeutiques et les comp\u00e9tences de base \u00e0 l\u2019intention des psychoth\u00e9rapeutes d\u00e9butants.&nbsp; Il importe de signaler aux lecteurs et lectrices qui se pr\u00e9parent en vue de l\u2019examen d\u2019admission \u00e0 l\u2019OPAO que ce dernier se pr\u00e9sente sous la forme d\u2019une simulation (pour en savoir plus, veuillez vous reporter au&nbsp;<\/strong><em>Manuel des ressources pour l\u2019examen d\u2019admissibilit\u00e9 \u00e0 l\u2019inscription<\/em><strong>). Le pr\u00e9sent manuel NE fait PAS usage de simulations et NE vise PAS \u00e0 servir de guide pour l&rsquo;examen.<\/strong><\/p>\n","protected":false},"excerpt":{"rendered":"<p>Manuel d\u2019\u00e9tudes de cas Fond\u00e9 sur les comp\u00e9tences \u00e0 l\u2019intention des psychoth\u00e9rapeutes d\u00e9butants Ce manuel contient une s\u00e9rie d\u2019\u00e9tudes de cas, dont chacune illustre une client\u00e8le et un contexte particulier que doit prendre en consid\u00e9ration le ou la psychoth\u00e9rapeute d\u00e9butant. On invite le lecteur \u00e0 examiner les grandes questions inscrites \u00e0 la suite de chacune [&hellip;]<\/p>\n","protected":false},"author":1,"featured_media":0,"parent":1025,"menu_order":2,"comment_status":"closed","ping_status":"closed","template":"","meta":{"_acf_changed":false,"footnotes":""},"class_list":["post-416","page","type-page","status-publish","hentry"],"acf":[],"yoast_head":"<!-- This site is optimized with the Yoast SEO plugin v27.4 - https:\/\/yoast.com\/product\/yoast-seo-wordpress\/ -->\n<title>Manuel d\u2019\u00e9tudes de cas fond\u00e9 sur les comp\u00e9tences - COMPASS Centre for Examination Development<\/title>\n<meta name=\"robots\" content=\"index, follow, max-snippet:-1, max-image-preview:large, max-video-preview:-1\" \/>\n<link rel=\"canonical\" href=\"https:\/\/www.compassexams.ca\/fr\/ressources\/manuel-detudes-de-cas-fonde-sur-les-competences\/\" \/>\n<meta property=\"og:locale\" content=\"fr_FR\" \/>\n<meta property=\"og:type\" content=\"article\" \/>\n<meta property=\"og:title\" content=\"Manuel d\u2019\u00e9tudes de cas fond\u00e9 sur les comp\u00e9tences - COMPASS Centre for Examination Development\" \/>\n<meta property=\"og:description\" content=\"Manuel d\u2019\u00e9tudes de cas Fond\u00e9 sur les comp\u00e9tences \u00e0 l\u2019intention des psychoth\u00e9rapeutes d\u00e9butants Ce manuel contient une s\u00e9rie d\u2019\u00e9tudes de cas, dont chacune illustre une client\u00e8le et un contexte particulier que doit prendre en consid\u00e9ration le ou la psychoth\u00e9rapeute d\u00e9butant. On invite le lecteur \u00e0 examiner les grandes questions inscrites \u00e0 la suite de chacune [&hellip;]\" \/>\n<meta property=\"og:url\" content=\"https:\/\/www.compassexams.ca\/fr\/ressources\/manuel-detudes-de-cas-fonde-sur-les-competences\/\" \/>\n<meta property=\"og:site_name\" content=\"COMPASS Centre for Examination Development\" \/>\n<meta property=\"article:modified_time\" content=\"2025-03-10T15:29:01+00:00\" \/>\n<meta name=\"twitter:card\" content=\"summary_large_image\" \/>\n<meta name=\"twitter:label1\" content=\"Dur\u00e9e de lecture estim\u00e9e\" \/>\n\t<meta name=\"twitter:data1\" content=\"2 minutes\" \/>\n<script type=\"application\/ld+json\" class=\"yoast-schema-graph\">{\"@context\":\"https:\\\/\\\/schema.org\",\"@graph\":[{\"@type\":\"WebPage\",\"@id\":\"https:\\\/\\\/www.compassexams.ca\\\/fr\\\/ressources\\\/manuel-detudes-de-cas-fonde-sur-les-competences\\\/\",\"url\":\"https:\\\/\\\/www.compassexams.ca\\\/fr\\\/ressources\\\/manuel-detudes-de-cas-fonde-sur-les-competences\\\/\",\"name\":\"Manuel d\u2019\u00e9tudes de cas fond\u00e9 sur les comp\u00e9tences - COMPASS Centre for Examination Development\",\"isPartOf\":{\"@id\":\"https:\\\/\\\/www.compassexams.ca\\\/#website\"},\"datePublished\":\"2019-04-08T15:20:32+00:00\",\"dateModified\":\"2025-03-10T15:29:01+00:00\",\"breadcrumb\":{\"@id\":\"https:\\\/\\\/www.compassexams.ca\\\/fr\\\/ressources\\\/manuel-detudes-de-cas-fonde-sur-les-competences\\\/#breadcrumb\"},\"inLanguage\":\"fr-FR\",\"potentialAction\":[{\"@type\":\"ReadAction\",\"target\":[\"https:\\\/\\\/www.compassexams.ca\\\/fr\\\/ressources\\\/manuel-detudes-de-cas-fonde-sur-les-competences\\\/\"]}]},{\"@type\":\"BreadcrumbList\",\"@id\":\"https:\\\/\\\/www.compassexams.ca\\\/fr\\\/ressources\\\/manuel-detudes-de-cas-fonde-sur-les-competences\\\/#breadcrumb\",\"itemListElement\":[{\"@type\":\"ListItem\",\"position\":1,\"name\":\"Home\",\"item\":\"https:\\\/\\\/www.compassexams.ca\\\/fr\\\/\"},{\"@type\":\"ListItem\",\"position\":2,\"name\":\"Ressources\",\"item\":\"https:\\\/\\\/www.compassexams.ca\\\/fr\\\/ressources\\\/\"},{\"@type\":\"ListItem\",\"position\":3,\"name\":\"Manuel d\u2019\u00e9tudes de cas fond\u00e9 sur les comp\u00e9tences\"}]},{\"@type\":\"WebSite\",\"@id\":\"https:\\\/\\\/www.compassexams.ca\\\/#website\",\"url\":\"https:\\\/\\\/www.compassexams.ca\\\/\",\"name\":\"COMPASS Centre for Examination Development\",\"description\":\"\",\"potentialAction\":[{\"@type\":\"SearchAction\",\"target\":{\"@type\":\"EntryPoint\",\"urlTemplate\":\"https:\\\/\\\/www.compassexams.ca\\\/?s={search_term_string}\"},\"query-input\":{\"@type\":\"PropertyValueSpecification\",\"valueRequired\":true,\"valueName\":\"search_term_string\"}}],\"inLanguage\":\"fr-FR\"}]}<\/script>\n<!-- \/ Yoast SEO plugin. -->","yoast_head_json":{"title":"Manuel d\u2019\u00e9tudes de cas fond\u00e9 sur les comp\u00e9tences - COMPASS Centre for Examination Development","robots":{"index":"index","follow":"follow","max-snippet":"max-snippet:-1","max-image-preview":"max-image-preview:large","max-video-preview":"max-video-preview:-1"},"canonical":"https:\/\/www.compassexams.ca\/fr\/ressources\/manuel-detudes-de-cas-fonde-sur-les-competences\/","og_locale":"fr_FR","og_type":"article","og_title":"Manuel d\u2019\u00e9tudes de cas fond\u00e9 sur les comp\u00e9tences - COMPASS Centre for Examination Development","og_description":"Manuel d\u2019\u00e9tudes de cas Fond\u00e9 sur les comp\u00e9tences \u00e0 l\u2019intention des psychoth\u00e9rapeutes d\u00e9butants Ce manuel contient une s\u00e9rie d\u2019\u00e9tudes de cas, dont chacune illustre une client\u00e8le et un contexte particulier que doit prendre en consid\u00e9ration le ou la psychoth\u00e9rapeute d\u00e9butant. On invite le lecteur \u00e0 examiner les grandes questions inscrites \u00e0 la suite de chacune [&hellip;]","og_url":"https:\/\/www.compassexams.ca\/fr\/ressources\/manuel-detudes-de-cas-fonde-sur-les-competences\/","og_site_name":"COMPASS Centre for Examination Development","article_modified_time":"2025-03-10T15:29:01+00:00","twitter_card":"summary_large_image","twitter_misc":{"Dur\u00e9e de lecture estim\u00e9e":"2 minutes"},"schema":{"@context":"https:\/\/schema.org","@graph":[{"@type":"WebPage","@id":"https:\/\/www.compassexams.ca\/fr\/ressources\/manuel-detudes-de-cas-fonde-sur-les-competences\/","url":"https:\/\/www.compassexams.ca\/fr\/ressources\/manuel-detudes-de-cas-fonde-sur-les-competences\/","name":"Manuel d\u2019\u00e9tudes de cas fond\u00e9 sur les comp\u00e9tences - COMPASS Centre for Examination Development","isPartOf":{"@id":"https:\/\/www.compassexams.ca\/#website"},"datePublished":"2019-04-08T15:20:32+00:00","dateModified":"2025-03-10T15:29:01+00:00","breadcrumb":{"@id":"https:\/\/www.compassexams.ca\/fr\/ressources\/manuel-detudes-de-cas-fonde-sur-les-competences\/#breadcrumb"},"inLanguage":"fr-FR","potentialAction":[{"@type":"ReadAction","target":["https:\/\/www.compassexams.ca\/fr\/ressources\/manuel-detudes-de-cas-fonde-sur-les-competences\/"]}]},{"@type":"BreadcrumbList","@id":"https:\/\/www.compassexams.ca\/fr\/ressources\/manuel-detudes-de-cas-fonde-sur-les-competences\/#breadcrumb","itemListElement":[{"@type":"ListItem","position":1,"name":"Home","item":"https:\/\/www.compassexams.ca\/fr\/"},{"@type":"ListItem","position":2,"name":"Ressources","item":"https:\/\/www.compassexams.ca\/fr\/ressources\/"},{"@type":"ListItem","position":3,"name":"Manuel d\u2019\u00e9tudes de cas fond\u00e9 sur les comp\u00e9tences"}]},{"@type":"WebSite","@id":"https:\/\/www.compassexams.ca\/#website","url":"https:\/\/www.compassexams.ca\/","name":"COMPASS Centre for Examination Development","description":"","potentialAction":[{"@type":"SearchAction","target":{"@type":"EntryPoint","urlTemplate":"https:\/\/www.compassexams.ca\/?s={search_term_string}"},"query-input":{"@type":"PropertyValueSpecification","valueRequired":true,"valueName":"search_term_string"}}],"inLanguage":"fr-FR"}]}},"_links":{"self":[{"href":"https:\/\/www.compassexams.ca\/fr\/wp-json\/wp\/v2\/pages\/416","targetHints":{"allow":["GET"]}}],"collection":[{"href":"https:\/\/www.compassexams.ca\/fr\/wp-json\/wp\/v2\/pages"}],"about":[{"href":"https:\/\/www.compassexams.ca\/fr\/wp-json\/wp\/v2\/types\/page"}],"author":[{"embeddable":true,"href":"https:\/\/www.compassexams.ca\/fr\/wp-json\/wp\/v2\/users\/1"}],"replies":[{"embeddable":true,"href":"https:\/\/www.compassexams.ca\/fr\/wp-json\/wp\/v2\/comments?post=416"}],"version-history":[{"count":4,"href":"https:\/\/www.compassexams.ca\/fr\/wp-json\/wp\/v2\/pages\/416\/revisions"}],"predecessor-version":[{"id":1047,"href":"https:\/\/www.compassexams.ca\/fr\/wp-json\/wp\/v2\/pages\/416\/revisions\/1047"}],"up":[{"embeddable":true,"href":"https:\/\/www.compassexams.ca\/fr\/wp-json\/wp\/v2\/pages\/1025"}],"wp:attachment":[{"href":"https:\/\/www.compassexams.ca\/fr\/wp-json\/wp\/v2\/media?parent=416"}],"curies":[{"name":"wp","href":"https:\/\/api.w.org\/{rel}","templated":true}]}}