{"id":414,"date":"2019-04-08T11:06:10","date_gmt":"2019-04-08T15:06:10","guid":{"rendered":"https:\/\/compass.machinedev.ca\/self-assessment\/"},"modified":"2025-09-29T09:38:28","modified_gmt":"2025-09-29T13:38:28","slug":"lexamen-de-pratique","status":"publish","type":"page","link":"https:\/\/www.compassexams.ca\/fr\/ressources\/lexamen-de-pratique\/","title":{"rendered":"L\u2019examen de pratique"},"content":{"rendered":"\n<p>Un examen de pratique est offert afin d\u2019aider les candidats \u00e0 se familiariser avec le style et le format de l\u2019Examen d\u2019inscription. Utilisant la m\u00eame plateforme que l\u2019Examen d\u2019inscription, l\u2019examen de pratique reproduit son aspect et sa convivialit\u00e9. Il se d\u00e9roule avec surveillance \u00e0 distance<\/p>\n\n\n\n<p>L\u2019examen de pratique s\u2019effectue dans l\u2019intimit\u00e9 de votre domicile, n\u2019importe o\u00f9 dans le monde, au moyen d\u2019une connexion Internet s\u00e9curis\u00e9e. Il pr\u00e9sente les caract\u00e9ristiques suivantes&nbsp;:<\/p>\n\n\n\n<ul class=\"wp-block-list\">\n<li>Seuls les candidats inscrits qui passeront le prochain Examen d\u2019inscription ont acc\u00e8s \u00e0 l\u2019examen de pratique.&nbsp;<\/li>\n\n\n\n<li>L\u2019achat de l\u2019examen de pratique ne permet qu\u2019une seule utilisation.<\/li>\n\n\n\n<li>Pour r\u00e9server l\u2019examen de pratique, il suffit de suivre la m\u00eame proc\u00e9dure de r\u00e9servation que pour l\u2019Examen d\u2019inscription.<\/li>\n\n\n\n<li>Il s\u2019agit d\u2019une version tr\u00e8s abr\u00e9g\u00e9e de l\u2019Examen d\u2019inscription.<\/li>\n\n\n\n<li>Il utilise le m\u00eame style de plateforme que l\u2019Examen d\u2019inscription.<\/li>\n\n\n\n<li>Il faut se conformer aux m\u00eames exigences minimales techniques et de connectivit\u00e9 \u00e0 Internet que pour l\u2019Examen d\u2019inscription.<\/li>\n\n\n\n<li>L\u2019acc\u00e8s se fait au moyen du m\u00eame portail que pour l\u2019Examen d\u2019inscription (https:monitoredusched1.com\/schedule-an-exam).<\/li>\n\n\n\n<li>La mise en marche de l\u2019examen et le soutien aux candidats sont assur\u00e9s par le service de surveillance \u00e0 distance.&nbsp;&nbsp;<\/li>\n<\/ul>\n\n\n\n<p>L\u2019examen de pratique consiste en quatre br\u00e8ves simulations et devrait prendre environ 90&nbsp;minutes.&nbsp;<\/p>\n\n\n\n<p>Un rapport automatique appara\u00eet \u00e0 l\u2019\u00e9cran une fois l\u2019examen de pratique termin\u00e9. Il indique la note globale obtenue par le candidat pour la collecte d\u2019information et pour la prise de d\u00e9cision. Il ne fournit pas de r\u00e9sultats d\u00e9taill\u00e9s, et ne contient pas non plus de grille de correction.<\/p>\n\n\n\n<p>L\u2019examen de pratique est not\u00e9 en fonction des r\u00e9ponses fournies par le candidat dans chaque section de l\u2019\u00e9valuation. Une \u00ab note de passage \u00bb a \u00e9t\u00e9 attribu\u00e9e \u00e0 chaque section de chaque simulation en fonction de bonnes pratiques de soins aux clients dans le contexte de la section.<\/p>\n\n\n\n<p>COMPASS ne conserve aucune trace de vos r\u00e9ponses \u00e0 l\u2019examen de pratique ni de vos r\u00e9sultats.<\/p>\n\n\n\n<p><\/p>\n\n\n\n<p><\/p>\n","protected":false},"excerpt":{"rendered":"<p>Un examen de pratique est offert afin d\u2019aider les candidats \u00e0 se familiariser avec le style et le format de l\u2019Examen d\u2019inscription. Utilisant la m\u00eame plateforme que l\u2019Examen d\u2019inscription, l\u2019examen de pratique reproduit son aspect et sa convivialit\u00e9. Il se d\u00e9roule avec surveillance \u00e0 distance L\u2019examen de pratique s\u2019effectue dans l\u2019intimit\u00e9 de votre domicile, n\u2019importe [&hellip;]<\/p>\n","protected":false},"author":1,"featured_media":0,"parent":1025,"menu_order":3,"comment_status":"closed","ping_status":"closed","template":"","meta":{"_acf_changed":false,"footnotes":""},"class_list":["post-414","page","type-page","status-publish","hentry"],"acf":[],"yoast_head":"<!-- This site is optimized with the Yoast SEO plugin v27.4 - https:\/\/yoast.com\/product\/yoast-seo-wordpress\/ -->\n<title>L\u2019examen de pratique - COMPASS Centre for Examination Development<\/title>\n<meta name=\"robots\" content=\"index, follow, max-snippet:-1, max-image-preview:large, max-video-preview:-1\" \/>\n<link rel=\"canonical\" href=\"https:\/\/www.compassexams.ca\/fr\/ressources\/lexamen-de-pratique\/\" \/>\n<meta property=\"og:locale\" content=\"fr_FR\" \/>\n<meta property=\"og:type\" content=\"article\" \/>\n<meta property=\"og:title\" content=\"L\u2019examen de pratique - COMPASS Centre for Examination Development\" \/>\n<meta property=\"og:description\" content=\"Un examen de pratique est offert afin d\u2019aider les candidats \u00e0 se familiariser avec le style et le format de l\u2019Examen d\u2019inscription. Utilisant la m\u00eame plateforme que l\u2019Examen d\u2019inscription, l\u2019examen de pratique reproduit son aspect et sa convivialit\u00e9. Il se d\u00e9roule avec surveillance \u00e0 distance L\u2019examen de pratique s\u2019effectue dans l\u2019intimit\u00e9 de votre domicile, n\u2019importe [&hellip;]\" \/>\n<meta property=\"og:url\" content=\"https:\/\/www.compassexams.ca\/fr\/ressources\/lexamen-de-pratique\/\" \/>\n<meta property=\"og:site_name\" content=\"COMPASS Centre for Examination Development\" \/>\n<meta property=\"article:modified_time\" content=\"2025-09-29T13:38:28+00:00\" \/>\n<meta name=\"twitter:card\" content=\"summary_large_image\" \/>\n<meta name=\"twitter:label1\" content=\"Dur\u00e9e de lecture estim\u00e9e\" \/>\n\t<meta name=\"twitter:data1\" content=\"2 minutes\" \/>\n<script type=\"application\/ld+json\" class=\"yoast-schema-graph\">{\"@context\":\"https:\\\/\\\/schema.org\",\"@graph\":[{\"@type\":\"WebPage\",\"@id\":\"https:\\\/\\\/www.compassexams.ca\\\/fr\\\/ressources\\\/lexamen-de-pratique\\\/\",\"url\":\"https:\\\/\\\/www.compassexams.ca\\\/fr\\\/ressources\\\/lexamen-de-pratique\\\/\",\"name\":\"L\u2019examen de pratique - COMPASS Centre for Examination Development\",\"isPartOf\":{\"@id\":\"https:\\\/\\\/www.compassexams.ca\\\/#website\"},\"datePublished\":\"2019-04-08T15:06:10+00:00\",\"dateModified\":\"2025-09-29T13:38:28+00:00\",\"breadcrumb\":{\"@id\":\"https:\\\/\\\/www.compassexams.ca\\\/fr\\\/ressources\\\/lexamen-de-pratique\\\/#breadcrumb\"},\"inLanguage\":\"fr-FR\",\"potentialAction\":[{\"@type\":\"ReadAction\",\"target\":[\"https:\\\/\\\/www.compassexams.ca\\\/fr\\\/ressources\\\/lexamen-de-pratique\\\/\"]}]},{\"@type\":\"BreadcrumbList\",\"@id\":\"https:\\\/\\\/www.compassexams.ca\\\/fr\\\/ressources\\\/lexamen-de-pratique\\\/#breadcrumb\",\"itemListElement\":[{\"@type\":\"ListItem\",\"position\":1,\"name\":\"Home\",\"item\":\"https:\\\/\\\/www.compassexams.ca\\\/fr\\\/\"},{\"@type\":\"ListItem\",\"position\":2,\"name\":\"Ressources\",\"item\":\"https:\\\/\\\/www.compassexams.ca\\\/fr\\\/ressources\\\/\"},{\"@type\":\"ListItem\",\"position\":3,\"name\":\"L\u2019examen de pratique\"}]},{\"@type\":\"WebSite\",\"@id\":\"https:\\\/\\\/www.compassexams.ca\\\/#website\",\"url\":\"https:\\\/\\\/www.compassexams.ca\\\/\",\"name\":\"COMPASS Centre for Examination Development\",\"description\":\"\",\"potentialAction\":[{\"@type\":\"SearchAction\",\"target\":{\"@type\":\"EntryPoint\",\"urlTemplate\":\"https:\\\/\\\/www.compassexams.ca\\\/?s={search_term_string}\"},\"query-input\":{\"@type\":\"PropertyValueSpecification\",\"valueRequired\":true,\"valueName\":\"search_term_string\"}}],\"inLanguage\":\"fr-FR\"}]}<\/script>\n<!-- \/ Yoast SEO plugin. -->","yoast_head_json":{"title":"L\u2019examen de pratique - COMPASS Centre for Examination Development","robots":{"index":"index","follow":"follow","max-snippet":"max-snippet:-1","max-image-preview":"max-image-preview:large","max-video-preview":"max-video-preview:-1"},"canonical":"https:\/\/www.compassexams.ca\/fr\/ressources\/lexamen-de-pratique\/","og_locale":"fr_FR","og_type":"article","og_title":"L\u2019examen de pratique - COMPASS Centre for Examination Development","og_description":"Un examen de pratique est offert afin d\u2019aider les candidats \u00e0 se familiariser avec le style et le format de l\u2019Examen d\u2019inscription. Utilisant la m\u00eame plateforme que l\u2019Examen d\u2019inscription, l\u2019examen de pratique reproduit son aspect et sa convivialit\u00e9. Il se d\u00e9roule avec surveillance \u00e0 distance L\u2019examen de pratique s\u2019effectue dans l\u2019intimit\u00e9 de votre domicile, n\u2019importe [&hellip;]","og_url":"https:\/\/www.compassexams.ca\/fr\/ressources\/lexamen-de-pratique\/","og_site_name":"COMPASS Centre for Examination Development","article_modified_time":"2025-09-29T13:38:28+00:00","twitter_card":"summary_large_image","twitter_misc":{"Dur\u00e9e de lecture estim\u00e9e":"2 minutes"},"schema":{"@context":"https:\/\/schema.org","@graph":[{"@type":"WebPage","@id":"https:\/\/www.compassexams.ca\/fr\/ressources\/lexamen-de-pratique\/","url":"https:\/\/www.compassexams.ca\/fr\/ressources\/lexamen-de-pratique\/","name":"L\u2019examen de pratique - COMPASS Centre for Examination Development","isPartOf":{"@id":"https:\/\/www.compassexams.ca\/#website"},"datePublished":"2019-04-08T15:06:10+00:00","dateModified":"2025-09-29T13:38:28+00:00","breadcrumb":{"@id":"https:\/\/www.compassexams.ca\/fr\/ressources\/lexamen-de-pratique\/#breadcrumb"},"inLanguage":"fr-FR","potentialAction":[{"@type":"ReadAction","target":["https:\/\/www.compassexams.ca\/fr\/ressources\/lexamen-de-pratique\/"]}]},{"@type":"BreadcrumbList","@id":"https:\/\/www.compassexams.ca\/fr\/ressources\/lexamen-de-pratique\/#breadcrumb","itemListElement":[{"@type":"ListItem","position":1,"name":"Home","item":"https:\/\/www.compassexams.ca\/fr\/"},{"@type":"ListItem","position":2,"name":"Ressources","item":"https:\/\/www.compassexams.ca\/fr\/ressources\/"},{"@type":"ListItem","position":3,"name":"L\u2019examen de pratique"}]},{"@type":"WebSite","@id":"https:\/\/www.compassexams.ca\/#website","url":"https:\/\/www.compassexams.ca\/","name":"COMPASS Centre for Examination Development","description":"","potentialAction":[{"@type":"SearchAction","target":{"@type":"EntryPoint","urlTemplate":"https:\/\/www.compassexams.ca\/?s={search_term_string}"},"query-input":{"@type":"PropertyValueSpecification","valueRequired":true,"valueName":"search_term_string"}}],"inLanguage":"fr-FR"}]}},"_links":{"self":[{"href":"https:\/\/www.compassexams.ca\/fr\/wp-json\/wp\/v2\/pages\/414","targetHints":{"allow":["GET"]}}],"collection":[{"href":"https:\/\/www.compassexams.ca\/fr\/wp-json\/wp\/v2\/pages"}],"about":[{"href":"https:\/\/www.compassexams.ca\/fr\/wp-json\/wp\/v2\/types\/page"}],"author":[{"embeddable":true,"href":"https:\/\/www.compassexams.ca\/fr\/wp-json\/wp\/v2\/users\/1"}],"replies":[{"embeddable":true,"href":"https:\/\/www.compassexams.ca\/fr\/wp-json\/wp\/v2\/comments?post=414"}],"version-history":[{"count":9,"href":"https:\/\/www.compassexams.ca\/fr\/wp-json\/wp\/v2\/pages\/414\/revisions"}],"predecessor-version":[{"id":1089,"href":"https:\/\/www.compassexams.ca\/fr\/wp-json\/wp\/v2\/pages\/414\/revisions\/1089"}],"up":[{"embeddable":true,"href":"https:\/\/www.compassexams.ca\/fr\/wp-json\/wp\/v2\/pages\/1025"}],"wp:attachment":[{"href":"https:\/\/www.compassexams.ca\/fr\/wp-json\/wp\/v2\/media?parent=414"}],"curies":[{"name":"wp","href":"https:\/\/api.w.org\/{rel}","templated":true}]}}