{"id":410,"date":"2019-04-08T11:05:53","date_gmt":"2019-04-08T15:05:53","guid":{"rendered":"https:\/\/compass.machinedev.ca\/about-us\/"},"modified":"2019-07-14T17:25:21","modified_gmt":"2019-07-14T21:25:21","slug":"about-us","status":"publish","type":"page","link":"https:\/\/www.compassexams.ca\/fr\/about-us\/","title":{"rendered":"\u00c0 propos de nous"},"content":{"rendered":"\n<h2 class=\"wp-block-heading\">Notre nom<\/h2>\n\n\n\n<p>Le COMPASS Centre for Examination Development (COMPASS) est un organisme \u00e0 but non lucratif enregistr\u00e9 conform\u00e9ment \u00e0 la Loi f\u00e9d\u00e9rale sur les organisations \u00e0 but non lucratif. Il a \u00e9t\u00e9 d\u00fbment incorpor\u00e9 en novembre 2012.<\/p>\n\n\n\n<p>Son nom, COMPASS, est inspir\u00e9 des quatre premi\u00e8res lettres du mot COMP\u00e9tence et des trois premi\u00e8res lettres du mot anglais ASSessment (\u00e9valuation). Le Centre se consacre actuellement \u00e0 l\u2019\u00e9valuation en ligne de type simulation fond\u00e9e sur les comp\u00e9tences li\u00e9es \u00e0 la profession de counseling et de psychoth\u00e9rapie.<\/p>\n\n\n\n<h2 class=\"wp-block-heading\">Notre logo<\/h2>\n\n\n\n<p>Le logo de COMPASS repr\u00e9sente une rose des vents stylis\u00e9e dont la pointe Nord a la forme d\u2019une feuille d\u2019\u00e9rable. Il est con\u00e7u pour repr\u00e9senter visuellement l\u2019entreprise canadienne, qui d\u00e9sire indiquer la voie vers une \u00e9valuation \u00e9quitable, valide, fiable et authentique de la comp\u00e9tence.<\/p>\n\n\n\n<h2 class=\"wp-block-heading\">Notre structure<\/h2>\n\n\n\n<p>Notre structure de gouvernance est conforme \u00e0 la Loi f\u00e9d\u00e9rale sur les organisations \u00e0 but non lucratif, et sa bureaucratie est r\u00e9duite au minimum. Formant un conseil d\u2019administration de formulation des politiques, ses administrateurs sont des repr\u00e9sentants d\u00e9l\u00e9gu\u00e9s des r\u00e9gions du Canada, dont le mandat est de s\u2019assurer que les d\u00e9cisions refl\u00e8tent bien la diversit\u00e9 pancanadienne.<\/p>\n\n\n\n<div class=\"wp-block-image\"><figure class=\"aligncenter\"><img loading=\"lazy\" decoding=\"async\" width=\"992\" height=\"431\" src=\"https:\/\/www.compassexams.ca\/wp-content\/uploads\/2019\/04\/COMPASSgraphicFR.jpg\" alt=\"\" class=\"wp-image-411\" srcset=\"https:\/\/www.compassexams.ca\/wp-content\/uploads\/2019\/04\/COMPASSgraphicFR.jpg 992w, https:\/\/www.compassexams.ca\/wp-content\/uploads\/2019\/04\/COMPASSgraphicFR-300x130.jpg 300w, https:\/\/www.compassexams.ca\/wp-content\/uploads\/2019\/04\/COMPASSgraphicFR-768x334.jpg 768w\" sizes=\"auto, (max-width: 992px) 100vw, 992px\" \/><\/figure><\/div>\n\n\n\n<h2 class=\"wp-block-heading\"><em>R\u00f4le et fonction des administrateurs de COMPASS&nbsp;:<\/em><\/h2>\n\n\n\n<ul class=\"wp-block-list\"><li>D\u00e9cisions politiques concernant le d\u00e9veloppement durable du Centre<br><\/li><li>D\u00e9cisions politiques concernant la viabilit\u00e9 financi\u00e8re du Centre<br><\/li><li>Consultation et d\u00e9cisions concernant les entit\u00e9s externes qui sollicitent l\u2019acc\u00e8s \u00e0 des outils d\u2019\u00e9valuation<\/li><\/ul>\n\n\n\n<p><em>Remarque&nbsp;: Le Conseil d\u2019administration de COMPASS est un conseil de formulation de politiques. Son r\u00f4le et sa fonction ne comportent aucun pouvoir d\u00e9cisionnel en ce qui concerne le contenu de quelque outil d\u2019\u00e9valuation que ce soit, non plus que l\u2019acc\u00e8s \u00e0 quelque composant que ce soit d\u2019un tel outil. Le Conseil d\u2019administration n\u2019a pas acc\u00e8s aux \u00e9quipes d\u2019\u00e9laboration des tests.&nbsp;<\/em><\/p>\n","protected":false},"excerpt":{"rendered":"<p>Notre nom Le COMPASS Centre for Examination Development (COMPASS) est un organisme \u00e0 but non lucratif enregistr\u00e9 conform\u00e9ment \u00e0 la Loi f\u00e9d\u00e9rale sur les organisations \u00e0 but non lucratif. Il a \u00e9t\u00e9 d\u00fbment incorpor\u00e9 en novembre 2012. Son nom, COMPASS, est inspir\u00e9 des quatre premi\u00e8res lettres du mot COMP\u00e9tence et des trois premi\u00e8res lettres du [&hellip;]<\/p>\n","protected":false},"author":1,"featured_media":0,"parent":0,"menu_order":0,"comment_status":"closed","ping_status":"closed","template":"","meta":{"_acf_changed":false,"footnotes":""},"class_list":["post-410","page","type-page","status-publish","hentry"],"acf":[],"yoast_head":"<!-- This site is optimized with the Yoast SEO plugin v27.3 - https:\/\/yoast.com\/product\/yoast-seo-wordpress\/ -->\n<title>\u00c0 propos de nous - COMPASS Centre for Examination Development<\/title>\n<meta name=\"robots\" content=\"index, follow, max-snippet:-1, max-image-preview:large, max-video-preview:-1\" \/>\n<link rel=\"canonical\" href=\"https:\/\/www.compassexams.ca\/fr\/about-us\/\" \/>\n<meta property=\"og:locale\" content=\"fr_FR\" \/>\n<meta property=\"og:type\" content=\"article\" \/>\n<meta property=\"og:title\" content=\"\u00c0 propos de nous - COMPASS Centre for Examination Development\" \/>\n<meta property=\"og:description\" content=\"Notre nom Le COMPASS Centre for Examination Development (COMPASS) est un organisme \u00e0 but non lucratif enregistr\u00e9 conform\u00e9ment \u00e0 la Loi f\u00e9d\u00e9rale sur les organisations \u00e0 but non lucratif. Il a \u00e9t\u00e9 d\u00fbment incorpor\u00e9 en novembre 2012. Son nom, COMPASS, est inspir\u00e9 des quatre premi\u00e8res lettres du mot COMP\u00e9tence et des trois premi\u00e8res lettres du [&hellip;]\" \/>\n<meta property=\"og:url\" content=\"https:\/\/www.compassexams.ca\/fr\/about-us\/\" \/>\n<meta property=\"og:site_name\" content=\"COMPASS Centre for Examination Development\" \/>\n<meta property=\"article:modified_time\" content=\"2019-07-14T21:25:21+00:00\" \/>\n<meta property=\"og:image\" content=\"https:\/\/www.compassexams.ca\/wp-content\/uploads\/2019\/04\/COMPASSgraphicFR.jpg\" \/>\n<meta name=\"twitter:card\" content=\"summary_large_image\" \/>\n<meta name=\"twitter:label1\" content=\"Dur\u00e9e de lecture estim\u00e9e\" \/>\n\t<meta name=\"twitter:data1\" content=\"2 minutes\" \/>\n<script type=\"application\/ld+json\" class=\"yoast-schema-graph\">{\"@context\":\"https:\\\/\\\/schema.org\",\"@graph\":[{\"@type\":\"WebPage\",\"@id\":\"https:\\\/\\\/www.compassexams.ca\\\/fr\\\/about-us\\\/\",\"url\":\"https:\\\/\\\/www.compassexams.ca\\\/fr\\\/about-us\\\/\",\"name\":\"\u00c0 propos de nous - COMPASS Centre for Examination Development\",\"isPartOf\":{\"@id\":\"https:\\\/\\\/www.compassexams.ca\\\/#website\"},\"primaryImageOfPage\":{\"@id\":\"https:\\\/\\\/www.compassexams.ca\\\/fr\\\/about-us\\\/#primaryimage\"},\"image\":{\"@id\":\"https:\\\/\\\/www.compassexams.ca\\\/fr\\\/about-us\\\/#primaryimage\"},\"thumbnailUrl\":\"https:\\\/\\\/www.compassexams.ca\\\/wp-content\\\/uploads\\\/2019\\\/04\\\/COMPASSgraphicFR.jpg\",\"datePublished\":\"2019-04-08T15:05:53+00:00\",\"dateModified\":\"2019-07-14T21:25:21+00:00\",\"breadcrumb\":{\"@id\":\"https:\\\/\\\/www.compassexams.ca\\\/fr\\\/about-us\\\/#breadcrumb\"},\"inLanguage\":\"fr-FR\",\"potentialAction\":[{\"@type\":\"ReadAction\",\"target\":[\"https:\\\/\\\/www.compassexams.ca\\\/fr\\\/about-us\\\/\"]}]},{\"@type\":\"ImageObject\",\"inLanguage\":\"fr-FR\",\"@id\":\"https:\\\/\\\/www.compassexams.ca\\\/fr\\\/about-us\\\/#primaryimage\",\"url\":\"https:\\\/\\\/www.compassexams.ca\\\/wp-content\\\/uploads\\\/2019\\\/04\\\/COMPASSgraphicFR.jpg\",\"contentUrl\":\"https:\\\/\\\/www.compassexams.ca\\\/wp-content\\\/uploads\\\/2019\\\/04\\\/COMPASSgraphicFR.jpg\"},{\"@type\":\"BreadcrumbList\",\"@id\":\"https:\\\/\\\/www.compassexams.ca\\\/fr\\\/about-us\\\/#breadcrumb\",\"itemListElement\":[{\"@type\":\"ListItem\",\"position\":1,\"name\":\"Home\",\"item\":\"https:\\\/\\\/www.compassexams.ca\\\/fr\\\/\"},{\"@type\":\"ListItem\",\"position\":2,\"name\":\"\u00c0 propos de nous\"}]},{\"@type\":\"WebSite\",\"@id\":\"https:\\\/\\\/www.compassexams.ca\\\/#website\",\"url\":\"https:\\\/\\\/www.compassexams.ca\\\/\",\"name\":\"COMPASS Centre for Examination Development\",\"description\":\"\",\"potentialAction\":[{\"@type\":\"SearchAction\",\"target\":{\"@type\":\"EntryPoint\",\"urlTemplate\":\"https:\\\/\\\/www.compassexams.ca\\\/?s={search_term_string}\"},\"query-input\":{\"@type\":\"PropertyValueSpecification\",\"valueRequired\":true,\"valueName\":\"search_term_string\"}}],\"inLanguage\":\"fr-FR\"}]}<\/script>\n<!-- \/ Yoast SEO plugin. -->","yoast_head_json":{"title":"\u00c0 propos de nous - COMPASS Centre for Examination Development","robots":{"index":"index","follow":"follow","max-snippet":"max-snippet:-1","max-image-preview":"max-image-preview:large","max-video-preview":"max-video-preview:-1"},"canonical":"https:\/\/www.compassexams.ca\/fr\/about-us\/","og_locale":"fr_FR","og_type":"article","og_title":"\u00c0 propos de nous - COMPASS Centre for Examination Development","og_description":"Notre nom Le COMPASS Centre for Examination Development (COMPASS) est un organisme \u00e0 but non lucratif enregistr\u00e9 conform\u00e9ment \u00e0 la Loi f\u00e9d\u00e9rale sur les organisations \u00e0 but non lucratif. Il a \u00e9t\u00e9 d\u00fbment incorpor\u00e9 en novembre 2012. Son nom, COMPASS, est inspir\u00e9 des quatre premi\u00e8res lettres du mot COMP\u00e9tence et des trois premi\u00e8res lettres du [&hellip;]","og_url":"https:\/\/www.compassexams.ca\/fr\/about-us\/","og_site_name":"COMPASS Centre for Examination Development","article_modified_time":"2019-07-14T21:25:21+00:00","og_image":[{"url":"https:\/\/www.compassexams.ca\/wp-content\/uploads\/2019\/04\/COMPASSgraphicFR.jpg","type":"","width":"","height":""}],"twitter_card":"summary_large_image","twitter_misc":{"Dur\u00e9e de lecture estim\u00e9e":"2 minutes"},"schema":{"@context":"https:\/\/schema.org","@graph":[{"@type":"WebPage","@id":"https:\/\/www.compassexams.ca\/fr\/about-us\/","url":"https:\/\/www.compassexams.ca\/fr\/about-us\/","name":"\u00c0 propos de nous - COMPASS Centre for Examination Development","isPartOf":{"@id":"https:\/\/www.compassexams.ca\/#website"},"primaryImageOfPage":{"@id":"https:\/\/www.compassexams.ca\/fr\/about-us\/#primaryimage"},"image":{"@id":"https:\/\/www.compassexams.ca\/fr\/about-us\/#primaryimage"},"thumbnailUrl":"https:\/\/www.compassexams.ca\/wp-content\/uploads\/2019\/04\/COMPASSgraphicFR.jpg","datePublished":"2019-04-08T15:05:53+00:00","dateModified":"2019-07-14T21:25:21+00:00","breadcrumb":{"@id":"https:\/\/www.compassexams.ca\/fr\/about-us\/#breadcrumb"},"inLanguage":"fr-FR","potentialAction":[{"@type":"ReadAction","target":["https:\/\/www.compassexams.ca\/fr\/about-us\/"]}]},{"@type":"ImageObject","inLanguage":"fr-FR","@id":"https:\/\/www.compassexams.ca\/fr\/about-us\/#primaryimage","url":"https:\/\/www.compassexams.ca\/wp-content\/uploads\/2019\/04\/COMPASSgraphicFR.jpg","contentUrl":"https:\/\/www.compassexams.ca\/wp-content\/uploads\/2019\/04\/COMPASSgraphicFR.jpg"},{"@type":"BreadcrumbList","@id":"https:\/\/www.compassexams.ca\/fr\/about-us\/#breadcrumb","itemListElement":[{"@type":"ListItem","position":1,"name":"Home","item":"https:\/\/www.compassexams.ca\/fr\/"},{"@type":"ListItem","position":2,"name":"\u00c0 propos de nous"}]},{"@type":"WebSite","@id":"https:\/\/www.compassexams.ca\/#website","url":"https:\/\/www.compassexams.ca\/","name":"COMPASS Centre for Examination Development","description":"","potentialAction":[{"@type":"SearchAction","target":{"@type":"EntryPoint","urlTemplate":"https:\/\/www.compassexams.ca\/?s={search_term_string}"},"query-input":{"@type":"PropertyValueSpecification","valueRequired":true,"valueName":"search_term_string"}}],"inLanguage":"fr-FR"}]}},"_links":{"self":[{"href":"https:\/\/www.compassexams.ca\/fr\/wp-json\/wp\/v2\/pages\/410","targetHints":{"allow":["GET"]}}],"collection":[{"href":"https:\/\/www.compassexams.ca\/fr\/wp-json\/wp\/v2\/pages"}],"about":[{"href":"https:\/\/www.compassexams.ca\/fr\/wp-json\/wp\/v2\/types\/page"}],"author":[{"embeddable":true,"href":"https:\/\/www.compassexams.ca\/fr\/wp-json\/wp\/v2\/users\/1"}],"replies":[{"embeddable":true,"href":"https:\/\/www.compassexams.ca\/fr\/wp-json\/wp\/v2\/comments?post=410"}],"version-history":[{"count":2,"href":"https:\/\/www.compassexams.ca\/fr\/wp-json\/wp\/v2\/pages\/410\/revisions"}],"predecessor-version":[{"id":621,"href":"https:\/\/www.compassexams.ca\/fr\/wp-json\/wp\/v2\/pages\/410\/revisions\/621"}],"wp:attachment":[{"href":"https:\/\/www.compassexams.ca\/fr\/wp-json\/wp\/v2\/media?parent=410"}],"curies":[{"name":"wp","href":"https:\/\/api.w.org\/{rel}","templated":true}]}}