{"id":282,"date":"2019-04-08T10:43:04","date_gmt":"2019-04-08T14:43:04","guid":{"rendered":"https:\/\/compass.machinedev.ca\/sample-page\/"},"modified":"2025-11-20T11:20:27","modified_gmt":"2025-11-20T16:20:27","slug":"sample-page","status":"publish","type":"page","link":"https:\/\/www.compassexams.ca\/fr\/","title":{"rendered":"Home Page"},"content":{"rendered":"\n<section class=\"section section--gallery-slider alignwide\">\n  <div class=\"grid-container\">\n    <div class=\"grid-x grid-padding-x align-middle\">\n      <div class=\"cell medium-6\">\n                    <div class=\"slider-text\">\n                              <h2>COMPASS<\/h2>\n                                            <p>Vous aider \u00e0 aider les autres <br \/>\r\nd&rsquo;un oc\u00e9an<br \/>\r\naux autres<\/p>\n                          <\/div>\n            <ul class=\"swipe-slider\">\n                                    <li>\n                    \t<img decoding=\"async\" src=\"https:\/\/www.compassexams.ca\/wp-content\/uploads\/2019\/04\/slider4.jpg\" alt=\"\" \/>\n                    <\/li>\n                                    <li>\n                    \t<img decoding=\"async\" src=\"https:\/\/www.compassexams.ca\/wp-content\/uploads\/2019\/04\/slider3.jpg\" alt=\"\" \/>\n                    <\/li>\n                                    <li>\n                    \t<img decoding=\"async\" src=\"https:\/\/www.compassexams.ca\/wp-content\/uploads\/2019\/04\/slider2.jpg\" alt=\"\" \/>\n                    <\/li>\n                                    <li>\n                    \t<img decoding=\"async\" src=\"https:\/\/www.compassexams.ca\/wp-content\/uploads\/2019\/04\/slider1.jpg\" alt=\"\" \/>\n                    <\/li>\n                            <\/ul>\n                <img decoding=\"async\" src=\"https:\/\/www.compassexams.ca\/wp-content\/themes\/compass-exams\/img\/home-shadow.png\" class=\"home-shadow\">\n      <\/div>\n      <div class=\"cell medium-6\">\n        <h2>Bienvenue<\/h2>\n                  <p>Le COMPASS Centre de d\u00e9veloppement d&rsquo;examen a pour mandat de r\u00e9pondre aux besoins des psychoth\u00e9rapeutes et conseillers chevronn\u00e9s. Dans ce site, vous trouverez l\u2019information sur notre produit phare, l\u2019outil d\u2019\u00e9valuation appel\u00e9 la Norme professionnelle canadienne en counseling et en psychoth\u00e9rapie (NPCCP) : \u00c9valuation des comp\u00e9tences d&rsquo;admission \u00e0 la profession. Le site pr\u00e9sente aussi d\u2019autres renseignements con\u00e7us pour vous aider \u00e0 conna\u00eetre les diverses exigences impos\u00e9es pour l&rsquo;exercice de la profession de counseling\/psychoth\u00e9rapie au Canada, ainsi que les possibilit\u00e9s de formation continue.<\/p>\n                          <div class=\"button-with-shadow\">\n        \t   <a class=\"button\" href=\"http:\/\/www.compassexams.ca\/about-us\/\" target=\"_self\">En Apprendre Plus<\/a>\n            <div class=\"button-shadow\"><\/div>\n          <\/div>\n\n              <\/div>\n    <\/div>\n  <\/div>\n<\/section>\n\n\n\n<div style=\"height:50px\" aria-hidden=\"true\" class=\"wp-block-spacer\"><\/div>\n\n\n\n<section class=\"section section--callouts alignwide\">\n  <div class=\"grid-container\">\n            <div class=\"grid-x grid-padding-x align-center justify-space-between\">\n                      <div class=\"cell medium-4 text-center cell-callout\">\n                <img decoding=\"async\" src=\"https:\/\/www.compassexams.ca\/wp-content\/uploads\/2019\/04\/self-assessment.jpg\">\n                <div class=\"callout-content-wrapper\">\n                                  <h2>Ressources<\/h2>\n                                                                \t<a class=\"button-text\" href=\"https:\/\/www.compassexams.ca\/fr\/ressources\/\" target=\"_self\">En apprendre plus<\/a>\n                                <\/div>\n              <\/div>\n                            <div class=\"cell medium-4 text-center cell-callout\">\n                <img decoding=\"async\" src=\"https:\/\/www.compassexams.ca\/wp-content\/uploads\/2019\/04\/next-exam-sitting.jpg\">\n                <div class=\"callout-content-wrapper\">\n                                  <h2>Prochaine s\u00e9ance d&rsquo;\u00e9valuation<\/h2>\n                                                  <p>Les avril 28 &#8211; 30,  2025<\/p>\n                                                \t<a class=\"button-text\" href=\"https:\/\/www.compassexams.ca\/fr\/professional-assessment\/professional-assessment\/\" target=\"_self\">Voir Tous<\/a>\n                                <\/div>\n              <\/div>\n                            <div class=\"cell medium-4 text-center cell-callout\">\n                <img decoding=\"async\" src=\"https:\/\/www.compassexams.ca\/wp-content\/uploads\/2019\/04\/continuing-education.jpg\">\n                <div class=\"callout-content-wrapper\">\n                                  <h2>\u00c9ducation continue<\/h2>\n                                                  <p>D\u00e9courez les possibilit\u00e9s de formation professionnelle<\/p>\n                                                \t<a class=\"button-text\" href=\"https:\/\/www.compassexams.ca\/fr\/continuing-education\/\" target=\"_self\">En apprendre plus<\/a>\n                                <\/div>\n              <\/div>\n                        <\/div>\n            <\/div>\n<\/section>\n","protected":false},"excerpt":{"rendered":"","protected":false},"author":1,"featured_media":0,"parent":0,"menu_order":0,"comment_status":"closed","ping_status":"open","template":"template-home.php","meta":{"_acf_changed":false,"footnotes":""},"class_list":["post-282","page","type-page","status-publish","hentry"],"acf":[],"yoast_head":"<!-- This site is optimized with the Yoast SEO plugin v27.3 - https:\/\/yoast.com\/product\/yoast-seo-wordpress\/ -->\n<title>COMPASS Centre for Examination Development<\/title>\n<meta name=\"description\" content=\"The COMPASS Centre for Examination Development exists to serve the needs of trained psychotherapists and counsellors across Canada.\" \/>\n<meta name=\"robots\" content=\"index, follow, max-snippet:-1, max-image-preview:large, max-video-preview:-1\" \/>\n<link rel=\"canonical\" href=\"https:\/\/www.compassexams.ca\/fr\/\" \/>\n<meta property=\"og:locale\" content=\"fr_FR\" \/>\n<meta property=\"og:type\" content=\"article\" \/>\n<meta property=\"og:title\" content=\"COMPASS Centre for Examination Development\" \/>\n<meta property=\"og:description\" content=\"The COMPASS Centre for Examination Development exists to serve the needs of trained psychotherapists and counsellors across Canada.\" \/>\n<meta property=\"og:url\" content=\"https:\/\/www.compassexams.ca\/fr\/\" \/>\n<meta property=\"og:site_name\" content=\"COMPASS Centre for Examination Development\" \/>\n<meta property=\"article:modified_time\" content=\"2025-11-20T16:20:27+00:00\" \/>\n<meta name=\"twitter:card\" content=\"summary_large_image\" \/>\n<script type=\"application\/ld+json\" class=\"yoast-schema-graph\">{\"@context\":\"https:\\\/\\\/schema.org\",\"@graph\":[{\"@type\":\"WebPage\",\"@id\":\"https:\\\/\\\/www.compassexams.ca\\\/fr\\\/\",\"url\":\"https:\\\/\\\/www.compassexams.ca\\\/fr\\\/\",\"name\":\"COMPASS Centre for Examination Development\",\"isPartOf\":{\"@id\":\"https:\\\/\\\/www.compassexams.ca\\\/#website\"},\"datePublished\":\"2019-04-08T14:43:04+00:00\",\"dateModified\":\"2025-11-20T16:20:27+00:00\",\"description\":\"The COMPASS Centre for Examination Development exists to serve the needs of trained psychotherapists and counsellors across Canada.\",\"breadcrumb\":{\"@id\":\"https:\\\/\\\/www.compassexams.ca\\\/fr\\\/#breadcrumb\"},\"inLanguage\":\"fr-FR\",\"potentialAction\":[{\"@type\":\"ReadAction\",\"target\":[\"https:\\\/\\\/www.compassexams.ca\\\/fr\\\/\"]}]},{\"@type\":\"BreadcrumbList\",\"@id\":\"https:\\\/\\\/www.compassexams.ca\\\/fr\\\/#breadcrumb\",\"itemListElement\":[{\"@type\":\"ListItem\",\"position\":1,\"name\":\"Home\",\"item\":\"https:\\\/\\\/www.compassexams.ca\\\/fr\\\/\"},{\"@type\":\"ListItem\",\"position\":2,\"name\":\"Home Page\"}]},{\"@type\":\"WebSite\",\"@id\":\"https:\\\/\\\/www.compassexams.ca\\\/#website\",\"url\":\"https:\\\/\\\/www.compassexams.ca\\\/\",\"name\":\"COMPASS Centre for Examination Development\",\"description\":\"\",\"potentialAction\":[{\"@type\":\"SearchAction\",\"target\":{\"@type\":\"EntryPoint\",\"urlTemplate\":\"https:\\\/\\\/www.compassexams.ca\\\/?s={search_term_string}\"},\"query-input\":{\"@type\":\"PropertyValueSpecification\",\"valueRequired\":true,\"valueName\":\"search_term_string\"}}],\"inLanguage\":\"fr-FR\"}]}<\/script>\n<!-- \/ Yoast SEO plugin. -->","yoast_head_json":{"title":"COMPASS Centre for Examination Development","description":"The COMPASS Centre for Examination Development exists to serve the needs of trained psychotherapists and counsellors across Canada.","robots":{"index":"index","follow":"follow","max-snippet":"max-snippet:-1","max-image-preview":"max-image-preview:large","max-video-preview":"max-video-preview:-1"},"canonical":"https:\/\/www.compassexams.ca\/fr\/","og_locale":"fr_FR","og_type":"article","og_title":"COMPASS Centre for Examination Development","og_description":"The COMPASS Centre for Examination Development exists to serve the needs of trained psychotherapists and counsellors across Canada.","og_url":"https:\/\/www.compassexams.ca\/fr\/","og_site_name":"COMPASS Centre for Examination Development","article_modified_time":"2025-11-20T16:20:27+00:00","twitter_card":"summary_large_image","schema":{"@context":"https:\/\/schema.org","@graph":[{"@type":"WebPage","@id":"https:\/\/www.compassexams.ca\/fr\/","url":"https:\/\/www.compassexams.ca\/fr\/","name":"COMPASS Centre for Examination Development","isPartOf":{"@id":"https:\/\/www.compassexams.ca\/#website"},"datePublished":"2019-04-08T14:43:04+00:00","dateModified":"2025-11-20T16:20:27+00:00","description":"The COMPASS Centre for Examination Development exists to serve the needs of trained psychotherapists and counsellors across Canada.","breadcrumb":{"@id":"https:\/\/www.compassexams.ca\/fr\/#breadcrumb"},"inLanguage":"fr-FR","potentialAction":[{"@type":"ReadAction","target":["https:\/\/www.compassexams.ca\/fr\/"]}]},{"@type":"BreadcrumbList","@id":"https:\/\/www.compassexams.ca\/fr\/#breadcrumb","itemListElement":[{"@type":"ListItem","position":1,"name":"Home","item":"https:\/\/www.compassexams.ca\/fr\/"},{"@type":"ListItem","position":2,"name":"Home Page"}]},{"@type":"WebSite","@id":"https:\/\/www.compassexams.ca\/#website","url":"https:\/\/www.compassexams.ca\/","name":"COMPASS Centre for Examination Development","description":"","potentialAction":[{"@type":"SearchAction","target":{"@type":"EntryPoint","urlTemplate":"https:\/\/www.compassexams.ca\/?s={search_term_string}"},"query-input":{"@type":"PropertyValueSpecification","valueRequired":true,"valueName":"search_term_string"}}],"inLanguage":"fr-FR"}]}},"_links":{"self":[{"href":"https:\/\/www.compassexams.ca\/fr\/wp-json\/wp\/v2\/pages\/282","targetHints":{"allow":["GET"]}}],"collection":[{"href":"https:\/\/www.compassexams.ca\/fr\/wp-json\/wp\/v2\/pages"}],"about":[{"href":"https:\/\/www.compassexams.ca\/fr\/wp-json\/wp\/v2\/types\/page"}],"author":[{"embeddable":true,"href":"https:\/\/www.compassexams.ca\/fr\/wp-json\/wp\/v2\/users\/1"}],"replies":[{"embeddable":true,"href":"https:\/\/www.compassexams.ca\/fr\/wp-json\/wp\/v2\/comments?post=282"}],"version-history":[{"count":28,"href":"https:\/\/www.compassexams.ca\/fr\/wp-json\/wp\/v2\/pages\/282\/revisions"}],"predecessor-version":[{"id":1091,"href":"https:\/\/www.compassexams.ca\/fr\/wp-json\/wp\/v2\/pages\/282\/revisions\/1091"}],"wp:attachment":[{"href":"https:\/\/www.compassexams.ca\/fr\/wp-json\/wp\/v2\/media?parent=282"}],"curies":[{"name":"wp","href":"https:\/\/api.w.org\/{rel}","templated":true}]}}