{"id":1025,"date":"2025-02-13T10:47:02","date_gmt":"2025-02-13T15:47:02","guid":{"rendered":"https:\/\/www.compassexams.ca\/?page_id=1025"},"modified":"2025-03-14T08:51:15","modified_gmt":"2025-03-14T12:51:15","slug":"ressources","status":"publish","type":"page","link":"https:\/\/www.compassexams.ca\/fr\/ressources\/","title":{"rendered":"Ressources"},"content":{"rendered":"\n<p><strong>Pr\u00e9paration<\/strong><\/p>\n\n\n\n<p>L\u2019Examen d\u2019inscription des candidats admissibles est un test informatis\u00e9, de type simulation et fond\u00e9 sur les comp\u00e9tences. Il exige des candidats qu\u2019ils appliquent \u00e0 des situations de th\u00e9rapie leurs connaissances, leurs comp\u00e9tences et leurs talents fond\u00e9s sur la psychoth\u00e9rapie. Le Profil des comp\u00e9tences d\u2019admission \u00e0 la profession, s\u2019av\u00e9rera des plus utiles \u00e0 la d\u00e9marche pr\u00e9paratoire et on peut en obtenir gratuitement un exemplaire sur le site web de votre organisme de r\u00e9glementation. On trouve dans ce profil les domaines de comp\u00e9tence pour lesquels les candidats seront test\u00e9s.&nbsp;<\/p>\n\n\n\n<p>COMPASS fournit un \u00ab tutoriel de navigation \u00bb qui utilise la plateforme du test. Il comprend deux simulations sans rapport avec la psychoth\u00e9rapie. Il vise uniquement \u00e0 donner aux candidats l\u2019occasion de s\u2019exercer \u00e0 naviguer sur la plateforme du test et \u00e0 utiliser ses fonctions. Le tutoriel de navigation est mis \u00e0 la disposition de tous les candidats inscrits.&nbsp;&nbsp;<\/p>\n\n\n\n<p>COMPASS vous offre \u00e9galement un Manuel d\u2019\u00e9tudes de cas fond\u00e9 sur les comp\u00e9tences que vous pouvez t\u00e9l\u00e9charger gratuitement afin de soutenir les processus fond\u00e9 sur les comp\u00e9tences.&nbsp;<\/p>\n\n\n\n<p>COMPASS propose en outre \u00e0 tous les candidats inscrits un court examen de pratique facultatif (constitu\u00e9 de quatre simulations) auxquels ils peuvent r\u00e9pondre une seule fois, en ayant acc\u00e8s \u00e0 la m\u00eame plateforme et aux m\u00eames protocoles et services de surveillance qu\u2019\u00e0 l\u2019Examen d\u2019inscription (frais suppl\u00e9mentaires).<\/p>\n\n\n\n<p>Tous les mat\u00e9riels que le candidat d\u00e9sirerait utiliser pour se pr\u00e9parer \u00e0 l\u2019Examen sont \u00e0 sa discr\u00e9tion; dans la plupart des cas, les candidats utilisent comme aide-m\u00e9moire des manuels et autres ouvrages qui leur ont \u00e9t\u00e9 d\u00e9sign\u00e9s durant leur formation universitaire dans le domaine de la psychoth\u00e9rapie, car ces outils ont servi dans un premier temps pour enseigner les domaines de comp\u00e9tence li\u00e9s \u00e0 la profession.<\/p>\n\n\n\n<p><strong>COMPASS n\u2019appuie aucun auteur ni ouvrage en particulier relativement \u00e0 l\u2019Examen d\u2019inscription.<\/strong><\/p>\n","protected":false},"excerpt":{"rendered":"<p>Pr\u00e9paration L\u2019Examen d\u2019inscription des candidats admissibles est un test informatis\u00e9, de type simulation et fond\u00e9 sur les comp\u00e9tences. Il exige des candidats qu\u2019ils appliquent \u00e0 des situations de th\u00e9rapie leurs connaissances, leurs comp\u00e9tences et leurs talents fond\u00e9s sur la psychoth\u00e9rapie. Le Profil des comp\u00e9tences d\u2019admission \u00e0 la profession, s\u2019av\u00e9rera des plus utiles \u00e0 la d\u00e9marche [&hellip;]<\/p>\n","protected":false},"author":7,"featured_media":0,"parent":0,"menu_order":0,"comment_status":"closed","ping_status":"closed","template":"","meta":{"_acf_changed":false,"footnotes":""},"class_list":["post-1025","page","type-page","status-publish","hentry"],"acf":[],"yoast_head":"<!-- This site is optimized with the Yoast SEO plugin v27.4 - https:\/\/yoast.com\/product\/yoast-seo-wordpress\/ -->\n<title>Ressources - COMPASS Centre for Examination Development<\/title>\n<meta name=\"robots\" content=\"index, follow, max-snippet:-1, max-image-preview:large, max-video-preview:-1\" \/>\n<link rel=\"canonical\" href=\"https:\/\/www.compassexams.ca\/fr\/ressources\/\" \/>\n<meta property=\"og:locale\" content=\"fr_FR\" \/>\n<meta property=\"og:type\" content=\"article\" \/>\n<meta property=\"og:title\" content=\"Ressources - COMPASS Centre for Examination Development\" \/>\n<meta property=\"og:description\" content=\"Pr\u00e9paration L\u2019Examen d\u2019inscription des candidats admissibles est un test informatis\u00e9, de type simulation et fond\u00e9 sur les comp\u00e9tences. Il exige des candidats qu\u2019ils appliquent \u00e0 des situations de th\u00e9rapie leurs connaissances, leurs comp\u00e9tences et leurs talents fond\u00e9s sur la psychoth\u00e9rapie. Le Profil des comp\u00e9tences d\u2019admission \u00e0 la profession, s\u2019av\u00e9rera des plus utiles \u00e0 la d\u00e9marche [&hellip;]\" \/>\n<meta property=\"og:url\" content=\"https:\/\/www.compassexams.ca\/fr\/ressources\/\" \/>\n<meta property=\"og:site_name\" content=\"COMPASS Centre for Examination Development\" \/>\n<meta property=\"article:modified_time\" content=\"2025-03-14T12:51:15+00:00\" \/>\n<meta name=\"twitter:card\" content=\"summary_large_image\" \/>\n<meta name=\"twitter:label1\" content=\"Dur\u00e9e de lecture estim\u00e9e\" \/>\n\t<meta name=\"twitter:data1\" content=\"2 minutes\" \/>\n<script type=\"application\/ld+json\" class=\"yoast-schema-graph\">{\"@context\":\"https:\\\/\\\/schema.org\",\"@graph\":[{\"@type\":\"WebPage\",\"@id\":\"https:\\\/\\\/www.compassexams.ca\\\/fr\\\/ressources\\\/\",\"url\":\"https:\\\/\\\/www.compassexams.ca\\\/fr\\\/ressources\\\/\",\"name\":\"Ressources - COMPASS Centre for Examination Development\",\"isPartOf\":{\"@id\":\"https:\\\/\\\/www.compassexams.ca\\\/#website\"},\"datePublished\":\"2025-02-13T15:47:02+00:00\",\"dateModified\":\"2025-03-14T12:51:15+00:00\",\"breadcrumb\":{\"@id\":\"https:\\\/\\\/www.compassexams.ca\\\/fr\\\/ressources\\\/#breadcrumb\"},\"inLanguage\":\"fr-FR\",\"potentialAction\":[{\"@type\":\"ReadAction\",\"target\":[\"https:\\\/\\\/www.compassexams.ca\\\/fr\\\/ressources\\\/\"]}]},{\"@type\":\"BreadcrumbList\",\"@id\":\"https:\\\/\\\/www.compassexams.ca\\\/fr\\\/ressources\\\/#breadcrumb\",\"itemListElement\":[{\"@type\":\"ListItem\",\"position\":1,\"name\":\"Home\",\"item\":\"https:\\\/\\\/www.compassexams.ca\\\/fr\\\/\"},{\"@type\":\"ListItem\",\"position\":2,\"name\":\"Ressources\"}]},{\"@type\":\"WebSite\",\"@id\":\"https:\\\/\\\/www.compassexams.ca\\\/#website\",\"url\":\"https:\\\/\\\/www.compassexams.ca\\\/\",\"name\":\"COMPASS Centre for Examination Development\",\"description\":\"\",\"potentialAction\":[{\"@type\":\"SearchAction\",\"target\":{\"@type\":\"EntryPoint\",\"urlTemplate\":\"https:\\\/\\\/www.compassexams.ca\\\/?s={search_term_string}\"},\"query-input\":{\"@type\":\"PropertyValueSpecification\",\"valueRequired\":true,\"valueName\":\"search_term_string\"}}],\"inLanguage\":\"fr-FR\"}]}<\/script>\n<!-- \/ Yoast SEO plugin. -->","yoast_head_json":{"title":"Ressources - COMPASS Centre for Examination Development","robots":{"index":"index","follow":"follow","max-snippet":"max-snippet:-1","max-image-preview":"max-image-preview:large","max-video-preview":"max-video-preview:-1"},"canonical":"https:\/\/www.compassexams.ca\/fr\/ressources\/","og_locale":"fr_FR","og_type":"article","og_title":"Ressources - COMPASS Centre for Examination Development","og_description":"Pr\u00e9paration L\u2019Examen d\u2019inscription des candidats admissibles est un test informatis\u00e9, de type simulation et fond\u00e9 sur les comp\u00e9tences. Il exige des candidats qu\u2019ils appliquent \u00e0 des situations de th\u00e9rapie leurs connaissances, leurs comp\u00e9tences et leurs talents fond\u00e9s sur la psychoth\u00e9rapie. Le Profil des comp\u00e9tences d\u2019admission \u00e0 la profession, s\u2019av\u00e9rera des plus utiles \u00e0 la d\u00e9marche [&hellip;]","og_url":"https:\/\/www.compassexams.ca\/fr\/ressources\/","og_site_name":"COMPASS Centre for Examination Development","article_modified_time":"2025-03-14T12:51:15+00:00","twitter_card":"summary_large_image","twitter_misc":{"Dur\u00e9e de lecture estim\u00e9e":"2 minutes"},"schema":{"@context":"https:\/\/schema.org","@graph":[{"@type":"WebPage","@id":"https:\/\/www.compassexams.ca\/fr\/ressources\/","url":"https:\/\/www.compassexams.ca\/fr\/ressources\/","name":"Ressources - COMPASS Centre for Examination Development","isPartOf":{"@id":"https:\/\/www.compassexams.ca\/#website"},"datePublished":"2025-02-13T15:47:02+00:00","dateModified":"2025-03-14T12:51:15+00:00","breadcrumb":{"@id":"https:\/\/www.compassexams.ca\/fr\/ressources\/#breadcrumb"},"inLanguage":"fr-FR","potentialAction":[{"@type":"ReadAction","target":["https:\/\/www.compassexams.ca\/fr\/ressources\/"]}]},{"@type":"BreadcrumbList","@id":"https:\/\/www.compassexams.ca\/fr\/ressources\/#breadcrumb","itemListElement":[{"@type":"ListItem","position":1,"name":"Home","item":"https:\/\/www.compassexams.ca\/fr\/"},{"@type":"ListItem","position":2,"name":"Ressources"}]},{"@type":"WebSite","@id":"https:\/\/www.compassexams.ca\/#website","url":"https:\/\/www.compassexams.ca\/","name":"COMPASS Centre for Examination Development","description":"","potentialAction":[{"@type":"SearchAction","target":{"@type":"EntryPoint","urlTemplate":"https:\/\/www.compassexams.ca\/?s={search_term_string}"},"query-input":{"@type":"PropertyValueSpecification","valueRequired":true,"valueName":"search_term_string"}}],"inLanguage":"fr-FR"}]}},"_links":{"self":[{"href":"https:\/\/www.compassexams.ca\/fr\/wp-json\/wp\/v2\/pages\/1025","targetHints":{"allow":["GET"]}}],"collection":[{"href":"https:\/\/www.compassexams.ca\/fr\/wp-json\/wp\/v2\/pages"}],"about":[{"href":"https:\/\/www.compassexams.ca\/fr\/wp-json\/wp\/v2\/types\/page"}],"author":[{"embeddable":true,"href":"https:\/\/www.compassexams.ca\/fr\/wp-json\/wp\/v2\/users\/7"}],"replies":[{"embeddable":true,"href":"https:\/\/www.compassexams.ca\/fr\/wp-json\/wp\/v2\/comments?post=1025"}],"version-history":[{"count":3,"href":"https:\/\/www.compassexams.ca\/fr\/wp-json\/wp\/v2\/pages\/1025\/revisions"}],"predecessor-version":[{"id":1057,"href":"https:\/\/www.compassexams.ca\/fr\/wp-json\/wp\/v2\/pages\/1025\/revisions\/1057"}],"wp:attachment":[{"href":"https:\/\/www.compassexams.ca\/fr\/wp-json\/wp\/v2\/media?parent=1025"}],"curies":[{"name":"wp","href":"https:\/\/api.w.org\/{rel}","templated":true}]}}